{"id":1467,"date":"2020-12-20T11:32:24","date_gmt":"2020-12-20T10:32:24","guid":{"rendered":"https:\/\/lookingforglobaljustice.com\/?page_id=1467"},"modified":"2021-02-19T17:50:12","modified_gmt":"2021-02-19T16:50:12","slug":"freiwillig-arbeiten","status":"publish","type":"page","link":"https:\/\/lookingforglobaljustice.com\/de\/unterstuetzen-sie-uns\/freiwillig-arbeiten\/","title":{"rendered":"Freiwillig arbeiten"},"content":{"rendered":"[vc_row][vc_column width=&#8221;1\/2&#8243;][vc_column_text]Werden Sie Mitglied einer starken Gemeinschaft<\/p>\n<p>Setzen Sie sich f\u00fcr Mensch und Natur ein!<\/p>\n<p>Die LOOKING FOR GLOBAL JUSTICE setzt sich f\u00fcr den praktischen Naturschutz vor Ort ein, um die Vielfalt unserer einheimischen Flora und Fauna zu bewahren. Das Streben nach globaler Gerechtigkeit k\u00fcmmert sich heute um viele Schutzgebiete auf der ganzen Welt. Ihr Schutz ist notwendig, damit wir auch in Zukunft die Vielfalt und Sch\u00f6nheit der Natur vor unserer Haust\u00fcr genie\u00dfen k\u00f6nnen.<\/p>\n<p>LOOKING FOR GLOBAL JUSTICE f\u00fcr Umwelt und Naturschutz setzt sich weltweit f\u00fcr den Schutz unserer Natur und der Umwelt ein \u2013 damit die Erde f\u00fcr alle, die darauf leben, bewohnbar bleibt.<\/p>\n<p>Die LOOKING FOR GLOBAL JUSTICE bef\u00fcrwortet beispielsweise \u00f6kologische Landwirtschaft und gesunde Ern\u00e4hrung, Klimaschutz und den umweltfreundlichen Ausbau erneuerbarer Energien sowie den Schutz gef\u00e4hrdeter Arten, W\u00e4lder und Gew\u00e4sser.<\/p>\n<p>Um dies zu erreichen, arbeiten wir lokal, national und international in einem Netzwerk. St\u00e4rken Sie mit uns den Umwelt- und Naturschutz![\/vc_column_text][\/vc_column][vc_column width=&#8221;1\/2&#8243;][vc_images_carousel images=&#8221;2059,2057,2051&#8243; img_size=&#8221;large&#8221; autoplay=&#8221;yes&#8221; wrap=&#8221;yes&#8221;][\/vc_column][\/vc_row][vc_row][vc_column][vc_column_text]\r\n<div class=\"um um-register um-3158\">\r\n\r\n\t<div class=\"um-form\" data-mode=\"register\">\r\n\r\n\t\t<form method=\"post\" action=\"\">\r\n\r\n\t\t\t<div class=\"um-row _um_row_1 \" style=\"margin: 0 0 30px 0;\"><div class=\"um-col-1\"><div  id=\"um_field_3158_gender\" class=\"um-field um-field-radio  um-field-gender um-field-radio um-field-type_radio\" data-key=\"gender\"><div class=\"um-field-label\"><label for=\"gender-3158\">Geschlecht<span class=\"um-req\" title=\"Erforderlich\">*<\/span><\/label><div class=\"um-clear\"><\/div><\/div><div class=\"um-field-area\"><label class=\"um-field-radio  um-field-half \"><input   type=\"radio\" name=\"gender[]\" value=\"Male\"  \/><span class=\"um-field-radio-state\"><i class=\"um-icon-android-radio-button-off\"><\/i><\/span><span class=\"um-field-radio-option\">M\u00e4nnlich<\/span><\/label><label class=\"um-field-radio  um-field-half right\"><input   type=\"radio\" name=\"gender[]\" value=\"Female\"  \/><span class=\"um-field-radio-state\"><i class=\"um-icon-android-radio-button-off\"><\/i><\/span><span class=\"um-field-radio-option\">Weiblich<\/span><\/label><div class=\"um-clear\"><\/div><label class=\"um-field-radio  um-field-half \"><input   type=\"radio\" name=\"gender[]\" value=\"Unspecified\"  \/><span class=\"um-field-radio-state\"><i class=\"um-icon-android-radio-button-off\"><\/i><\/span><span class=\"um-field-radio-option\">S\u00e4chlich<\/span><\/label><div class=\"um-clear\"><\/div><\/div><\/div><\/div><div class=\"um-col-121\"><div  id=\"um_field_3158_first_name\" class=\"um-field um-field-text  um-field-first_name um-field-text um-field-type_text\" data-key=\"first_name\"><div class=\"um-field-label\"><label for=\"first_name-3158\">Vorname<span class=\"um-req\" title=\"Erforderlich\">*<\/span><\/label><div class=\"um-clear\"><\/div><\/div><div class=\"um-field-area\"><input  autocomplete=\"off\" class=\"um-form-field valid \" type=\"text\" name=\"first_name-3158\" id=\"first_name-3158\" value=\"\" placeholder=\"\" data-validate=\"\" data-key=\"first_name\" \/>\r\n\r\n\t\t\t\t\t\t<\/div><\/div><div  id=\"um_field_3158_last_name\" class=\"um-field um-field-text  um-field-last_name um-field-text um-field-type_text\" data-key=\"last_name\"><div class=\"um-field-label\"><label for=\"last_name-3158\">Nachname<span class=\"um-req\" title=\"Erforderlich\">*<\/span><\/label><div class=\"um-clear\"><\/div><\/div><div class=\"um-field-area\"><input  autocomplete=\"off\" class=\"um-form-field valid \" type=\"text\" name=\"last_name-3158\" id=\"last_name-3158\" value=\"\" placeholder=\"\" data-validate=\"\" data-key=\"last_name\" \/>\r\n\r\n\t\t\t\t\t\t<\/div><\/div><div  id=\"um_field_3158_birth_date\" class=\"um-field um-field-date  um-field-birth_date um-field-date um-field-type_date\" data-key=\"birth_date\"><div class=\"um-field-label\"><div class=\"um-field-label-icon\"><i class=\"um-faicon-calendar\" aria-label=\"Geburtsdatum\"><\/i><\/div><label for=\"birth_date-3158\">Geburtsdatum<span class=\"um-req\" title=\"Erforderlich\">*<\/span><\/label><div class=\"um-clear\"><\/div><\/div><div class=\"um-field-area\"><input    class=\"um-form-field valid um-datepicker \" type=\"text\" name=\"birth_date-3158\" id=\"birth_date-3158\" value=\"\" placeholder=\"\" data-validate=\"\" data-key=\"birth_date\" data-range=\"years\" data-years=\"115\" data-years_x=\"past\" data-disabled_weekdays=\"\" data-date_min=\"1911,4,07\" data-date_max=\"2026,4,07\" data-format=\"d mmmm yyyy\" data-value=\"\" \/>\r\n\r\n\t\t\t\t\t\t<\/div><\/div><div  id=\"um_field_3158_user_email\" class=\"um-field um-field-text  um-field-user_email um-field-text um-field-type_text\" data-key=\"user_email\"><div class=\"um-field-label\"><div class=\"um-field-label-icon\"><i class=\"um-faicon-envelope\" aria-label=\"E-Mail Adresse\"><\/i><\/div><label for=\"user_email-3158\">E-Mail Adresse<span class=\"um-req\" title=\"Erforderlich\">*<\/span><\/label><div class=\"um-clear\"><\/div><\/div><div class=\"um-field-area\"><input  autocomplete=\"off\" class=\"um-form-field valid \" type=\"text\" name=\"user_email-3158\" id=\"user_email-3158\" value=\"\" placeholder=\"\" data-validate=\"unique_email\" data-key=\"user_email\" \/>\r\n\r\n\t\t\t\t\t\t<\/div><\/div><div  id=\"um_field_3158_user_login\" class=\"um-field um-field-text  um-field-user_login um-field-text um-field-type_text\" data-key=\"user_login\"><div class=\"um-field-label\"><div class=\"um-field-label-icon\"><i class=\"um-icon-ios-person\" aria-label=\"Benutzername\"><\/i><\/div><label for=\"user_login-3158\">Benutzername<span class=\"um-req\" title=\"Erforderlich\">*<\/span><\/label><div class=\"um-clear\"><\/div><\/div><div class=\"um-field-area\"><input  autocomplete=\"off\" class=\"um-form-field valid \" type=\"text\" name=\"user_login-3158\" id=\"user_login-3158\" value=\"\" placeholder=\"\" data-validate=\"unique_username\" data-key=\"user_login\" \/>\r\n\r\n\t\t\t\t\t\t<\/div><\/div><div  id=\"um_field_3158_user_password\" class=\"um-field um-field-password  um-field-user_password um-field-password um-field-type_password\" data-key=\"user_password\"><div class=\"um-field-label\"><div class=\"um-field-label-icon\"><i class=\"um-faicon-lock\" aria-label=\"Passwort\"><\/i><\/div><label for=\"user_password-3158\">Passwort<span class=\"um-req\" title=\"Erforderlich\">*<\/span><\/label><div class=\"um-clear\"><\/div><\/div><div class=\"um-field-area\"><input class=\"um-form-field valid \" type=\"password\" name=\"user_password-3158\" id=\"user_password-3158\" value=\"\" placeholder=\"\" data-validate=\"\" data-key=\"user_password\" \/>\r\n\r\n\t\t\t\t\t\t<\/div><\/div><div  id=\"um_field_3158_confirm_user_password\" class=\"um-field um-field-password  um-field-user_password um-field-password um-field-type_password\" data-key=\"confirm_user_password\"><div class=\"um-field-label\"><div class=\"um-field-label-icon\"><i class=\"um-faicon-lock\" aria-label=\"Passwort best\u00e4tigen\"><\/i><\/div><label for=\"confirm_user_password-3158\">Passwort best\u00e4tigen<span class=\"um-req\" title=\"Erforderlich\">*<\/span><\/label><div class=\"um-clear\"><\/div><\/div><div class=\"um-field-area\"><input class=\"um-form-field valid \" type=\"password\" name=\"confirm_user_password-3158\" id=\"confirm_user_password-3158\" value=\"\" placeholder=\"Passwort best\u00e4tigen\" data-validate=\"\" data-key=\"confirm_user_password\" \/>\r\n\r\n\t\t\t\t\t\t\t\t<\/div><\/div><\/div><div class=\"um-col-122\"><div  id=\"um_field_3158_billing_address_1\" class=\"um-field um-field-text  um-field-billing_address_1 um-field-text um-field-type_text\" data-key=\"billing_address_1\"><div class=\"um-field-label\"><div class=\"um-field-label-icon\"><i class=\"um-faicon-map-marker\" aria-label=\"Strasse und Hausnummer\"><\/i><\/div><label for=\"billing_address_1-3158\">Strasse und Hausnummer<span class=\"um-req\" title=\"Erforderlich\">*<\/span><\/label><div class=\"um-clear\"><\/div><\/div><div class=\"um-field-area\"><input  autocomplete=\"off\" class=\"um-form-field valid \" type=\"text\" name=\"billing_address_1-3158\" id=\"billing_address_1-3158\" value=\"\" placeholder=\"\" data-validate=\"\" data-key=\"billing_address_1\" \/>\r\n\r\n\t\t\t\t\t\t<\/div><\/div><div  id=\"um_field_3158_billing_postcode\" class=\"um-field um-field-text  um-field-billing_postcode um-field-text um-field-type_text\" data-key=\"billing_postcode\"><div class=\"um-field-label\"><div class=\"um-field-label-icon\"><i class=\"um-faicon-map-marker\" aria-label=\"PLZ\"><\/i><\/div><label for=\"billing_postcode-3158\">PLZ<span class=\"um-req\" title=\"Erforderlich\">*<\/span><\/label><div class=\"um-clear\"><\/div><\/div><div class=\"um-field-area\"><input  autocomplete=\"off\" class=\"um-form-field valid \" type=\"text\" name=\"billing_postcode-3158\" id=\"billing_postcode-3158\" value=\"\" placeholder=\"\" data-validate=\"\" data-key=\"billing_postcode\" \/>\r\n\r\n\t\t\t\t\t\t<\/div><\/div><div  id=\"um_field_3158_billing_city\" class=\"um-field um-field-text  um-field-billing_city um-field-text um-field-type_text\" data-key=\"billing_city\"><div class=\"um-field-label\"><div class=\"um-field-label-icon\"><i class=\"um-faicon-map-marker\" aria-label=\"Ort\"><\/i><\/div><label for=\"billing_city-3158\">Ort<span class=\"um-req\" title=\"Erforderlich\">*<\/span><\/label><div class=\"um-clear\"><\/div><\/div><div class=\"um-field-area\"><input  autocomplete=\"off\" class=\"um-form-field valid \" type=\"text\" name=\"billing_city-3158\" id=\"billing_city-3158\" value=\"\" placeholder=\"\" data-validate=\"\" data-key=\"billing_city\" \/>\r\n\r\n\t\t\t\t\t\t<\/div><\/div><div  id=\"um_field_3158_billing_country\" class=\"um-field um-field-select  um-field-billing_country um-field-select um-field-type_select\" data-key=\"billing_country\"><div class=\"um-field-label\"><div class=\"um-field-label-icon\"><i class=\"um-faicon-map-marker\" aria-label=\"Land\"><\/i><\/div><label for=\"billing_country-3158\">Land<span class=\"um-req\" title=\"Erforderlich\">*<\/span><\/label><div class=\"um-clear\"><\/div><\/div><div class=\"um-field-area  \"><select data-default=\"\"     name=\"billing_country\" id=\"billing_country\" data-validate=\"\" data-key=\"billing_country\" class=\"um-form-field valid um-s1 \" style=\"width: 100%\" data-placeholder=\"\" ><option value=\"\"><\/option><option value=\"AF\" >Afghanistan<\/option><option value=\"AX\" >\u00c5land<\/option><option value=\"AL\" >Albanien<\/option><option value=\"DZ\" >Algerien<\/option><option value=\"AS\" >Amerikanisch-Samoa<\/option><option value=\"AD\" >Andorra<\/option><option value=\"AO\" >Angola<\/option><option value=\"AI\" >Anguilla<\/option><option value=\"AQ\" >Antarktika<\/option><option value=\"AG\" >Antigua und Barbuda<\/option><option value=\"AR\" >Argentinien<\/option><option value=\"AM\" >Armenien<\/option><option value=\"AW\" >Aruba<\/option><option value=\"AU\" >Australien<\/option><option value=\"AT\" >\u00d6sterreich<\/option><option value=\"AZ\" >Aserbaidschan<\/option><option value=\"BS\" >Bahamas<\/option><option value=\"BH\" >Bahrain<\/option><option value=\"BD\" >Bangladesch<\/option><option value=\"BB\" >Barbados<\/option><option value=\"BY\" >Wei\u00dfrussland<\/option><option value=\"BE\" >Belgien<\/option><option value=\"BZ\" >Belize<\/option><option value=\"BJ\" >Benin<\/option><option value=\"BM\" >Bermuda<\/option><option value=\"BT\" >Bhutan<\/option><option value=\"BO\" >Bolivien<\/option><option value=\"BA\" >Bosnien und Herzegowina<\/option><option value=\"BW\" >Botswana<\/option><option value=\"BV\" >Bouvetinsel<\/option><option value=\"BR\" >Brasilien<\/option><option value=\"IO\" >Britisches Territorium im Indischen Ozean<\/option><option value=\"BN\" >Brunei<\/option><option value=\"BG\" >Bulgarien<\/option><option value=\"BF\" >Burkina Faso<\/option><option value=\"BI\" >Burundi<\/option><option value=\"KH\" >Kambodscha<\/option><option value=\"CM\" >Kamerun<\/option><option value=\"CA\" >Kanada<\/option><option value=\"CV\" >Kap Verde<\/option><option value=\"KY\" >Caymaninseln<\/option><option value=\"CF\" >Zentralafrikanische Republik<\/option><option value=\"TD\" >Tschad<\/option><option value=\"CL\" >Chile<\/option><option value=\"CN\" >China<\/option><option value=\"CX\" >Weihnachtsinsel<\/option><option value=\"CC\" >Kokosinseln<\/option><option value=\"CO\" >Kolumbien<\/option><option value=\"KM\" >Komoren<\/option><option value=\"CG\" >Kongo<\/option><option value=\"CD\" >Kongo<\/option><option value=\"CK\" >Cookinseln<\/option><option value=\"CR\" >Costa Rica<\/option><option value=\"CI\" >Elfenbeink\u00fcste<\/option><option value=\"HR\" >Kroatien<\/option><option value=\"CU\" >Kuba<\/option><option value=\"CY\" >Zypern<\/option><option value=\"CZ\" >Tschechien<\/option><option value=\"DK\" >D\u00e4nemark<\/option><option value=\"DJ\" >Dschibuti<\/option><option value=\"DM\" >Dominica<\/option><option value=\"DO\" >Dominikanische Republik<\/option><option value=\"EC\" >Ecuador<\/option><option value=\"EG\" >\u00c4gypten<\/option><option value=\"SV\" >El Salvador<\/option><option value=\"GQ\" >\u00c4quatorialguinea<\/option><option value=\"ER\" >Eritrea<\/option><option value=\"EE\" >Estland<\/option><option value=\"ET\" >\u00c4thiopien<\/option><option value=\"FK\" >Falklandinseln<\/option><option value=\"FO\" >F\u00e4r\u00f6er<\/option><option value=\"FJ\" >Fidschi<\/option><option value=\"FI\" >Finnland<\/option><option value=\"FR\" >Frankreich<\/option><option value=\"GF\" >Franz\u00f6sisch-Guayana<\/option><option value=\"PF\" >Franz\u00f6sisch-Polynesien<\/option><option value=\"TF\" >Franz\u00f6sische S\u00fcd- und Antarktisgebiete<\/option><option value=\"GA\" >Gabun<\/option><option value=\"GM\" >Gambia<\/option><option value=\"GE\" >Georgien<\/option><option value=\"DE\" >Deutschland<\/option><option value=\"GH\" >Ghana<\/option><option value=\"GI\" >Gibraltar<\/option><option value=\"GR\" >Griechenland<\/option><option value=\"GL\" >Gr\u00f6nland<\/option><option value=\"GD\" >Grenada<\/option><option value=\"GP\" >Guadeloupe<\/option><option value=\"GU\" >Guam<\/option><option value=\"GT\" >Guatemala<\/option><option value=\"GG\" >Guernsey<\/option><option value=\"GN\" >Guinea<\/option><option value=\"GW\" >Guinea-Bissau<\/option><option value=\"GY\" >Guyana<\/option><option value=\"HT\" >Haiti<\/option><option value=\"HM\" >Heard und McDonaldinseln<\/option><option value=\"VA\" >Vatikanstadt<\/option><option value=\"HN\" >Honduras<\/option><option value=\"HK\" >Hongkong<\/option><option value=\"HU\" >Ungarn<\/option><option value=\"IS\" >Island<\/option><option value=\"IN\" >Indien<\/option><option value=\"ID\" >Indonesien<\/option><option value=\"IR\" >Iran<\/option><option value=\"IQ\" >Irak<\/option><option value=\"IE\" >Irland<\/option><option value=\"IM\" >Isle of Man<\/option><option value=\"IL\" >Israel<\/option><option value=\"IT\" >Italien<\/option><option value=\"JM\" >Jamaika<\/option><option value=\"JP\" >Japan<\/option><option value=\"JE\" >Jersey<\/option><option value=\"JO\" >Jordanien<\/option><option value=\"KZ\" >Kasachstan<\/option><option value=\"KE\" >Kenia<\/option><option value=\"KI\" >Kiribati<\/option><option value=\"KP\" >Nordkorea<\/option><option value=\"KR\" >S\u00fcdkorea<\/option><option value=\"KW\" >Kuwait<\/option><option value=\"KG\" >Kirgisistan<\/option><option value=\"LA\" >Laos<\/option><option value=\"LV\" >Lettland<\/option><option value=\"LB\" >Libanon<\/option><option value=\"LS\" >Lesotho<\/option><option value=\"LR\" >Liberia<\/option><option value=\"LY\" >Libyen<\/option><option value=\"LI\" >Liechtenstein<\/option><option value=\"LT\" >Litauen<\/option><option value=\"LU\" >Luxemburg<\/option><option value=\"MO\" >Macau<\/option><option value=\"MK\" >Mazedonien<\/option><option value=\"MG\" >Madagaskar<\/option><option value=\"MW\" >Malawi<\/option><option value=\"MY\" >Malaysia<\/option><option value=\"MV\" >Malediven<\/option><option value=\"ML\" >Mali<\/option><option value=\"MT\" >Malta<\/option><option value=\"MH\" >Marshallinseln<\/option><option value=\"MQ\" >Martinique<\/option><option value=\"MR\" >Mauretanien<\/option><option value=\"MU\" >Mauritius<\/option><option value=\"YT\" >Mayotte<\/option><option value=\"MX\" >Mexiko<\/option><option value=\"FM\" >Mikronesien<\/option><option value=\"MD\" >Moldawien<\/option><option value=\"MC\" >Monaco<\/option><option value=\"MN\" >Mongolei<\/option><option value=\"ME\" >Montenegro<\/option><option value=\"MS\" >Montserrat<\/option><option value=\"MA\" >Marokko<\/option><option value=\"MZ\" >Mosambik<\/option><option value=\"MM\" >Myanmar<\/option><option value=\"NA\" >Namibia<\/option><option value=\"NR\" >Nauru<\/option><option value=\"NP\" >Nepal<\/option><option value=\"NL\" >Niederlande<\/option><option value=\"AN\" >Niederl\u00e4ndische Antillen<\/option><option value=\"NC\" >Neukaledonien<\/option><option value=\"NZ\" >Neuseeland<\/option><option value=\"NI\" >Nicaragua<\/option><option value=\"NE\" >Niger<\/option><option value=\"NG\" >Nigeria<\/option><option value=\"NU\" >Niue<\/option><option value=\"NF\" >Norfolkinsel<\/option><option value=\"MP\" >N\u00f6rdliche Marianen<\/option><option value=\"NO\" >Norwegen<\/option><option value=\"OM\" >Oman<\/option><option value=\"PK\" >Pakistan<\/option><option value=\"PW\" >Palau<\/option><option value=\"PS\" >Pal\u00e4stina<\/option><option value=\"PA\" >Panama<\/option><option value=\"PG\" >Papua-Neuguinea<\/option><option value=\"PY\" >Paraguay<\/option><option value=\"PE\" >Peru<\/option><option value=\"PH\" >Philippinen<\/option><option value=\"PN\" >Pitcairninseln<\/option><option value=\"PL\" >Polen<\/option><option value=\"PT\" >Portugal<\/option><option value=\"PR\" >Puerto Rico<\/option><option value=\"QA\" >Katar<\/option><option value=\"RE\" >R\u00e9union<\/option><option value=\"RO\" >Rum\u00e4nien<\/option><option value=\"RU\" >Russland<\/option><option value=\"RW\" >Ruanda<\/option><option value=\"BL\" >Saint-Barth\u00e9lemy<\/option><option value=\"SH\" >St. Helena<\/option><option value=\"KN\" >St. Kitts und Nevis<\/option><option value=\"LC\" >St. Lucia<\/option><option value=\"MF\" >St. Martin (franz\u00f6sischer Teil)<\/option><option value=\"PM\" >Saint-Pierre und Miquelon<\/option><option value=\"VC\" >St. Vincent und die Grenadinen<\/option><option value=\"WS\" >Samoa<\/option><option value=\"SM\" >San Marino<\/option><option value=\"ST\" >S\u00e3o Tom\u00e9 und Pr\u00edncipe<\/option><option value=\"SA\" >Saudi-Arabien<\/option><option value=\"SN\" >Senegal<\/option><option value=\"RS\" >Serbien<\/option><option value=\"SC\" >Seychellen<\/option><option value=\"SL\" >Sierra Leone<\/option><option value=\"SG\" >Singapur<\/option><option value=\"SK\" >Slowakei<\/option><option value=\"SI\" >Slowenien<\/option><option value=\"SB\" >Salomonen<\/option><option value=\"SO\" >Somalia<\/option><option value=\"ZA\" >S\u00fcdafrika<\/option><option value=\"GS\" >S\u00fcdgeorgien und die S\u00fcdlichen Sandwichinseln<\/option><option value=\"SS\" >S\u00fcdsudan<\/option><option value=\"ES\" >Spanien<\/option><option value=\"LK\" >Sri Lanka<\/option><option value=\"SD\" >Sudan<\/option><option value=\"SR\" >Suriname<\/option><option value=\"SJ\" >Svalbard und Jan Mayen<\/option><option value=\"SZ\" >Swasiland<\/option><option value=\"SE\" >Schweden<\/option><option value=\"CH\" >Schweiz<\/option><option value=\"SY\" >Syrien<\/option><option value=\"TW\" >Taiwan<\/option><option value=\"TJ\" >Tadschikistan<\/option><option value=\"TZ\" >Tansania<\/option><option value=\"TH\" >Thailand<\/option><option value=\"TL\" >Osttimor<\/option><option value=\"TG\" >Togo<\/option><option value=\"TK\" >Tokelau<\/option><option value=\"TO\" >Tonga<\/option><option value=\"TT\" >Trinidad und Tobago<\/option><option value=\"TN\" >Tunesien<\/option><option value=\"TR\" >T\u00fcrkei<\/option><option value=\"TM\" >Turkmenistan<\/option><option value=\"TC\" >Turks- und Caicosinseln<\/option><option value=\"TV\" >Tuvalu<\/option><option value=\"UG\" >Uganda<\/option><option value=\"UA\" >Ukraine<\/option><option value=\"AE\" >Vereinigte Arabische Emirate<\/option><option value=\"GB\" >Vereinigtes K\u00f6nigreich<\/option><option value=\"US\" >USA<\/option><option value=\"UM\" >United States Minor Outlying Islands<\/option><option value=\"UY\" >Uruguay<\/option><option value=\"UZ\" >Usbekistan<\/option><option value=\"VU\" >Vanuatu<\/option><option value=\"VE\" >Venezuela<\/option><option value=\"VN\" >Vietnam<\/option><option value=\"VG\" >Britische Jungferninseln<\/option><option value=\"VI\" >Amerikanische Jungferninseln<\/option><option value=\"WF\" >Wallis und Futuna<\/option><option value=\"EH\" >Westsahara<\/option><option value=\"YE\" >Jemen<\/option><option value=\"ZM\" >Sambia<\/option><option value=\"ZW\" >Simbabwe<\/option><\/select><\/div><\/div><\/div><div class=\"um-clear\"><\/div><\/div>\t\t<input type=\"hidden\" name=\"form_id\" id=\"form_id_3158\" value=\"3158\" \/>\r\n\t\r\n\t<input type=\"hidden\" name=\"timestamp\" class=\"um_timestamp\" value=\"1775611430\" \/>\r\n\r\n\t<p class=\"um_request_name\">\r\n\t\t<label for=\"um_request_3158\">Only fill in if you are not human<\/label>\r\n\t\t<input type=\"hidden\" name=\"um_request\" id=\"um_request_3158\" class=\"input\" value=\"\" size=\"25\" autocomplete=\"off\" \/>\r\n\t<\/p>\r\n\r\n\t<input type=\"hidden\" id=\"_wpnonce\" name=\"_wpnonce\" value=\"3a9cc9ad80\" \/><input type=\"hidden\" name=\"_wp_http_referer\" value=\"\/de\/wp-json\/wp\/v2\/pages\/1467\" \/>\r\n<div class=\"g-recaptcha\" id=\"um-3158\" data-mode=\"register\"><\/div>\r\n\r\n\r\n\t<div class=\"um-col-alt\">\r\n\r\n\t\t\r\n\t\t\t<div class=\"um-left um-half\">\r\n\t\t\t\t<input type=\"submit\" value=\"Registrieren\" class=\"um-button\" id=\"um-submit-btn\" \/>\r\n\t\t\t<\/div>\r\n\t\t\t<div class=\"um-right um-half\">\r\n\t\t\t\t<a href=\"https:\/\/lookingforglobaljustice.com\/de\/anmeldung\/\" class=\"um-button um-alt\">\r\n\t\t\t\t\tAnmelden\t\t\t\t<\/a>\r\n\t\t\t<\/div>\r\n\r\n\t\t\r\n\t\t<div class=\"um-clear\"><\/div>\r\n\r\n\t<\/div>\r\n\r\n\t\t\t\r\n\t\t<\/form>\r\n\r\n\t<\/div>\r\n\r\n<\/div><style type=\"text\/css\">\r\n.um-3158.um {\r\n\tmax-width: 1200px;\r\n}<\/style>\r\n[\/vc_column_text][\/vc_column][\/vc_row]\n","protected":false},"excerpt":{"rendered":"<p>[vc_row][vc_column width=&#8221;1\/2&#8243;][vc_column_text]Werden Sie Mitglied einer starken Gemeinschaft Setzen Sie sich f\u00fcr Mensch und Natur ein! Die LOOKING FOR GLOBAL JUSTICE setzt sich f\u00fcr den praktischen Naturschutz vor Ort ein, um die Vielfalt unserer einheimischen Flora und Fauna zu bewahren. Das Streben nach globaler Gerechtigkeit k\u00fcmmert&#8230;<\/p>\n","protected":false},"author":1,"featured_media":2317,"parent":1444,"menu_order":109,"comment_status":"closed","ping_status":"closed","template":"","meta":[],"_links":{"self":[{"href":"https:\/\/lookingforglobaljustice.com\/de\/wp-json\/wp\/v2\/pages\/1467"}],"collection":[{"href":"https:\/\/lookingforglobaljustice.com\/de\/wp-json\/wp\/v2\/pages"}],"about":[{"href":"https:\/\/lookingforglobaljustice.com\/de\/wp-json\/wp\/v2\/types\/page"}],"author":[{"embeddable":true,"href":"https:\/\/lookingforglobaljustice.com\/de\/wp-json\/wp\/v2\/users\/1"}],"replies":[{"embeddable":true,"href":"https:\/\/lookingforglobaljustice.com\/de\/wp-json\/wp\/v2\/comments?post=1467"}],"version-history":[{"count":9,"href":"https:\/\/lookingforglobaljustice.com\/de\/wp-json\/wp\/v2\/pages\/1467\/revisions"}],"predecessor-version":[{"id":3159,"href":"https:\/\/lookingforglobaljustice.com\/de\/wp-json\/wp\/v2\/pages\/1467\/revisions\/3159"}],"up":[{"embeddable":true,"href":"https:\/\/lookingforglobaljustice.com\/de\/wp-json\/wp\/v2\/pages\/1444"}],"wp:featuredmedia":[{"embeddable":true,"href":"https:\/\/lookingforglobaljustice.com\/de\/wp-json\/wp\/v2\/media\/2317"}],"wp:attachment":[{"href":"https:\/\/lookingforglobaljustice.com\/de\/wp-json\/wp\/v2\/media?parent=1467"}],"curies":[{"name":"wp","href":"https:\/\/api.w.org\/{rel}","templated":true}]}}