{"id":1498,"date":"2020-12-20T12:05:34","date_gmt":"2020-12-20T11:05:34","guid":{"rendered":"https:\/\/lookingforglobaljustice.com\/?page_id=1498"},"modified":"2022-02-07T18:22:24","modified_gmt":"2022-02-07T17:22:24","slug":"faq","status":"publish","type":"page","link":"https:\/\/lookingforglobaljustice.com\/de\/ueber-uns\/faq\/","title":{"rendered":"FAQ"},"content":{"rendered":"[vc_row][vc_column][vc_column_text]\n<h3>H\u00e4ufig gestellte Fragen (FAQ)<\/h3>\n<p>Wir freuen uns, dass Sie sich f\u00fcr die LOOKING FOR GLOBAL JUSTICE interessieren. Hier finden Sie Antworten auf Fragen, die uns h\u00e4ufig gestellt werden. Wenn wir Ihnen hier nicht helfen k\u00f6nnen, schreiben Sie uns einfach eine Nachricht.[\/vc_column_text][\/vc_column][\/vc_row][vc_row][vc_column][vc_tta_accordion spacing=&#8221;10&#8243; gap=&#8221;10&#8243; c_icon=&#8221;chevron&#8221; active_section=&#8221;1&#8243;][vc_tta_section title=&#8221;Ist Online spenden bei LOOKING FOR GLOBAL JUSTICE sicher!&#8221; tab_id=&#8221;1608462392096-6f97b45b-5437&#8243;][vc_column_text]Wir nutzen das Online-Spenden-Formular der Schaffhauser Kantonalbank dieses Formular ist durch ein SSL-Zertifikat gesch\u00fctzt. Die Daten Ihrer Online-Spende werden durch Verschl\u00fcsselung vor unbefugtem Zugriff gesch\u00fctzt und nicht an Dritte weitergegeben! Ihre Online-Spende wird per Lastschrifteinzug (SEPA) von Ihrem Konto abgebucht.<\/p>\n<p>Falls Sie doch Bedenken haben sollten, \u00fcberweisen Sie Ihre Spende einfach klassisch per Bank\u00fcberweisung. Die Angaben (IBAN und BIC) zu unserem Spenden-Konto bei dem allgemeinen Spenden:<br \/>\nLooking for Global Justice<br \/>\nGrimselweg 5<br \/>\nCH-8203 Schaffhausen<\/p>\n<p>BIC\/SWIFT: SHKBCH2S, BC-Nr: 782<br \/>\nIBAN: CH86 0078 2007 6686 57101<\/p>\n<p>Wenn Ihnen die Informationen auf unserer Website nicht ausreichen, senden Sie Ihre Fragen bitte an spenden@lookingforglobaljustice.com. Wir stellen Ihnen umfassende Informationen zur Verf\u00fcgung.[\/vc_column_text][\/vc_tta_section][vc_tta_section title=&#8221;Kann ich bei LOOKING FOR GLOBAL JUSTICE auch anonym spenden?&#8221; tab_id=&#8221;1608462392107-10c46554-b323&#8243;][vc_column_text]Nat\u00fcrlich. Auf Wunsch werden wir Ihre Daten, die wir ohnehin im Rahmen unserer Datenschutzrichtlinie streng beh\u00fcten, nicht an Dritte weitergeben, auch nicht an die Hilfsbed\u00fcrftigen weiterleiten.[\/vc_column_text][\/vc_tta_section][vc_tta_section title=&#8221;Wann erh\u00e4lt der Spender eine Spendenquittung?&#8221; tab_id=&#8221;1608462434596-47074d5d-dbe6&#8243;][vc_column_text]Bei einer Online-Spende wird automatisch eine Quittung f\u00fcr jeden gespendeten Betrag ausgel\u00f6st, die Ihnen per E-Mail zugesandt wird.[\/vc_column_text][\/vc_tta_section][vc_tta_section title=&#8221;Was ist der Unterschied zwischen einer Erbschaft und einem Legate?&#8221; tab_id=&#8221;1614011404278-c0a98930-e58e&#8221;][vc_column_text]Mit einer Erbschaft vererben Sie beispielsweise einen Teil Ihres Nachlasses an die LOOKING FOR GLOBAL JUSTICE. Auf diese Weise wird die LOOKING FOR GLOBAL JUSTICE Miterbin. Sie geben an, wie viel Prozent der frei verf\u00fcgbaren Quote die LOOKING FOR GLOBAL JUSTICE erh\u00e4lt. Im Falle eines Legates geben Sie dagegen im Testament einen festen Betrag an, der an die LOOKING FOR GLOBAL JUSTICE gehen soll.<\/p>\n<p>Legate und Erbschaften sind wichtig, weil sie unsere Arbeit langfristig unterst\u00fctzen. Oft sind dies Betr\u00e4ge, die wir f\u00fcr unsere dringendsten Aufgaben frei verwenden k\u00f6nnen.[\/vc_column_text][\/vc_tta_section][vc_tta_section title=&#8221;Werden meine pers\u00f6nlichen Angaben gespeichert, wenn ich mich bei LOOKING FOR GLOBAL JUSTICE anmelde?&#8221; tab_id=&#8221;1613567781323-211591ba-f08b&#8221;][vc_column_text]Bei Ihrer Registrierung werden Ihre Daten gespeichert und nicht an Dritte weitergegeben.[\/vc_column_text][\/vc_tta_section][vc_tta_section title=&#8221;Kann ich eine Spende von der Steuer absetzen?&#8221; tab_id=&#8221;1613567857046-cc8bc155-ad56&#8243;][vc_column_text]Wenn Verb\u00e4nde, Stiftungen und andere Institutionen vom Finanzamt als gemeinn\u00fctzig oder kirchlich anerkannt werden, k\u00f6nnen Spenden als steuerlich absetzbar geltend gemacht werden.[\/vc_column_text][\/vc_tta_section][vc_tta_section title=&#8221;Spendenbescheinigung&#8221; tab_id=&#8221;1615800873021-c71ae1dd-e502&#8243;][vc_column_text]\n<h3>Wann bekomme ich eine Spendenbescheinigung?<\/h3>\n<p>In diesem Artikel erf\u00e4hrst du, wann du eine Spendenbescheinigung bekommst und wie du deine Spende damit bei deiner Steuererkl\u00e4rung geltend machen kannst.<br \/>\nMit einer Spende kannst du gemeinn\u00fctzige Zwecke unterst\u00fctzen und unmittelbar Gutes tun. Aber inwiefern kann eine Spende auch f\u00fcr dich pers\u00f6nlich Vorteile haben, zum Beispiel im Hinblick auf deine Steuererkl\u00e4rung? Was hat es dabei mit der Spendenbescheinigung auf sich? Die Antworten darauf erh\u00e4ltst du in diesem Artikel.<\/p>\n<p><strong>Was ist \u00fcberhaupt eine Spendenbescheinigung?<br \/>\n<\/strong>Spendenbescheinigung, Spendenquittung, Zuwendungsbest\u00e4tigung \u2013 es gibt verschiedene Begriffe, die letztlich alle dasselbe bedeuten. Aber was ist eine Spendenbescheinigung und welchen Zweck hat sie? In erster Linie best\u00e4tigt sie, dass du eine Spende get\u00e4tigt hast und diese auch bei der Organisation, an die du gespendet hast, angekommen ist. Zu diesem Anlass wird eine Spendenbescheinigung ausgestellt, die sich an einem amtlichen Vordruck orientiert und Angaben zum Datum der Spende, zur H\u00f6he und nat\u00fcrlich zur Person, also zu dir, enth\u00e4lt. Diese kann dann als Nachweis dienen, dass du auch tats\u00e4chlich gespendet hast.<\/p>\n<p>Voraussetzung daf\u00fcr, dass eine Organisation Spendenbescheinigung ausstellen darf, ist, dass die Organisation gemeinn\u00fctzige, mildt\u00e4tige oder kirchliche Zwecke verfolgt \u2013 diese werden auch als offiziell steuerbeg\u00fcnstigte Zwecke bezeichnet. Dies muss die Organisation durch eine Bescheinigung \u00fcber die Gemeinn\u00fctzigkeit oder einen Freistellungsbescheid des Finanzamts nachweisen.<\/p>\n<p><strong>Warum brauche ich eine Spendenbescheinigung?<br \/>\n<\/strong>Welche Auswirkungen deine Spende hat, ist ganz davon abh\u00e4ngig, an wen und f\u00fcr was du spendest: Humanit\u00e4re Hilfe, Kinder- und Jugendhilfe oder Tierschutz? Mit deiner Spende an eine gemeinn\u00fctzige Organisation tr\u00e4gst du unmittelbar dazu bei, die Ziele der jeweiligen Organisation zu unterst\u00fctzen.<\/p>\n<p>Aber nicht nur die von dir unterst\u00fctzte Organisation profitiert von deiner Spende. Auch f\u00fcr dich kann eine Spende unmittelbare Auswirkungen haben.<\/p>\n<p><em>\u201cSpenden, die f\u00fcr von der Steuer beg\u00fcnstigte Zwecke geleistet werden, k\u00f6nnen als Sonderausgabe von der Steuer abgesetzt werden und damit deine eigene Steuerlast mindern.\u201d<\/em><\/p>\n<p>Konkret k\u00f6nnen deine Spenden bei bis zu 20 Prozent des Gesamtbetrags deiner Eink\u00fcnfte ber\u00fccksichtigt werden. Welche Organisationen und Zwecke steuerbeg\u00fcnstigt sind und inwiefern du deine Spenden absetzen kann, regelt \u00a7 10 EstG.<\/p>\n<p>Wichtig: Spenden f\u00fcr politische Parteien oder unabh\u00e4ngige W\u00e4hlervereinigungen sind generell auch steuerlich abzugsf\u00e4hig, werden aber anders als Spenden f\u00fcr steuerbeg\u00fcnstigte Zwecke behandelt. Und auch f\u00fcr Mitgliedsbeitr\u00e4ge gelten gesonderte Regelungen: Nicht alle Mitgliedsbeitr\u00e4ge sind abziehbar und werden vom Finanzamt anerkannt. Ausgenommen sind beispielsweise Beitr\u00e4ge f\u00fcr Sport-, Heimat- oder Tierzuchtvereine oder f\u00fcr kulturelle Bet\u00e4tigungen, die in erster Linie der Freizeitgestaltung dienen. Vereine im Bereich Natur, Wohlfahrt, Gender, Tier- oder Denkmalschutz k\u00f6nnen hingegen abgesetzt werden.<\/p>\n<p>Am besten du informierst dich hier (Lohnsteuer Kompakt) noch einmal separat oder fragst bei der jeweiligen Organisation, Verein oder Stiftung nach.<\/p>\n<p><strong>In welchem Fall brauche ich eine Spendenbescheinigung?<br \/>\n<\/strong>Ab wann du eine Spendenbescheinigung brauchst, um deine Spende gegen\u00fcber dem Finanzamt nachzuweisen, ist ganz davon abh\u00e4ngig, wie viel du spendest. Die Nachweisgrenze liegt seit dem 1.1.2021 bei 300 Euro. Das hei\u00dft, dass f\u00fcr Spenden und Mitgliedsbeitr\u00e4ge unter 300 Euro ein vereinfachter Nachweis gegen\u00fcber dem Finanzamt reicht. Als vereinfachter Nachweis gilt: ein einfacher Kontoauszug, eine Buchungsbest\u00e4tigung der \u00dcberweisung oder ein Einzahlungsbeleg. Erst bei Spenden \u00fcber 300 Euro pro Jahr besteht eine Verpflichtung gegen\u00fcber dem Finanzamt, die geleisteten Spenden mit einer Spendenbescheinigung nachzuweisen.<\/p>\n<p><strong>Auf einen Blick<\/strong><\/p>\n<p><strong>Spende unter 300 Euro<\/strong><br \/>\nVereinfachter Nachweis (Kontoauszug, Buchungsbest\u00e4tigung der \u00dcberweisung oder Einzahlungsbeleg) gen\u00fcgt, um Spende beim Finanzamt geltend zu machen.<\/p>\n<p><strong>Spende ab 300 Euro<\/strong><br \/>\nDu erh\u00e4ltst eine offizielle Spendenbescheinigung von der Organisation, die du beg\u00fcnstigt hast und musst diese bei deiner Steuererkl\u00e4rung dem Finanzamt vorlegen.<\/p>\n<p>In der Regel versenden Organisationen die Spendenbescheinigungen nach erfolgreichem Spendeneingang automatisch \u2013 entweder ein paar Wochen nach T\u00e4tigung deiner Spende, oft auch zu Beginn des neuen Kalenderjahres. Aber auch hier gelten Unterschiede: Da erst bei Spenden ab 300 Euro eine Spendenbescheinigung als Nachweis erforderlich ist, verzichten viele Organisation auf die Ausstellung von Spendenbescheinigungen unter der Nachweisgrenze, um \u00f6kologisch und kostensparend vorzugehen und den Verwaltungsaufwand gering zu halten. Au\u00dferdem kommt es manchmal vor, dass Organisationen ihren Spender*innen gar keine Bescheinigung zukommen lassen k\u00f6nnen, weil die Spender*innen bei der Spende keine vollst\u00e4ndige Adresse angegeben haben (z.B. im Verwendungszweck der \u00dcberweisung).<\/p>\n<p>Falls du also gespendet hast, \u00fcber der Nachweisgrenze liegst und keine Spendenbescheinigung bekommen hast, kontaktiere einfach die Organisation und bitte darum, dir eine Spendenquittung zukommen zu lassen. Grunds\u00e4tzlich hat n\u00e4mlich jede(r) Spender*in Anspruch auf eine Spendenbescheinigung, sodass diese im Zweifelsfall immer auch individuell von der Organisation angefordert werden kann.<\/p>\n<h4><strong>Checkliste Spendenbescheinigung<\/strong><\/h4>\n<p><strong>Organisationscheck<\/strong><br \/>\nVerfolgt die Organisation, an die ich spende, steuerbeg\u00fcnstigte Zwecke?<\/p>\n<p><strong>Nachweisgrenze<\/strong><br \/>\nLiegt meine Spende \u00fcber der Nachweisgrenze von 300 Euro, sodass ich eine Spendenbescheinigung als Nachweis gegen\u00fcber dem Finanzamt ben\u00f6tige?<\/p>\n<p><strong>Adresse<\/strong><br \/>\nFalls meine Spende \u00fcber der Nachweisgrenze liegt: Habe ich meine vollst\u00e4ndige Adresse angegeben?<\/p>\n<p><strong>Kontaktaufnahme<\/strong><br \/>\nGenerell gilt: im Zweifelsfall direkt bei der Organisation nachfragen<\/p>\n<h3>In diesem Artikel haben wir erkl\u00e4rt:<\/h3>\n<ul>\n<li>was eine Spendenbescheinigung ist<\/li>\n<li>wann eine Spendenbescheinigung ausgestellt wird und ausgestellt werden darf<\/li>\n<li>wof\u00fcr du eine Spendenbescheinigung brauchst<\/li>\n<li>wie sich eine Spende grunds\u00e4tzlich auf deine Steuerlast auswirken kann<\/li>\n<\/ul>\n<p>Wir sind Expertin f\u00fcr alle Themen rund ums Spenden. Wir geben hilfreiche Tipps und Informationen zu Spendenbescheinigungen, Gemeinn\u00fctzigkeit und Verwaltungskosten.<br \/>\nWenn Sie Fragen haben, schreiben Sie uns bitte eine E-Mail an <a href=\"mailto:info@lookingforglobaljustice.com\">info@lookingforglobaljustice.com<\/a>[\/vc_column_text][\/vc_tta_section][vc_tta_section title=&#8221;Kommen die Spenden auch wirklich im Projekt an?&#8221; tab_id=&#8221;1613567882351-90ac49df-1e99&#8243;][vc_column_text]Unsere Werbe- und Verwaltungsausgaben liegen gemessen an den Gesamtausgaben der LOOKING FOR GLOBAL JUSTICE zwischen 10% und 20%. Das hei\u00dft mit anderen Worten: \u00dcber 80% der Spenden gehen in die Projektarbeit (Hilfsprojekte). Nach den Kriterien des Zentralinstituts f\u00fcr soziale Fragen sind die notwendigen Kosten f\u00fcr Verwaltung und Werbung unserer Organisation als &#8220;angemessen&#8221; einzustufen.[\/vc_column_text][\/vc_tta_section][vc_tta_section title=&#8221;Wie finanziert LOOKING FOR GLOBAL JUSTICE ihre Projekte?&#8221; tab_id=&#8221;1613567927781-df1fc09d-3db7&#8243;][vc_column_text]Die LOOKING FOR GLOBAL JUSTICE ist ein eingetragenes Unternehmen in der Schweiz, dass ihre Projekte durch Spenden finanziert. Spenden unserer F\u00f6rdermitglieder helfen uns, die Sicherheit zu planen und unsere Projekte weltweit umzusetzen.[\/vc_column_text][\/vc_tta_section][vc_tta_section title=&#8221;Hat man die M\u00f6glichkeit, die Projekte von LOOKING FOR GLOBAL JUSTICE vor Ort zu besuchen?&#8221; tab_id=&#8221;1613567950432-e7f28370-ec3f&#8221;][vc_column_text]Ja, in den meisten F\u00e4llen ist es m\u00f6glich, die Projekte von LOOKING FOR GLOBAL JUSTICE vor Ort zu besuchen. Alle Informationen zu Projekten finden Sie auch auf unserer Website unter &#8220;Erfolgreich realisierte Projekte&#8221;.[\/vc_column_text][\/vc_tta_section][vc_tta_section title=&#8221;Welche Qualifikationen \/ Unterlagen brauche ich, um mich bei LOOKING FOR GLOBAL JUSTICE zu bewerben?&#8221; tab_id=&#8221;1613567979372-3fd91003-3d4b&#8221;][vc_column_text]Sie brauchen daf\u00fcr keine Qualifikationen und keine Unterlagen. Damit wir Sie etwas besser kennenlernen k\u00f6nnen, erz\u00e4hlen Sie uns bitte etwas \u00fcber sich.[\/vc_column_text][\/vc_tta_section][vc_tta_section title=&#8221;Was bedeuten die Begriffe: Hilfsorganisationen, Nothilfeorganisation, Hilfsprojekte, Katastrophenhilfe, Entwicklungshilfe, Entwicklungszusammenarbeit?&#8221; tab_id=&#8221;1613568013177-ff2b6bee-e454&#8243;][vc_column_text]Hilfsorganisationen sind Organisationen, die es sich zur Aufgabe gemacht haben, Menschen, Tiere oder schutzw\u00fcrdiges Eigentum zu sch\u00fctzen. Humanit\u00e4re Hilfsorganisationen haben es sich zur Aufgabe gemacht, Menschen zu helfen. Auch hier wird zwischen Nothilfeorganisationen und Entwicklungshilfeorganisationen unterschieden. Nothilfeorganisationen leisten Nothilfe in Notf\u00e4llen wie Hungersnot, Naturkatastrophen, bewaffneten Konflikten und den damit verbundenen Fl\u00fcchtlingsstr\u00f6men. Die schnelle Logistik ist so strukturiert, dass m\u00f6glichst viele Menschen so schnell wie m\u00f6glich mit Hilfsg\u00fctern wie Lebensmitteln, Trinkwasser, Medikamenten oder Zelten versorgt werden k\u00f6nnen.<br \/>\nEntwicklungszusammenarbeit ist die Partnerschaft und das gemeinsame Bestreben von Industrie- und Entwicklungsl\u00e4ndern, die gro\u00dfen sozio\u00f6konomischen Unterschiede zwischen den L\u00e4ndern zu verringern. Die Lebensbedingungen der Menschen in Entwicklungsl\u00e4ndern sollten nachhaltig verbessert werden.[\/vc_column_text][\/vc_tta_section][vc_tta_section title=&#8221;Wie l\u00e4sst sich die Unternehmenskultur von LOOKING FOR GLOBAL JUSTICE beschreiben?&#8221; tab_id=&#8221;1613568066876-8ef35427-1078&#8243;][vc_column_text]Da bei uns die Menschen aus aller Welt arbeiten, ist es schwierig, eine einzige, \u00fcbergreifende Unternehmenskultur zu definieren. Wir haben jedoch Werte, die wir jeden Tag wahren und leben. Dazu geh\u00f6rt zum Beispiel ehrliches, offenes Feedback. Wir ermutigen unsere Partner und Mitglieder auch, Verantwortung f\u00fcr ihre Projekte zu \u00fcbernehmen und ihren Unternehmergeist zu f\u00f6rdern. Wir arbeiten als Team &#8211; und wir glauben, dass wir die Welt intelligenter machen k\u00f6nnen, wenn wir gemeinsam auf ein Ziel hinarbeiten.[\/vc_column_text][\/vc_tta_section][vc_tta_section title=&#8221;Wie steht LOOKING FOR GLOBAL JUSTICE zum Thema Vielfalt?&#8221; tab_id=&#8221;1613568090740-b657deeb-5e46&#8243;][vc_column_text]Wir sind \u00fcberzeugt, dass wir nur mit Offenheit, Respekt und Toleranz innovativ und erfolgreich sein k\u00f6nnen. Deshalb begr\u00fc\u00dfen wir Menschen unabh\u00e4ngig von Geschlecht, Alter, Religion, sexueller Orientierung, ethnischem Hintergrund oder m\u00f6glichen k\u00f6rperlichen Einschr\u00e4nkungen. Wir suchen kluge K\u00f6pfe aus der ganzen Welt, um wichtige Hilfsorganisationen aufzubauen.[\/vc_column_text][\/vc_tta_section][vc_tta_section title=&#8221;Wie transparent ist die LOOKING FOR GLOBAL JUSTICE?&#8221; tab_id=&#8221;1613568122013-bfdaa7c6-05eb&#8221;][vc_column_text]Die LOOKING FOR GLOBAL JUSTICE ist f\u00fcr ihre Mitglieder und die Schweizer Beh\u00f6rden transparent. Als eingetragenes Unternehmen sind wir ohnehin verpflichtet, regelm\u00e4\u00dfige T\u00e4tigkeitsberichte einzureichen. Wir versuchen auch, unsere Arbeit auf der ganzen Welt mit so viel Foto- und Videomaterial wie m\u00f6glich auf unserer Website und in unserer regelm\u00e4\u00dfig aktualisierten Social-Media-Pr\u00e4senz zu pr\u00e4sentieren. Au\u00dferdem, auf unsere Webseite bei \u201eLaufende Projekte\u201c ist alles dokumentiert, auch die Finanzen. Dar\u00fcber hinaus ist auf unserer Website unter \u201eLaufende Projekte\u201c alles dokumentiert, einschlie\u00dflich Finanzen.[\/vc_column_text][\/vc_tta_section][vc_tta_section title=&#8221;Arbeitet LOOKING FOR GLOBAL JUSTICE auch mit anderen Organisationen zusammen?&#8221; tab_id=&#8221;1613568154731-75591f77-2906&#8243;][vc_column_text]Ja, wir arbeiten auf internationaler Ebene. Es ist wichtig, mit anderen Organisationen zusammenzuarbeiten, um eine schnelle und sichere Hilfe leisten zu k\u00f6nnen. Diese k\u00f6nnen je nach Projekt variieren.[\/vc_column_text][\/vc_tta_section][vc_tta_section title=&#8221;Wie findet LOOKING FOR GLOBAL JUSTICE die richtigen Menschen f\u00fcr die Spenden?&#8221; tab_id=&#8221;1613568178654-9b9381c4-4c91&#8243;][vc_column_text]LOOKING FOR GLOBAL JUSTICE arbeitet mit zahlreichen Partnerorganisationen weltweit zusammen. Diese Partnerorganisationen machen die Bed\u00fcrftigen in den einzelnen Regionen und D\u00f6rfern.[\/vc_column_text][\/vc_tta_section][vc_tta_section title=&#8221;Wie bewerbe ich mich als Mitglied der LOOKING FOR GLOBAL JUSTICE?&#8221; tab_id=&#8221;1613568217315-6b267589-69a5&#8243;][vc_column_text]Wenn Sie sich bei diese <em><a href=\"https:\/\/lookingforglobaljustice.com\/de\/unterstuetzen-sie-uns\/mitglied-werden\/\">Kontaktformular<\/a>\u00a0<\/em>registrieren, wird Ihre Antrag in den meisten F\u00e4llen von unserer Personalabteilung gepr\u00fcft. Darauf kann eine weitere E-Mail-Korrespondenz folgen.[\/vc_column_text][\/vc_tta_section][vc_tta_section title=&#8221;Kann man ehrenamtlich bei den Projekten t\u00e4tig werden?&#8221; tab_id=&#8221;1613568251319-ea6e8b6c-b77f&#8221;][vc_column_text]Ja, wir freuen uns immer, wenn Sie unsere Arbeit und Projekte auf ehrenamtliche Basis unterst\u00fctzen. Je mehr Freiwillige wir haben, desto mehr Menschen k\u00f6nnen wir erreichen. Nat\u00fcrlich k\u00f6nnen wir auch Ihre ehrenamtliche Arbeit bescheinigen.<br \/>\nWenn Sie sich f\u00fcr der <a href=\"https:\/\/lookingforglobaljustice.com\/de\/unterstuetzen-sie-uns\/freiwillig-arbeiten\/\"><em>Kontaktformular<\/em><\/a>\u00a0registrieren und Ihre Vorschl\u00e4ge beschreiben, wird Ihre Bewerbung von unserem System akzeptiert und von der Personalabteilung beantwortet.[\/vc_column_text][\/vc_tta_section][vc_tta_section title=&#8221;Wie kann ich mich als Mitglied der LOOKING FOR GLOBAL JUSTICE zur\u00fcckziehen?&#8221; tab_id=&#8221;1613568334617-7fa30240-160a&#8221;][vc_column_text]Als Mitglied von LOOKING FOR GLOBAL JUSTICE haben Sie keine Verpflichtungen. Sie k\u00f6nnen sich jederzeit per E-Mail abmelden.[\/vc_column_text][\/vc_tta_section][\/vc_tta_accordion][\/vc_column][\/vc_row]\n","protected":false},"excerpt":{"rendered":"<p>[vc_row][vc_column][vc_column_text] H\u00e4ufig gestellte Fragen (FAQ) Wir freuen uns, dass Sie sich f\u00fcr die LOOKING FOR GLOBAL JUSTICE interessieren. Hier finden Sie Antworten auf Fragen, die uns h\u00e4ufig gestellt werden. Wenn wir Ihnen hier nicht helfen k\u00f6nnen, schreiben Sie uns einfach eine Nachricht.[\/vc_column_text][\/vc_column][\/vc_row][vc_row][vc_column][vc_tta_accordion spacing=&#8221;10&#8243; gap=&#8221;10&#8243; c_icon=&#8221;chevron&#8221;&#8230;<\/p>\n","protected":false},"author":1,"featured_media":2246,"parent":692,"menu_order":94,"comment_status":"closed","ping_status":"closed","template":"","meta":[],"_links":{"self":[{"href":"https:\/\/lookingforglobaljustice.com\/de\/wp-json\/wp\/v2\/pages\/1498"}],"collection":[{"href":"https:\/\/lookingforglobaljustice.com\/de\/wp-json\/wp\/v2\/pages"}],"about":[{"href":"https:\/\/lookingforglobaljustice.com\/de\/wp-json\/wp\/v2\/types\/page"}],"author":[{"embeddable":true,"href":"https:\/\/lookingforglobaljustice.com\/de\/wp-json\/wp\/v2\/users\/1"}],"replies":[{"embeddable":true,"href":"https:\/\/lookingforglobaljustice.com\/de\/wp-json\/wp\/v2\/comments?post=1498"}],"version-history":[{"count":33,"href":"https:\/\/lookingforglobaljustice.com\/de\/wp-json\/wp\/v2\/pages\/1498\/revisions"}],"predecessor-version":[{"id":6681,"href":"https:\/\/lookingforglobaljustice.com\/de\/wp-json\/wp\/v2\/pages\/1498\/revisions\/6681"}],"up":[{"embeddable":true,"href":"https:\/\/lookingforglobaljustice.com\/de\/wp-json\/wp\/v2\/pages\/692"}],"wp:featuredmedia":[{"embeddable":true,"href":"https:\/\/lookingforglobaljustice.com\/de\/wp-json\/wp\/v2\/media\/2246"}],"wp:attachment":[{"href":"https:\/\/lookingforglobaljustice.com\/de\/wp-json\/wp\/v2\/media?parent=1498"}],"curies":[{"name":"wp","href":"https:\/\/api.w.org\/{rel}","templated":true}]}}