{"id":1592,"date":"2020-12-20T13:08:47","date_gmt":"2020-12-20T12:08:47","guid":{"rendered":"https:\/\/lookingforglobaljustice.com\/?page_id=1592"},"modified":"2021-02-24T17:23:00","modified_gmt":"2021-02-24T16:23:00","slug":"spenden","status":"publish","type":"page","link":"https:\/\/lookingforglobaljustice.com\/de\/unterstuetzen-sie-uns\/spenden\/","title":{"rendered":"Allgemeine Spenden"},"content":{"rendered":"[vc_row][vc_column][vc_column_text]Mit allgemeinen Spenden setzen wir dort ein, wo Hilfe am dringendsten ben\u00f6tigt wird. Wenn Sie speziell f\u00fcr etwas spenden m\u00f6chten, das Ihren W\u00fcnschen entspricht, klicken Sie bitte auf das Men\u00fc &#8220;Freie Spenden&#8221; und beschreiben Sie Ihre Spendenanfrage ausf\u00fchrlich.<br \/>\nDer Geldbetrag ist individuell ohne Richtlinie, kann jeder so viel geben, wie er es will. Wir sch\u00e4tzen ihre Unterst\u00fctzung. Selbst die kleinste Spende ist eine wertvolle Hilfe.<\/p>\n\t<div id=\"give-form-3028-wrap\" class=\"give-form-wrap give-display-onpage\">\n\t\t<h2 class=\"give-form-title\">Spenden<\/h2><div id=\"give-form-content-3028\" class=\"give-form-content-wrap give_pre_form-content\"><p>Mit einer regelm\u00e4\u00dfigen Spende k\u00f6nnen Sie uns helfen, unser globales Netzwerk f\u00fcr Menschen, Tiere, B\u00e4ume und Pflanzen nachhaltig auszubauen. Selbst mit kleinen Beitr\u00e4gen k\u00f6nnen wir viel erreichen &#8211; und jede Spende bringt uns unseren Zielen ein St\u00fcck n\u00e4her. Danke f\u00fcr Ihren Beitrag!<\/p>\n<\/div>\t\t\t<form id=\"give-form-3028-1\" class=\"give-form give-form-3028 give-form-type-multi\" action=\"https:\/\/lookingforglobaljustice.com\/de\/wp-json\/wp\/v2\/pages\/1592\/?payment-mode=offline\" data-id=\"3028-1\" data-currency_symbol=\"&#67;&#72;&#70;\" data-currency_code=\"CHF\" data-currency_position=\"before\" data-thousands_separator=\" \" data-decimal_separator=\".\" data-number_decimals=\"2\" method=\"post\">\n\t\t\t\t<!-- The following field is for robots only, invisible to humans: -->\n\t\t\t\t<span class=\"give-hidden\" style=\"display: none !important;\">\n\t\t\t\t\t<label for=\"give-form-honeypot-3028\"><\/label>\n\t\t\t\t\t<input id=\"give-form-honeypot-3028\" type=\"text\" name=\"give-honeypot\"\n\t\t\t\t\t\t   class=\"give-honeypot give-hidden\"\/>\n\t\t\t\t<\/span>\n\n\t\t\t\t\t<input type=\"hidden\" name=\"give-form-id-prefix\" value=\"3028-1\"\/>\n\t<input type=\"hidden\" name=\"give-form-id\" value=\"3028\"\/>\n\t<input type=\"hidden\" name=\"give-form-title\" value=\"Spenden\"\/>\n\t<input type=\"hidden\" name=\"give-current-url\" value=\"https:\/\/lookingforglobaljustice.com\/de\/wp-json\/wp\/v2\/pages\/1592\/\"\/>\n\t<input type=\"hidden\" name=\"give-form-url\" value=\"https:\/\/lookingforglobaljustice.com\/de\/wp-json\/wp\/v2\/pages\/1592\/\"\/>\n\t\t\t<input type=\"hidden\" name=\"give-form-minimum\"\n\t\t\t   value=\"1.00\"\/>\n\t\t<input type=\"hidden\" name=\"give-form-maximum\"\n\t\t\t   value=\"999999.99\"\/>\n\t\t<input type=\"hidden\"  name=\"give-form-hash\" value=\"c4d3c7db92\" data-time=\"1775604296\" data-nonce-life=\"86400\" data-donor-session=\"0\"\/><input type=\"hidden\" name=\"give-price-id\" value=\"2\"\/>\t\t<div class=\"give-total-wrap\">\n\t\t\t<div class=\"give-donation-amount form-row-wide\">\n\t\t\t\t<span class=\"give-currency-symbol give-currency-position-before\">&#67;&#72;&#70;<\/span>\t\t\t\t<label class=\"give-hidden\" for=\"give-amount\">Spendensumme:<\/label>\n\t\t\t\t<input class=\"give-text-input give-amount-top\" id=\"give-amount\" name=\"give-amount\" type=\"tel\"\n\t\t\t\t\t   placeholder=\"\" value=\"45.00\" autocomplete=\"off\">\n\t\t\t\t\t\t\t<\/div>\n\t\t<\/div>\n\t\t<ul id=\"give-donation-level-button-wrap\" class=\"give-donation-levels-wrap give-list-inline\"><li><button type=\"button\" data-price-id=\"0\" class=\"give-donation-level-btn give-btn give-btn-level-0 \" value=\"10.00\" data-default=\"0\">&#67;&#72;&#70; 10.00<\/button><\/li><li><button type=\"button\" data-price-id=\"1\" class=\"give-donation-level-btn give-btn give-btn-level-1 \" value=\"30.00\" data-default=\"0\">&#67;&#72;&#70; 30.00<\/button><\/li><li><button type=\"button\" data-price-id=\"2\" class=\"give-donation-level-btn give-btn give-btn-level-2 give-default-level\" value=\"45.00\" data-default=\"1\">&#67;&#72;&#70; 45.00<\/button><\/li><li><button type=\"button\" data-price-id=\"3\" class=\"give-donation-level-btn give-btn give-btn-level-3 \" value=\"100.00\" data-default=\"0\">&#67;&#72;&#70; 100.00<\/button><\/li><li><button type=\"button\" data-price-id=\"5\" class=\"give-donation-level-btn give-btn give-btn-level-5 \" value=\"250.00\" data-default=\"0\">&#67;&#72;&#70; 250.00<\/button><\/li><li><button type=\"button\" data-price-id=\"custom\" class=\"give-donation-level-btn give-btn give-btn-level-custom\" value=\"custom\">Benutzerdefinierter Betrag<\/button><\/li><\/ul>\n\t<fieldset id=\"give-payment-mode-select\"\n\t\tstyle=\"display: none;\"\t>\n\t\t\t\t<legend\n\t\t\tclass=\"give-payment-mode-label\">Zahlungsmethode ausw\u00e4hlen\t\t\t<span class=\"give-loading-text\"><span\n\t\t\t\t\tclass=\"give-loading-animation\"><\/span>\n\t\t\t<\/span>\n\t\t<\/legend>\n\n\t\t<div id=\"give-payment-mode-wrap\">\n\t\t\t\t\t\t<ul id=\"give-gateway-radio-list\">\n\t\t\t\t\t\t\t\t\t\t<li class=\"give-gateway-option-selected\">\n\t\t\t\t\t\t\t<input type=\"radio\" name=\"payment-mode\" class=\"give-gateway\"\n\t\t\t\t\t\t\t\t   id=\"give-gateway-offline-3028-1\"\n\t\t\t\t\t\t\t\t   value=\"offline\" checked='checked'>\n\n\t\t\t\t\t\t\t\t\t\t\t\t\t\t<label for=\"give-gateway-offline-3028-1\"\n\t\t\t\t\t\t\t\t   class=\"give-gateway-option\"\n\t\t\t\t\t\t\t\t   id=\"give-gateway-option-offline\"> Offline-Spende<\/label>\n\t\t\t\t\t\t<\/li>\n\t\t\t\t\t\t\t\t\t<\/ul>\n\t\t\t\t\t<\/div>\n\t\t\t<\/fieldset>\n\n\t\n\t<div id=\"give_purchase_form_wrap\">\n\n\t\t\t<fieldset id=\"give_checkout_user_info\" class=\"\">\n\t\t<legend>\n\t\t\tPers\u00f6nliche Informationen\t\t<\/legend>\n\n\t\t\n\t\t<p id=\"give-first-name-wrap\" class=\"form-row form-row-first form-row-responsive\">\n\t\t\t<label class=\"give-label\" for=\"give-first\">\n\t\t\t\tVorname\t\t\t\t\t\t\t\t\t<span class=\"give-required-indicator\">*<\/span>\n\t\t\t\t\t\t\t\t<span class=\"give-tooltip hint--top hint--medium hint--bounce\" aria-label=\"Dein Vorname wird benutzt, um deine Spendenaufzeichnung zu personalisieren.\" rel=\"tooltip\"><i class=\"give-icon give-icon-question\"><\/i><\/span>\t\t\t<\/label>\n\t\t\t<input\n\t\t\t\tclass=\"give-input required\"\n\t\t\t\ttype=\"text\"\n\t\t\t\tname=\"give_first\"\n\t\t\t\tautocomplete=\"given-name\"\n\t\t\t\tplaceholder=\"Vorname\"\n\t\t\t\tid=\"give-first\"\n\t\t\t\tvalue=\"\"\n\t\t\t\t required aria-required=\"true\" \t\t\t\/>\n\t\t<\/p>\n\n\t\t<p id=\"give-last-name-wrap\" class=\"form-row form-row-last form-row-responsive\">\n\t\t\t<label class=\"give-label\" for=\"give-last\">\n\t\t\t\tNachname\t\t\t\t\t\t\t\t<span class=\"give-tooltip hint--top hint--medium hint--bounce\" aria-label=\"Dein Nachname wird benutzt, um deine Spendenaufzeichnung zu personalisieren.\" rel=\"tooltip\"><i class=\"give-icon give-icon-question\"><\/i><\/span>\t\t\t<\/label>\n\n\t\t\t<input\n\t\t\t\tclass=\"give-input\"\n\t\t\t\ttype=\"text\"\n\t\t\t\tname=\"give_last\"\n\t\t\t\tautocomplete=\"family-name\"\n\t\t\t\tid=\"give-last\"\n\t\t\t\tplaceholder=\"Nachname\"\n\t\t\t\tvalue=\"\"\n\t\t\t\t\t\t\t\/>\n\t\t<\/p>\n\n\t\t\t\t\t\t\t\t<p id=\"give-company-wrap\" class=\"form-row form-row-wide\">\n\t\t\t\t<label class=\"give-label\" for=\"give-company\">\n\t\t\t\t\tName des Unternehmens\t\t\t\t\t\t\t\t\t\t<span class=\"give-tooltip hint--top hint--bounce\" aria-label=\"Spenden im Namen des Unternehmens\" rel=\"tooltip\"><i class=\"give-icon give-icon-question\"><\/i><\/span>\t\t\t\t<\/label>\n\t\t\t\t<input\n\t\t\t\t\tclass=\"give-input\"\n\t\t\t\t\ttype=\"text\"\n\t\t\t\t\tname=\"give_company_name\"\n\t\t\t\t\tplaceholder=\"Name des Unternehmens\"\n\t\t\t\t\tid=\"give-company\"\n\t\t\t\t\tvalue=\"\"\n\t\t\t\t\t\t\t\t\t\/>\n\t\t\t<\/p>\n\t\t\n\t\t\t\t<p id=\"give-email-wrap\" class=\"form-row form-row-wide\">\n\t\t\t<label class=\"give-label\" for=\"give-email\">\n\t\t\t\tE-Mail-Adresse\t\t\t\t\t\t\t\t\t<span class=\"give-required-indicator\">*<\/span>\n\t\t\t\t\t\t\t\t<span class=\"give-tooltip hint--top hint--medium hint--bounce\" aria-label=\"Wir werden die Spendenquittung zu dieser Adresse senden.\" rel=\"tooltip\"><i class=\"give-icon give-icon-question\"><\/i><\/span>\t\t\t<\/label>\n\t\t\t<input\n\t\t\t\tclass=\"give-input required\"\n\t\t\t\ttype=\"email\"\n\t\t\t\tname=\"give_email\"\n\t\t\t\tautocomplete=\"email\"\n\t\t\t\tplaceholder=\"E-Mail-Adresse\"\n\t\t\t\tid=\"give-email\"\n\t\t\t\tvalue=\"\"\n\t\t\t\t required aria-required=\"true\" \t\t\t\/>\n\n\t\t<\/p>\n\n\t\t\t\t\t\t\t\t<p id=\"give-anonymous-donation-wrap\" class=\"form-row form-row-wide\">\n\t\t\t\t<label class=\"give-label\" for=\"give-anonymous-donation\">\n\t\t\t\t\t<input\n\t\t\t\t\t\ttype=\"checkbox\"\n\t\t\t\t\t\tclass=\"give-input\"\n\t\t\t\t\t\tname=\"give_anonymous_donation\"\n\t\t\t\t\t\tid=\"give-anonymous-donation\"\n\t\t\t\t\t\tvalue=\"1\"\n\t\t\t\t\t\t\t\t\t\t\t\t\t\t\t\t\t>\n\t\t\t\t\tMache diese Spende anonym\t\t\t\t\t<span class=\"give-tooltip hint--top hint--medium hint--bounce\" aria-label=\"M\u00f6chtest Du verhindern, dass dein Name, dein Bild und dein Kommentar \u00f6ffentlich angezeigt werden? \" rel=\"tooltip\"><i class=\"give-icon give-icon-question\"><\/i><\/span>\n\t\t\t\t<\/label>\n\t\t\t<\/p>\n\t\t\n\t\t\t\t\t<p id=\"give-comment-wrap\" class=\"form-row form-row-wide\">\n\t\t\t\t<label class=\"give-label\" for=\"give-comment\">\n\t\t\t\t\tNachricht\t\t\t\t\t\t\t\t\t\t<span class=\"give-tooltip hint--top hint--bounce\" aria-label=\"M\u00f6chtest du eine Nachricht hinzuf\u00fcgen?\" rel=\"tooltip\"><i class=\"give-icon give-icon-question\"><\/i><\/span>\t\t\t\t<\/label>\n\n\t\t\t\t<textarea\n\t\t\t\t\tclass=\"give-input\"\n\t\t\t\t\tname=\"give_comment\"\n\t\t\t\t\tplaceholder=\"Nachricht schreiben\"\n\t\t\t\t\tid=\"give-comment\"\n\t\t\t\t\t\t\t\t\t><\/textarea>\n\n\t\t\t<\/p>\n\t\t\t\t\t<\/fieldset>\n\t\t<fieldset class=\"no-fields\" id=\"give_offline_payment_info\">\n\t\t\t\t<div class=\"lgf-give-offline-payment-info\"><p>Um f\u00fcr diesen Zweck zu spenden, zahlen Sie den gew\u00fcnschten Betrag an Looking for Global Justice.<\/p>\n\n<p>Sie k\u00f6nnen auf zwei Arten spenden:<br>\n- einen Scheck auszuf\u00fcllen und ihn an \"Looking for Global Justice\" zu senden.<br>\n- eine Spende in der Bank auf das Konto der Organisation \"Looking for Global Justice\" einzuzahlen.<\/p>\n\n<p>Geben Sie unter Zahlungsbeschreibung Art der Spende ein.<\/p>\n\n<p>Kontodaten um Geld zu \u00fcberweisen:<br>\nLooking for Global Justice<br>\nGrimselweg 5<br>\nCH-8203 Schaffhausen<\/p>\n\n<p>BIC\/SWIFT: SHKBCH2S, BC-Nr: 782<br>\nIBAN: CH86 0078 2007 6686 57101<\/p>\n\n<p>Wir bedanken uns recht herzlich f\u00fcr Ihre Unterst\u00fctzung.<\/p>\n\n<p>Spenden sind als Sonderausgaben steuerlich absetzbar.<\/p><\/div>\t<\/fieldset>\n\t\t<fieldset id=\"give_purchase_submit\" class=\"give-donation-submit\">\n\t\t\t<p id=\"give-final-total-wrap\" class=\"form-wrap \">\n\t\t\t\t<span class=\"give-donation-total-label\">\n\t\t\tSpendensumme:\t\t<\/span>\n\t\t<span class=\"give-final-total-amount\"\n\t\t\t  data-total=\"45.00\">\n\t\t\t&#67;&#72;&#70; 45.00\t\t<\/span>\n\t\t\t<\/p>\n\t\t<input type=\"hidden\" name=\"give_action\" value=\"purchase\"\/>\n\t<input type=\"hidden\" name=\"give-gateway\" value=\"offline\"\/>\n\t\t<div class=\"give-submit-button-wrap give-clearfix\">\n\t\t<input type=\"submit\" class=\"give-submit give-btn\" id=\"give-purchase-button\" name=\"give-purchase\"\n\t\t\t   value=\"Jetzt Spenden\" data-before-validation-label=\"Jetzt Spenden\"\/>\n\t\t<span class=\"give-loading-animation\"><\/span>\n\t<\/div>\n\t\t<\/fieldset>\n\t\n\t<\/div>\n\n\t\t\t\t<\/form>\n\n\t\t\t\n\t<\/div><!--end #give-form-3028-->\n\t[\/vc_column_text][\/vc_column][\/vc_row]\n","protected":false},"excerpt":{"rendered":"<p>[vc_row][vc_column][vc_column_text]Mit allgemeinen Spenden setzen wir dort ein, wo Hilfe am dringendsten ben\u00f6tigt wird. Wenn Sie speziell f\u00fcr etwas spenden m\u00f6chten, das Ihren W\u00fcnschen entspricht, klicken Sie bitte auf das Men\u00fc &#8220;Freie Spenden&#8221; und beschreiben Sie Ihre Spendenanfrage ausf\u00fchrlich. Der Geldbetrag ist individuell ohne Richtlinie, kann&#8230;<\/p>\n","protected":false},"author":1,"featured_media":2818,"parent":1444,"menu_order":100,"comment_status":"closed","ping_status":"closed","template":"","meta":[],"_links":{"self":[{"href":"https:\/\/lookingforglobaljustice.com\/de\/wp-json\/wp\/v2\/pages\/1592"}],"collection":[{"href":"https:\/\/lookingforglobaljustice.com\/de\/wp-json\/wp\/v2\/pages"}],"about":[{"href":"https:\/\/lookingforglobaljustice.com\/de\/wp-json\/wp\/v2\/types\/page"}],"author":[{"embeddable":true,"href":"https:\/\/lookingforglobaljustice.com\/de\/wp-json\/wp\/v2\/users\/1"}],"replies":[{"embeddable":true,"href":"https:\/\/lookingforglobaljustice.com\/de\/wp-json\/wp\/v2\/comments?post=1592"}],"version-history":[{"count":12,"href":"https:\/\/lookingforglobaljustice.com\/de\/wp-json\/wp\/v2\/pages\/1592\/revisions"}],"predecessor-version":[{"id":3422,"href":"https:\/\/lookingforglobaljustice.com\/de\/wp-json\/wp\/v2\/pages\/1592\/revisions\/3422"}],"up":[{"embeddable":true,"href":"https:\/\/lookingforglobaljustice.com\/de\/wp-json\/wp\/v2\/pages\/1444"}],"wp:featuredmedia":[{"embeddable":true,"href":"https:\/\/lookingforglobaljustice.com\/de\/wp-json\/wp\/v2\/media\/2818"}],"wp:attachment":[{"href":"https:\/\/lookingforglobaljustice.com\/de\/wp-json\/wp\/v2\/media?parent=1592"}],"curies":[{"name":"wp","href":"https:\/\/api.w.org\/{rel}","templated":true}]}}