{"id":1594,"date":"2020-12-20T13:09:41","date_gmt":"2020-12-20T12:09:41","guid":{"rendered":"https:\/\/lookingforglobaljustice.com\/?page_id=1594"},"modified":"2022-06-22T15:39:28","modified_gmt":"2022-06-22T13:39:28","slug":"legate-erbschaft","status":"publish","type":"page","link":"https:\/\/lookingforglobaljustice.com\/de\/unterstuetzen-sie-uns\/legate-erbschaft\/","title":{"rendered":"Legate &#038; Erbschaft"},"content":{"rendered":"[vc_row][vc_column][vc_column_text]<strong>Mit einer Erbschaft oder einem Legat Gutes tun.<\/strong><br \/>\nViele Menschen w\u00fcnschen sich, dass ihre Werte auch \u00fcber das Leben hinaus weitergetragen werden. In Ihrem Testament k\u00f6nnen Sie ganz nach Ihren W\u00fcnschen bestimmen, wie Ihr Verm\u00f6gen vererbt wird und wie Ihr Engagement weiterleben soll. Ein Testament gibt Ihnen die Gewissheit, dass alles geregelt ist.<br \/>\nEin Legat oder eine Erbschaft f\u00fcr LOOKING FOR GLOBAL JUSTICE International ist ein lebendiges Zeichen Ihres Engagements und ein wertvolles Geschenk f\u00fcr die Menschen.<br \/>\nLOOKING FOR GLOBAL JUSTICE International ber\u00e4t Sie gerne zum Thema Nachlassplanung. Professionell, vertraulich und neutral. Gerne senden wir Ihnen kostenlos unseren Testamentsratgeber \u00abIn die Menschenrechte investieren\u00bb zu. Bestellen k\u00f6nnen Sie diesen per E-Mail, Telefon oder per Post.<br \/>\nOder Sie k\u00f6nnen den <em>Testamentsratgeber als PDF<\/em> herunterladen<\/p>\n<p>Viele Menschen m\u00f6chten \u00fcber ihr Leben hinaus Gutes tun. Mit Ihrem Legates zugunsten von LOOKING FOR GLOBAL JUSTICE helfen Sie Menschen in Not \u2013 und zwar genau dort, wo Sie es w\u00fcnschen. Finden Sie hier die wichtigsten Antworten auf Ihre Fragen zu den Themen Testament, Erbschaft und Legat.<\/p>\n<p><strong>Warum sind Erbschaften und Legate f\u00fcr LOOKING FOR GLOBAL JUSTICE International wichtig?<\/strong><br \/>\nLegate und Erbschaften sind deshalb wichtig, weil sie unsere Arbeit langfristig unterst\u00fctzen. Oft handelt es sich um Betr\u00e4ge, die wir f\u00fcr unsere dringendsten Aufgaben frei verwenden k\u00f6nnen.<\/p>\n<p><strong>Wie kann ich LOOKING FOR GLOBAL JUSTICE International einen Teil meines Legates hinterlassen?<\/strong><br \/>\nLegate und Erbschaften sind deshalb wichtig, weil sie unsere Arbeit langfristig unterst\u00fctzen. Oft handelt es sich um Betr\u00e4ge, die wir f\u00fcr unsere dringendsten Aufgaben frei verwenden k\u00f6nnen.<\/p>\n<p><strong>Was ist der Unterschied zwischen einer Erbschaft und einem Legat?<\/strong><br \/>\nSie m\u00fcssen LOOKING FOR GLOBAL JUSTICE International als Legate-Nehmerin oder als Erbin in Ihrem Testament auff\u00fchren. Ein Testament ist daf\u00fcr zwingend notwendig.<\/p>\n<p><strong>Kann ich bestimmen, f\u00fcr welches Projekt mein Nachlass eingesetzt wird?<\/strong><br \/>\nUns ist es wichtig, dass Sie mitentscheiden, welches Projekt Sie mit Ihrem Nachlass unterst\u00fctzen wollen. Sie bestimmen in Ihrem Testament, ob Sie Kindern in Entwicklungsl\u00e4ndern den Schulbesuch erm\u00f6glichen oder armen Menschen Weltweit helfen. In der Regel w\u00fcnschen die Erblasser oder Legate-Geber, dass wir ihren Nachlass f\u00fcr die dringendsten Aufgaben verwenden. Solche Spenden sind f\u00fcr uns au\u00dferordentlich wichtig und wir bedanken uns f\u00fcr das entgegengebrachte Vertrauen. Eine \u00dcbersicht \u00fcber unsere Projekte finden Sie auf unserer Projektseite.<\/p>\n<p><strong>Wie sicher kann ich sein, dass mein Nachlass sinnvoll verwendet wird?<\/strong><br \/>\nWir versprechen Ihnen, dass wir Ihr Verm\u00e4chtnis mit gro\u00dfer Sorgfalt pflegen. Transparenz und Offenheit sind uns wichtige Anliegen. Jederzeit k\u00f6nnen Sie sich auch im pers\u00f6nlichen Gespr\u00e4ch mit den LOOKING FOR GLOBAL JUSTICE-Verantwortlichen ein Bild von unserer Arbeit machen.<\/p>\n<p><strong>Wie kann ich mich n\u00e4her informieren?<\/strong><br \/>\nRufen sie uns an. Im pers\u00f6nlichen Gespr\u00e4ch k\u00f6nnen wir Sie am besten beraten. Oder bestellen Sie unseren Leitfaden zum Testament \u00abSo m\u00f6chte ich meinen Nachlass regeln\u00bb in unserem Onlineshop.<\/p>\n<p><strong>Wie verfasse ich ein Testament?<\/strong><br \/>\nHier finden Sie ein <em><a href=\"https:\/\/lookingforglobaljustice.com\/wp-content\/uploads\/2021\/01\/vertrag-eine-schenkung-auch-als-spende-deutsch.pdf\" target=\"_blank\" rel=\"noopener noreferrer\"><strong>TESTAMENT-VORLAGE<\/strong> (PDF)<\/a>.<\/em> Das Testament muss immer komplett handschriftlich verfasst werden und Datum und Unterschrift beinhalten.<\/p>\n<p><strong>Ich will meine ganze Altersvorsorge regeln<\/strong><br \/>\nDas ist ein guter Schritt. Gestalten Sie Ihr Leben bis zum Schluss selbst bestimmt. Ihre Hinterbliebenen werden es Ihnen danken, wenn sie Ihren letzten Willen kennen und in Ihrem Sinn entscheiden k\u00f6nnen. Mit der LOOKING FOR GLOBAL JUSTICE-Vorsorgemappe regeln Sie alle Dinge in einem Dossier. Die Vorsorge-Mappe k\u00f6nnen Sie in unserem Onlineshop bestellen.<\/p>\n<p><strong>Wie verfasse ich ein Testament?<\/strong><br \/>\nDas eigenh\u00e4ndige Testament<br \/>\nDas eigenh\u00e4ndige Testament schreiben Sie vom Anfang bis zum Schluss von Hand. Am Ende notieren Sie das Datum und unterschreiben das Dokument.<\/p>\n<p>Pr\u00fcfen Sie Ihre S\u00e4tze sorgf\u00e4ltig, um Missverst\u00e4ndnisse zu vermeiden. Unklare Formulierungen k\u00f6nnen im schlimmsten Fall zu Streit unter den Erben f\u00fchren. Aussagen wie \u00abMeine Nichte Berta soll das Haus bekommen\u00bb lassen sich unterschiedlich interpretieren: Zu welchen Bedingungen kann Berta das Haus \u00fcbernehmen? Muss sie die anderen Erben auszahlen?<\/p>\n<p>Am besten lassen Sie Ihr Testament von einem Notar, einem Anwalt oder einer anderen Fachperson kontrollieren, um solche Stolpersteine zu vermeiden.<\/p>\n<p>Je nach pers\u00f6nlicher Situation ist es sinnvoll, Ihrem Testament eine \u00e4rztliche Bescheinigung Ihrer Urteilsf\u00e4higkeit beizulegen. Dies verhindert zum Beispiel bei einer beginnenden Demenz-Erkrankung, dass Ihr Testament aufgrund der Krankheit als ung\u00fcltig erkl\u00e4rt wird.<\/p>\n<p>Das \u00f6ffentliche Testament<br \/>\nDas \u00f6ffentliche Testament verfassen Sie nicht eigenh\u00e4ndig, sondern gemeinsam mit einem Notar oder einer Urkundsperson. Zum Schluss beurkunden der Notar und zwei Zeugen das Testament. Diese Zeugen d\u00fcrfen weder mit Ihnen verwandt sein, noch in Ihrem Testament erw\u00e4hnt werden.<\/p>\n<p>Die Zeugen best\u00e4tigen mit ihrer Unterschrift Ihre Urteilsf\u00e4higkeit, ohne den Inhalt des Testaments zu kennen.<br \/>\nDas \u00f6ffentliche Testament hinterlegen Sie nach Abschluss bei der zust\u00e4ndigen Amtsstelle, zum Beispiel dem Erbschaftsamt oder einem Notariat.[\/vc_column_text][\/vc_column][\/vc_row]\n","protected":false},"excerpt":{"rendered":"<p>[vc_row][vc_column][vc_column_text]Mit einer Erbschaft oder einem Legat Gutes tun. Viele Menschen w\u00fcnschen sich, dass ihre Werte auch \u00fcber das Leben hinaus weitergetragen werden. In Ihrem Testament k\u00f6nnen Sie ganz nach Ihren W\u00fcnschen bestimmen, wie Ihr Verm\u00f6gen vererbt wird und wie Ihr Engagement weiterleben soll. Ein Testament&#8230;<\/p>\n","protected":false},"author":1,"featured_media":2315,"parent":1444,"menu_order":105,"comment_status":"closed","ping_status":"closed","template":"","meta":[],"_links":{"self":[{"href":"https:\/\/lookingforglobaljustice.com\/de\/wp-json\/wp\/v2\/pages\/1594"}],"collection":[{"href":"https:\/\/lookingforglobaljustice.com\/de\/wp-json\/wp\/v2\/pages"}],"about":[{"href":"https:\/\/lookingforglobaljustice.com\/de\/wp-json\/wp\/v2\/types\/page"}],"author":[{"embeddable":true,"href":"https:\/\/lookingforglobaljustice.com\/de\/wp-json\/wp\/v2\/users\/1"}],"replies":[{"embeddable":true,"href":"https:\/\/lookingforglobaljustice.com\/de\/wp-json\/wp\/v2\/comments?post=1594"}],"version-history":[{"count":12,"href":"https:\/\/lookingforglobaljustice.com\/de\/wp-json\/wp\/v2\/pages\/1594\/revisions"}],"predecessor-version":[{"id":6902,"href":"https:\/\/lookingforglobaljustice.com\/de\/wp-json\/wp\/v2\/pages\/1594\/revisions\/6902"}],"up":[{"embeddable":true,"href":"https:\/\/lookingforglobaljustice.com\/de\/wp-json\/wp\/v2\/pages\/1444"}],"wp:featuredmedia":[{"embeddable":true,"href":"https:\/\/lookingforglobaljustice.com\/de\/wp-json\/wp\/v2\/media\/2315"}],"wp:attachment":[{"href":"https:\/\/lookingforglobaljustice.com\/de\/wp-json\/wp\/v2\/media?parent=1594"}],"curies":[{"name":"wp","href":"https:\/\/api.w.org\/{rel}","templated":true}]}}