{"id":1743,"date":"2020-12-22T16:02:40","date_gmt":"2020-12-22T15:02:40","guid":{"rendered":"https:\/\/staging.lookingforglobaljustice.com\/?page_id=1743"},"modified":"2022-02-21T21:47:45","modified_gmt":"2022-02-21T20:47:45","slug":"erfolgreich-realisierte-projekte","status":"publish","type":"page","link":"https:\/\/lookingforglobaljustice.com\/de\/projektstatus\/erfolgreich-realisierte-projekte\/","title":{"rendered":"Erfolgreich realisierte Projekte"},"content":{"rendered":"[vc_row][vc_column][vc_column_text]Hier finden Sie abgeschlossene Projekte, die LOOKING FOR GLOBAL JUSTICE zusammen mit seinen Spendern und der lokalen Bev\u00f6lkerung durchgef\u00fchrt haben. Aus finanziellen Gr\u00fcnden waren alle Projekte nur durch das Engagement von Spender und Freiwilligen Leute m\u00f6glich. Daf\u00fcr bedanken wir uns ganz herzlich bei allen Teilnehmern, ohne Sie w\u00e4re dies nicht m\u00f6glich gewesen.<\/p>\n<p>Wir bem\u00fchen uns, Lebensr\u00e4ume, Tiere, Pflanzen und alles um uns herum zu sch\u00fctzen. Alles, was wir in unserer Natur verlieren, ist verschwunden und f\u00e4llt nicht mehr zur\u00fcck. Wenn ein Tier ausstirbt, ist ein ganzes \u00d6kosystem bedroht.[\/vc_column_text][vc_text_separator title=&#8221;Unten ist ein Update der neuesten Projekte.&#8221; i_icon_fontawesome=&#8221;fab fa-pagelines&#8221; i_color=&#8221;green&#8221; add_icon=&#8221;true&#8221;][\/vc_column][\/vc_row][vc_row][vc_column][vc_column_text]<div class=\"projects lfg-projects\"><div class=\"row\">\t\t\t<div class=\"project-column col-md-4\">\r\n\t\t\t\t<div class=\"project project-2808\">\r\n\t\t\t\t\t<div class=\"project-thumb\">\r\n\t\t\t\t\t\t\t\t\t\t\t\t\t<a class=\"pt-link thumb\" href=\"https:\/\/lookingforglobaljustice.com\/de\/projekt\/einweihungen-von-wasserbrunnen-in-aethiopien\/\">\r\n\t\t\t\t\t\t\t\t<img width=\"1920\" height=\"1280\" src=\"https:\/\/lookingforglobaljustice.com\/wp-content\/uploads\/2021\/02\/clean-water-system-in-africa.jpg\" class=\"attachment-post-thumbnail size-post-thumbnail wp-post-image\" alt=\"\" loading=\"lazy\" srcset=\"https:\/\/lookingforglobaljustice.com\/wp-content\/uploads\/2021\/02\/clean-water-system-in-africa.jpg 1920w, https:\/\/lookingforglobaljustice.com\/wp-content\/uploads\/2021\/02\/clean-water-system-in-africa-300x200.jpg 300w, https:\/\/lookingforglobaljustice.com\/wp-content\/uploads\/2021\/02\/clean-water-system-in-africa-1024x683.jpg 1024w, https:\/\/lookingforglobaljustice.com\/wp-content\/uploads\/2021\/02\/clean-water-system-in-africa-768x512.jpg 768w, https:\/\/lookingforglobaljustice.com\/wp-content\/uploads\/2021\/02\/clean-water-system-in-africa-1536x1024.jpg 1536w, https:\/\/lookingforglobaljustice.com\/wp-content\/uploads\/2021\/02\/clean-water-system-in-africa-645x430.jpg 645w, https:\/\/lookingforglobaljustice.com\/wp-content\/uploads\/2021\/02\/clean-water-system-in-africa-360x240.jpg 360w, https:\/\/lookingforglobaljustice.com\/wp-content\/uploads\/2021\/02\/clean-water-system-in-africa-135x90.jpg 135w, https:\/\/lookingforglobaljustice.com\/wp-content\/uploads\/2021\/02\/clean-water-system-in-africa-600x400.jpg 600w\" sizes=\"(max-width: 1920px) 100vw, 1920px\" \/>\t\t\t\t\t\t\t<\/a>\r\n\t\t\t\t\t\t\t\t\t\t\t<\/div>\r\n\t\t\t\t\t<div class=\"project-content\">\r\n\t\t\t\t\t\t<a href=\"https:\/\/lookingforglobaljustice.com\/de\/projekt\/einweihungen-von-wasserbrunnen-in-aethiopien\/\">\r\n\t\t\t\t\t\t\t<h3 class=\"project-title\">Einweihungen von Wasserbrunnen in \u00c4thiopien<\/h3>\t\t\t\t\t\t<\/a>\r\n\t\t\t\t\t\t<div class=\"content\">\r\n\t\t\t\t\t\t\t<p>In \u00c4thiopien haben wir daf\u00fcr gesorgt, dass die, dass die Kinder in der Schule ausreichend sauberes Wasser bekommen. Wir haben Mit der Wasserpumpe angerichtet, die Wasserpumpe erm\u00f6glicht der Dorfgemeinschaft den Zugang zu sauberem Trinkwasser.<\/p>\n\t\t\t\t\t\t<\/div>\r\n\t\t\t\t\t\t\t\t\t\t\t\t<a class=\"link-fa btn-project-read-more2 bbb\" href=\"https:\/\/lookingforglobaljustice.com\/de\/projekt\/einweihungen-von-wasserbrunnen-in-aethiopien\/\">\r\n\t\t\t\t\t\t\tMehr <span class=\"fa fa-chevron-right\"><\/span>\r\n\t\t\t\t\t\t<\/a>\r\n\t\t\t\t\t<\/div>\r\n\t\t\t\t\t\r\n\t\t\t\t<\/div>\r\n\t\t\t<\/div>\r\n\t\t\t<\/div><div class=\"projects-pagination\"><\/div><\/div>[\/vc_column_text][\/vc_column][\/vc_row]\n","protected":false},"excerpt":{"rendered":"<p>[vc_row][vc_column][vc_column_text]Hier finden Sie abgeschlossene Projekte, die LOOKING FOR GLOBAL JUSTICE zusammen mit seinen Spendern und der lokalen Bev\u00f6lkerung durchgef\u00fchrt haben. Aus finanziellen Gr\u00fcnden waren alle&#8230;<\/p>\n","protected":false},"author":1,"featured_media":2302,"parent":1572,"menu_order":20,"comment_status":"closed","ping_status":"closed","template":"","meta":[],"_links":{"self":[{"href":"https:\/\/lookingforglobaljustice.com\/de\/wp-json\/wp\/v2\/pages\/1743"}],"collection":[{"href":"https:\/\/lookingforglobaljustice.com\/de\/wp-json\/wp\/v2\/pages"}],"about":[{"href":"https:\/\/lookingforglobaljustice.com\/de\/wp-json\/wp\/v2\/types\/page"}],"author":[{"embeddable":true,"href":"https:\/\/lookingforglobaljustice.com\/de\/wp-json\/wp\/v2\/users\/1"}],"replies":[{"embeddable":true,"href":"https:\/\/lookingforglobaljustice.com\/de\/wp-json\/wp\/v2\/comments?post=1743"}],"version-history":[{"count":5,"href":"https:\/\/lookingforglobaljustice.com\/de\/wp-json\/wp\/v2\/pages\/1743\/revisions"}],"predecessor-version":[{"id":6869,"href":"https:\/\/lookingforglobaljustice.com\/de\/wp-json\/wp\/v2\/pages\/1743\/revisions\/6869"}],"up":[{"embeddable":true,"href":"https:\/\/lookingforglobaljustice.com\/de\/wp-json\/wp\/v2\/pages\/1572"}],"wp:featuredmedia":[{"embeddable":true,"href":"https:\/\/lookingforglobaljustice.com\/de\/wp-json\/wp\/v2\/media\/2302"}],"wp:attachment":[{"href":"https:\/\/lookingforglobaljustice.com\/de\/wp-json\/wp\/v2\/media?parent=1743"}],"curies":[{"name":"wp","href":"https:\/\/api.w.org\/{rel}","templated":true}]}}