{"id":1787,"date":"2020-12-23T13:12:57","date_gmt":"2020-12-23T12:12:57","guid":{"rendered":"https:\/\/staging.lookingforglobaljustice.com\/?page_id=1787"},"modified":"2021-02-16T10:21:04","modified_gmt":"2021-02-16T09:21:04","slug":"projekte-die-auf-der-warteliste-stehen","status":"publish","type":"page","link":"https:\/\/lookingforglobaljustice.com\/de\/projektstatus\/projekte-die-auf-der-warteliste-stehen\/","title":{"rendered":"Projekte die auf der Warteliste stehen"},"content":{"rendered":"[vc_row][vc_column][vc_column_text]Im laufenden Jahr wurden immer mehr Hilfsprojekte gespendet. Mit den finanziellen Mitteln unserer Spender zur Unterst\u00fctzung der Projektumsetzung haben wir bisher sehr gute R\u00fcckmeldungen erhalten.<br \/>\nGl\u00fccklicherweise spenden immer mehr Spender f\u00fcr verschiedene Projekte, so dass die Wartezeit f\u00fcr eine Projektgeb\u00fchr sehr kurz ist. Auf diese Weise k\u00f6nnen Wartelisten erheblich reduziert werden.<br \/>\nPr\u00e4sentation des Projekts zu Beginn einiger Petitionen auf der Warteliste pr\u00e4sentieren wir eine aussagekr\u00e4ftige einer Visualisierung. Sobald Geld f\u00fcr eine bestimmte Petition gesammelt wurde, beauftragen wir den Architekten, die endg\u00fcltigen Zeichnungen zu erstellen und das Projekt auszuf\u00fchren.<br \/>\nVor dem Starten einzelner Aufgaben sollte die Form des Projekts definiert werden. Auf diese Weise ist klar strukturiert, wie es ausf\u00fchren soll.<\/p>\n<p>Wir freuen uns \u00fcber jede Spende f\u00fcr wohlt\u00e4tige Zwecke.[\/vc_column_text][vc_text_separator title=&#8221;Unten ist ein Update der neuesten Projekte.&#8221; i_icon_fontawesome=&#8221;fab fa-pagelines&#8221; i_color=&#8221;green&#8221; add_icon=&#8221;true&#8221;][\/vc_column][\/vc_row][vc_row][vc_column][vc_column_text]<div class=\"projects lfg-projects\"><div class=\"row\">\t\t\t<div class=\"project-column col-md-4\">\r\n\t\t\t\t<div class=\"project project-2829\">\r\n\t\t\t\t\t<div class=\"project-thumb\">\r\n\t\t\t\t\t\t\t\t\t\t\t\t\t<a class=\"pt-link thumb\" href=\"https:\/\/lookingforglobaljustice.com\/de\/projekt\/park-fuer-verschiedene-tiere\/\">\r\n\t\t\t\t\t\t\t\t<img width=\"1920\" height=\"1280\" src=\"https:\/\/lookingforglobaljustice.com\/wp-content\/uploads\/2021\/02\/spenden-fur-kinder.jpg\" class=\"attachment-post-thumbnail size-post-thumbnail wp-post-image\" alt=\"\" loading=\"lazy\" srcset=\"https:\/\/lookingforglobaljustice.com\/wp-content\/uploads\/2021\/02\/spenden-fur-kinder.jpg 1920w, https:\/\/lookingforglobaljustice.com\/wp-content\/uploads\/2021\/02\/spenden-fur-kinder-300x200.jpg 300w, https:\/\/lookingforglobaljustice.com\/wp-content\/uploads\/2021\/02\/spenden-fur-kinder-1024x683.jpg 1024w, https:\/\/lookingforglobaljustice.com\/wp-content\/uploads\/2021\/02\/spenden-fur-kinder-768x512.jpg 768w, https:\/\/lookingforglobaljustice.com\/wp-content\/uploads\/2021\/02\/spenden-fur-kinder-1536x1024.jpg 1536w, https:\/\/lookingforglobaljustice.com\/wp-content\/uploads\/2021\/02\/spenden-fur-kinder-645x430.jpg 645w, https:\/\/lookingforglobaljustice.com\/wp-content\/uploads\/2021\/02\/spenden-fur-kinder-360x240.jpg 360w, https:\/\/lookingforglobaljustice.com\/wp-content\/uploads\/2021\/02\/spenden-fur-kinder-135x90.jpg 135w, https:\/\/lookingforglobaljustice.com\/wp-content\/uploads\/2021\/02\/spenden-fur-kinder-600x400.jpg 600w\" sizes=\"(max-width: 1920px) 100vw, 1920px\" \/>\t\t\t\t\t\t\t<\/a>\r\n\t\t\t\t\t\t\t\t\t\t\t<\/div>\r\n\t\t\t\t\t<div class=\"project-content\">\r\n\t\t\t\t\t\t<a href=\"https:\/\/lookingforglobaljustice.com\/de\/projekt\/park-fuer-verschiedene-tiere\/\">\r\n\t\t\t\t\t\t\t<h3 class=\"project-title\">Park f\u00fcr verschiedene Tierarten<\/h3>\t\t\t\t\t\t<\/a>\r\n\t\t\t\t\t\t<div class=\"content\">\r\n\t\t\t\t\t\t\t<p>Ein Park f\u00fcr verschiedene Tiere wird gebaut. Die Landfl\u00e4che betr\u00e4gt 100.000 Quadratmeter. Wir haben die Unterschriften f\u00fcr diese Petition gesammelt. Vielen Dank an alle, die&#8230;<\/p>\n\t\t\t\t\t\t<\/div>\r\n\t\t\t\t\t\t\t\t\t\t\t\t<a class=\"link-fa btn-project-read-more2 bbb\" href=\"https:\/\/lookingforglobaljustice.com\/de\/projekt\/park-fuer-verschiedene-tiere\/\">\r\n\t\t\t\t\t\t\tMehr <span class=\"fa fa-chevron-right\"><\/span>\r\n\t\t\t\t\t\t<\/a>\r\n\t\t\t\t\t<\/div>\r\n\t\t\t\t\t\r\n\t\t\t\t<\/div>\r\n\t\t\t<\/div>\r\n\t\t\t\t\t\t<div class=\"project-column col-md-4\">\r\n\t\t\t\t<div class=\"project project-6647\">\r\n\t\t\t\t\t<div class=\"project-thumb\">\r\n\t\t\t\t\t\t\t\t\t\t\t\t\t<a class=\"pt-link thumb\" href=\"https:\/\/lookingforglobaljustice.com\/de\/projekt\/siebenundzwanzig-jahre-nach-dem-krieg-in-bosnien\/\">\r\n\t\t\t\t\t\t\t\t<img width=\"1920\" height=\"1231\" src=\"https:\/\/lookingforglobaljustice.com\/wp-content\/uploads\/2022\/02\/oosstt.jpg\" class=\"attachment-post-thumbnail size-post-thumbnail wp-post-image\" alt=\"\" loading=\"lazy\" srcset=\"https:\/\/lookingforglobaljustice.com\/wp-content\/uploads\/2022\/02\/oosstt.jpg 1920w, https:\/\/lookingforglobaljustice.com\/wp-content\/uploads\/2022\/02\/oosstt-300x192.jpg 300w, https:\/\/lookingforglobaljustice.com\/wp-content\/uploads\/2022\/02\/oosstt-1024x657.jpg 1024w, https:\/\/lookingforglobaljustice.com\/wp-content\/uploads\/2022\/02\/oosstt-768x492.jpg 768w, https:\/\/lookingforglobaljustice.com\/wp-content\/uploads\/2022\/02\/oosstt-1536x985.jpg 1536w, https:\/\/lookingforglobaljustice.com\/wp-content\/uploads\/2022\/02\/oosstt-671x430.jpg 671w, https:\/\/lookingforglobaljustice.com\/wp-content\/uploads\/2022\/02\/oosstt-360x231.jpg 360w, https:\/\/lookingforglobaljustice.com\/wp-content\/uploads\/2022\/02\/oosstt-140x90.jpg 140w, https:\/\/lookingforglobaljustice.com\/wp-content\/uploads\/2022\/02\/oosstt-600x385.jpg 600w\" sizes=\"(max-width: 1920px) 100vw, 1920px\" \/>\t\t\t\t\t\t\t<\/a>\r\n\t\t\t\t\t\t\t\t\t\t\t<\/div>\r\n\t\t\t\t\t<div class=\"project-content\">\r\n\t\t\t\t\t\t<a href=\"https:\/\/lookingforglobaljustice.com\/de\/projekt\/siebenundzwanzig-jahre-nach-dem-krieg-in-bosnien\/\">\r\n\t\t\t\t\t\t\t<h3 class=\"project-title\">Siebenundzwanzig Jahre nach dem Krieg in Bosnien<\/h3>\t\t\t\t\t\t<\/a>\r\n\t\t\t\t\t\t<div class=\"content\">\r\n\t\t\t\t\t\t\t<p>[vc_row][vc_column][vc_column_text] Siebenundzwanzig Jahre nach dem Krieg in Bosnien und Herzegowina sind die meisten H\u00e4user in Ostra Luka, Tolisa und Donja Mahala vollst\u00e4ndig zerst\u00f6rt. Um den&#8230;<\/p>\n\t\t\t\t\t\t<\/div>\r\n\t\t\t\t\t\t\t\t\t\t\t\t<a class=\"link-fa btn-project-read-more2 bbb\" href=\"https:\/\/lookingforglobaljustice.com\/de\/projekt\/siebenundzwanzig-jahre-nach-dem-krieg-in-bosnien\/\">\r\n\t\t\t\t\t\t\tMehr <span class=\"fa fa-chevron-right\"><\/span>\r\n\t\t\t\t\t\t<\/a>\r\n\t\t\t\t\t<\/div>\r\n\t\t\t\t\t\r\n\t\t\t\t<\/div>\r\n\t\t\t<\/div>\r\n\t\t\t\t\t\t<div class=\"project-column col-md-4\">\r\n\t\t\t\t<div class=\"project project-6939\">\r\n\t\t\t\t\t<div class=\"project-thumb\">\r\n\t\t\t\t\t\t\t\t\t\t\t\t\t<a class=\"pt-link thumb\" href=\"https:\/\/lookingforglobaljustice.com\/de\/projekt\/hilfe-fuer-die-ausbildung-von-kindern-in-simbabwe-afrika\/\">\r\n\t\t\t\t\t\t\t\t<img width=\"1222\" height=\"1067\" src=\"https:\/\/lookingforglobaljustice.com\/wp-content\/uploads\/2022\/11\/vimbainashe-trust.jpg\" class=\"attachment-post-thumbnail size-post-thumbnail wp-post-image\" alt=\"\" loading=\"lazy\" srcset=\"https:\/\/lookingforglobaljustice.com\/wp-content\/uploads\/2022\/11\/vimbainashe-trust.jpg 1222w, https:\/\/lookingforglobaljustice.com\/wp-content\/uploads\/2022\/11\/vimbainashe-trust-300x262.jpg 300w, https:\/\/lookingforglobaljustice.com\/wp-content\/uploads\/2022\/11\/vimbainashe-trust-1024x894.jpg 1024w, https:\/\/lookingforglobaljustice.com\/wp-content\/uploads\/2022\/11\/vimbainashe-trust-768x671.jpg 768w, https:\/\/lookingforglobaljustice.com\/wp-content\/uploads\/2022\/11\/vimbainashe-trust-492x430.jpg 492w, https:\/\/lookingforglobaljustice.com\/wp-content\/uploads\/2022\/11\/vimbainashe-trust-292x255.jpg 292w, https:\/\/lookingforglobaljustice.com\/wp-content\/uploads\/2022\/11\/vimbainashe-trust-103x90.jpg 103w, https:\/\/lookingforglobaljustice.com\/wp-content\/uploads\/2022\/11\/vimbainashe-trust-600x524.jpg 600w\" sizes=\"(max-width: 1222px) 100vw, 1222px\" \/>\t\t\t\t\t\t\t<\/a>\r\n\t\t\t\t\t\t\t\t\t\t\t<\/div>\r\n\t\t\t\t\t<div class=\"project-content\">\r\n\t\t\t\t\t\t<a href=\"https:\/\/lookingforglobaljustice.com\/de\/projekt\/hilfe-fuer-die-ausbildung-von-kindern-in-simbabwe-afrika\/\">\r\n\t\t\t\t\t\t\t<h3 class=\"project-title\">Hilfe f\u00fcr die Ausbildung von Kindern in Simbabwe, Afrika<\/h3>\t\t\t\t\t\t<\/a>\r\n\t\t\t\t\t\t<div class=\"content\">\r\n\t\t\t\t\t\t\t<p>[vc_row css=&#8221;.vc_custom_1669042420561{margin-top: 50px !important;}&#8221;][vc_column][vc_column_text] Vimbainashe Trust Haushalt 2022-2025 (1) &#8211; PDF Vimbainashe Trust Haushalt 2022-2025 &#8211; PDF Vimbainashe Trust Profil &#8211; PDF \u00dcberwachungsrahmen &#8211; PDF&#8230;<\/p>\n\t\t\t\t\t\t<\/div>\r\n\t\t\t\t\t\t\t\t\t\t\t\t<a class=\"link-fa btn-project-read-more2 bbb\" href=\"https:\/\/lookingforglobaljustice.com\/de\/projekt\/hilfe-fuer-die-ausbildung-von-kindern-in-simbabwe-afrika\/\">\r\n\t\t\t\t\t\t\tMehr <span class=\"fa fa-chevron-right\"><\/span>\r\n\t\t\t\t\t\t<\/a>\r\n\t\t\t\t\t<\/div>\r\n\t\t\t\t\t\r\n\t\t\t\t<\/div>\r\n\t\t\t<\/div>\r\n\t\t\t<\/div><div class=\"projects-pagination\"><\/div><\/div>[\/vc_column_text][\/vc_column][\/vc_row]\n","protected":false},"excerpt":{"rendered":"<p>[vc_row][vc_column][vc_column_text]Im laufenden Jahr wurden immer mehr Hilfsprojekte gespendet. Mit den finanziellen Mitteln unserer Spender zur Unterst\u00fctzung der Projektumsetzung haben wir bisher sehr gute R\u00fcckmeldungen erhalten&#8230;.<\/p>\n","protected":false},"author":1,"featured_media":2898,"parent":1572,"menu_order":26,"comment_status":"closed","ping_status":"closed","template":"","meta":[],"_links":{"self":[{"href":"https:\/\/lookingforglobaljustice.com\/de\/wp-json\/wp\/v2\/pages\/1787"}],"collection":[{"href":"https:\/\/lookingforglobaljustice.com\/de\/wp-json\/wp\/v2\/pages"}],"about":[{"href":"https:\/\/lookingforglobaljustice.com\/de\/wp-json\/wp\/v2\/types\/page"}],"author":[{"embeddable":true,"href":"https:\/\/lookingforglobaljustice.com\/de\/wp-json\/wp\/v2\/users\/1"}],"replies":[{"embeddable":true,"href":"https:\/\/lookingforglobaljustice.com\/de\/wp-json\/wp\/v2\/comments?post=1787"}],"version-history":[{"count":9,"href":"https:\/\/lookingforglobaljustice.com\/de\/wp-json\/wp\/v2\/pages\/1787\/revisions"}],"predecessor-version":[{"id":2964,"href":"https:\/\/lookingforglobaljustice.com\/de\/wp-json\/wp\/v2\/pages\/1787\/revisions\/2964"}],"up":[{"embeddable":true,"href":"https:\/\/lookingforglobaljustice.com\/de\/wp-json\/wp\/v2\/pages\/1572"}],"wp:featuredmedia":[{"embeddable":true,"href":"https:\/\/lookingforglobaljustice.com\/de\/wp-json\/wp\/v2\/media\/2898"}],"wp:attachment":[{"href":"https:\/\/lookingforglobaljustice.com\/de\/wp-json\/wp\/v2\/media?parent=1787"}],"curies":[{"name":"wp","href":"https:\/\/api.w.org\/{rel}","templated":true}]}}