{"id":1803,"date":"2020-12-27T12:27:12","date_gmt":"2020-12-27T11:27:12","guid":{"rendered":"https:\/\/staging.lookingforglobaljustice.com\/?page_id=1803"},"modified":"2021-02-16T10:20:31","modified_gmt":"2021-02-16T09:20:31","slug":"laufende-projekte","status":"publish","type":"page","link":"https:\/\/lookingforglobaljustice.com\/de\/projektstatus\/laufende-projekte\/","title":{"rendered":"Laufende Projekte"},"content":{"rendered":"[vc_row][vc_column][vc_column_text]Alle geplanten Projekte werden m\u00f6glichst genau beschrieben, Zweck des Projektes, Totalunternehmung, Architekten, Zeitraum der Realisierung, Gesamtes Investitionsvolumen.<br \/>\nWir stellen alle Angaben transparent dar.<\/p>\n<p>Der Strukturplan schafft Transparenz und eine Basis, auf die unsere Spender jederzeit Informationen bekommen k\u00f6nnen.[\/vc_column_text][vc_text_separator title=&#8221;Unten ist ein Update der neuesten Projekte.&#8221; i_icon_fontawesome=&#8221;fab fa-pagelines&#8221; i_color=&#8221;green&#8221; add_icon=&#8221;true&#8221;][\/vc_column][\/vc_row][vc_row][vc_column][vc_column_text]<div class=\"projects lfg-projects\"><div class=\"row\">\t\t\t<div class=\"project-column col-md-4\">\r\n\t\t\t\t<div class=\"project project-2788\">\r\n\t\t\t\t\t<div class=\"project-thumb\">\r\n\t\t\t\t\t\t\t\t\t\t\t\t\t<a class=\"pt-link thumb\" href=\"https:\/\/lookingforglobaljustice.com\/de\/projekt\/gestaltung-des-naturschutzes-der-verschiedenen-tiere\/\">\r\n\t\t\t\t\t\t\t\t<img width=\"1920\" height=\"1280\" src=\"https:\/\/lookingforglobaljustice.com\/wp-content\/uploads\/2021\/02\/unterzeichnen-sie-petitionen-gegen-die-massentierhaltung.jpg\" class=\"attachment-post-thumbnail size-post-thumbnail wp-post-image\" alt=\"\" loading=\"lazy\" srcset=\"https:\/\/lookingforglobaljustice.com\/wp-content\/uploads\/2021\/02\/unterzeichnen-sie-petitionen-gegen-die-massentierhaltung.jpg 1920w, https:\/\/lookingforglobaljustice.com\/wp-content\/uploads\/2021\/02\/unterzeichnen-sie-petitionen-gegen-die-massentierhaltung-300x200.jpg 300w, https:\/\/lookingforglobaljustice.com\/wp-content\/uploads\/2021\/02\/unterzeichnen-sie-petitionen-gegen-die-massentierhaltung-1024x683.jpg 1024w, https:\/\/lookingforglobaljustice.com\/wp-content\/uploads\/2021\/02\/unterzeichnen-sie-petitionen-gegen-die-massentierhaltung-768x512.jpg 768w, https:\/\/lookingforglobaljustice.com\/wp-content\/uploads\/2021\/02\/unterzeichnen-sie-petitionen-gegen-die-massentierhaltung-1536x1024.jpg 1536w, https:\/\/lookingforglobaljustice.com\/wp-content\/uploads\/2021\/02\/unterzeichnen-sie-petitionen-gegen-die-massentierhaltung-645x430.jpg 645w, https:\/\/lookingforglobaljustice.com\/wp-content\/uploads\/2021\/02\/unterzeichnen-sie-petitionen-gegen-die-massentierhaltung-360x240.jpg 360w, https:\/\/lookingforglobaljustice.com\/wp-content\/uploads\/2021\/02\/unterzeichnen-sie-petitionen-gegen-die-massentierhaltung-135x90.jpg 135w, https:\/\/lookingforglobaljustice.com\/wp-content\/uploads\/2021\/02\/unterzeichnen-sie-petitionen-gegen-die-massentierhaltung-600x400.jpg 600w\" sizes=\"(max-width: 1920px) 100vw, 1920px\" \/>\t\t\t\t\t\t\t<\/a>\r\n\t\t\t\t\t\t\t\t\t\t\t<\/div>\r\n\t\t\t\t\t<div class=\"project-content\">\r\n\t\t\t\t\t\t<a href=\"https:\/\/lookingforglobaljustice.com\/de\/projekt\/gestaltung-des-naturschutzes-der-verschiedenen-tiere\/\">\r\n\t\t\t\t\t\t\t<h3 class=\"project-title\">Gestaltung des Naturschutzes der verschiedenen Tiere<\/h3>\t\t\t\t\t\t<\/a>\r\n\t\t\t\t\t\t<div class=\"content\">\r\n\t\t\t\t\t\t\t<p>[vc_row][vc_column][vc_column_text]Auf Anfrage von Beh\u00f6rde aus Bosnien und Herzegowina, um unsere Website-Struktur zu nutzen, um eine Petition durchzuf\u00fchren, haben wir nat\u00fcrlich unsere Petitionsstruktur zur Verf\u00fcgung gestellt&#8230;.<\/p>\n\t\t\t\t\t\t<\/div>\r\n\t\t\t\t\t\t\t\t\t\t\t\t<a class=\"link-fa btn-project-read-more2 bbb\" href=\"https:\/\/lookingforglobaljustice.com\/de\/projekt\/gestaltung-des-naturschutzes-der-verschiedenen-tiere\/\">\r\n\t\t\t\t\t\t\tVorstellung der Projektentwicklung und ihrer aktuellen Umsetzungsschritte. <span class=\"fa fa-chevron-right\"><\/span>\r\n\t\t\t\t\t\t<\/a>\r\n\t\t\t\t\t<\/div>\r\n\t\t\t\t\t\r\n\t\t\t\t<\/div>\r\n\t\t\t<\/div>\r\n\t\t\t<\/div><div class=\"projects-pagination\"><\/div><\/div>[\/vc_column_text][\/vc_column][\/vc_row]\n","protected":false},"excerpt":{"rendered":"<p>[vc_row][vc_column][vc_column_text]Alle geplanten Projekte werden m\u00f6glichst genau beschrieben, Zweck des Projektes, Totalunternehmung, Architekten, Zeitraum der Realisierung, Gesamtes Investitionsvolumen. Wir stellen alle Angaben transparent dar. Der Strukturplan&#8230;<\/p>\n","protected":false},"author":1,"featured_media":2308,"parent":1572,"menu_order":24,"comment_status":"closed","ping_status":"closed","template":"","meta":[],"_links":{"self":[{"href":"https:\/\/lookingforglobaljustice.com\/de\/wp-json\/wp\/v2\/pages\/1803"}],"collection":[{"href":"https:\/\/lookingforglobaljustice.com\/de\/wp-json\/wp\/v2\/pages"}],"about":[{"href":"https:\/\/lookingforglobaljustice.com\/de\/wp-json\/wp\/v2\/types\/page"}],"author":[{"embeddable":true,"href":"https:\/\/lookingforglobaljustice.com\/de\/wp-json\/wp\/v2\/users\/1"}],"replies":[{"embeddable":true,"href":"https:\/\/lookingforglobaljustice.com\/de\/wp-json\/wp\/v2\/comments?post=1803"}],"version-history":[{"count":7,"href":"https:\/\/lookingforglobaljustice.com\/de\/wp-json\/wp\/v2\/pages\/1803\/revisions"}],"predecessor-version":[{"id":2963,"href":"https:\/\/lookingforglobaljustice.com\/de\/wp-json\/wp\/v2\/pages\/1803\/revisions\/2963"}],"up":[{"embeddable":true,"href":"https:\/\/lookingforglobaljustice.com\/de\/wp-json\/wp\/v2\/pages\/1572"}],"wp:featuredmedia":[{"embeddable":true,"href":"https:\/\/lookingforglobaljustice.com\/de\/wp-json\/wp\/v2\/media\/2308"}],"wp:attachment":[{"href":"https:\/\/lookingforglobaljustice.com\/de\/wp-json\/wp\/v2\/media?parent=1803"}],"curies":[{"name":"wp","href":"https:\/\/api.w.org\/{rel}","templated":true}]}}