{"id":2117,"date":"2021-01-20T08:26:08","date_gmt":"2021-01-20T07:26:08","guid":{"rendered":"https:\/\/staging.lookingforglobaljustice.com\/?page_id=2117"},"modified":"2022-08-17T16:11:01","modified_gmt":"2022-08-17T14:11:01","slug":"impressum","status":"publish","type":"page","link":"https:\/\/lookingforglobaljustice.com\/de\/impressum\/","title":{"rendered":"Impressum"},"content":{"rendered":"<p><strong><b>Gesch\u00e4ftsanschrift:<\/b><\/strong><br \/>\nLOOKING FOR GLOBAL JUSTICE<br \/>\nT. Gs. SecDeal GmbH<br \/>\n<span class=\"fontstyle0\">Grimselweg 5<br \/>\nCH-8203 Schaffhausen<\/span><\/p>\n<p><strong><b>Gesch\u00e4ftsf\u00fchrer:<\/b><\/strong><br \/>\nMathias Horvat<\/p>\n<p><strong><b>Telefon:<\/b><\/strong>\u00a0+41 52 670 19 44<br \/>\n<strong><b>E-Mail:<\/b><\/strong> info@lookingforglobaljustice.com<br \/>\n<strong><b>Webseite:<\/b><\/strong> www.lookingforglobaljustice.com<\/p>\n<p><strong><b>Handelsregister-Nummer:<\/b><\/strong>\u00a0CH17040074674<br \/>\n<strong><b>MWST-Nummer:<\/b><\/strong>\u00a0UID: CHE-113.812.953<\/p>\n<p><strong><b>Zweck<\/b><\/strong><br \/>\nLooking for Global Justice ist eine humanit\u00e4re Hilfsorganisationen, die es erm\u00f6glicht, den Schutz vor unfairer Behandlung effektiv und innovativ umzusetzen. Wir Streben nach globaler Gerechtigkeit ist eine Gemeinschaft von Menschen aus aller Welt, die sich der Natur, den Tieren und den Menschen widmen, die wir sehr respektieren.<br \/>\nDie Petitionen sind Weltweit nach Kontinenten \/ L\u00e4nder unterteilt, woher sie kommen oder wo sie stattfinden. Alle Petitionen werden durch Spenden finanziert.<br \/>\nDie Looking for Global Justice ist eine Tochterfirma der Sec Deal GmbH mit Sitz in CH-8203 Schaffhausen.<\/p>\n<p><strong><b>Website<\/b><\/strong><br \/>\nWir bedanken uns f\u00fcr Ihren Besuch auf der Website Looking for Global Justice. Bitte beachten Sie die gesetzlichen Nutzungsbestimmungen. Alle Inhalte und Bilder sind, soweit nicht vermerkt, Eigentum der Looking for Global Justice und sind in ihrer Gesamtheit ebenso wie in Teilen durch das Urheberrecht gesch\u00fctzt. F\u00fcr die \u00dcbernahme einzelner oder mehrerer Seiten, beziehungsweise Teile davon, ist die ausdr\u00fcckliche Zustimmung der Looking for Global Justice einzuholen.<\/p>\n<p>Created by\u00a0<a href=\"http:\/\/swiss-consultinggroup.com\/\"><u>Swiss Consulting Group<\/u><\/a><br \/>\nCopyright \u00a9 Looking for Global Justice, All rights reserved<\/p>\n","protected":false},"excerpt":{"rendered":"<p>Gesch\u00e4ftsanschrift: LOOKING FOR GLOBAL JUSTICE T. Gs. SecDeal GmbH Grimselweg 5 CH-8203 Schaffhausen Gesch\u00e4ftsf\u00fchrer: Mathias Horvat Telefon:\u00a0+41 52 670 19 44 E-Mail: info@lookingforglobaljustice.com Webseite: www.lookingforglobaljustice.com Handelsregister-Nummer:\u00a0CH17040074674 MWST-Nummer:\u00a0UID: CHE-113.812.953 Zweck Looking for Global Justice ist eine humanit\u00e4re Hilfsorganisationen, die es erm\u00f6glicht, den Schutz vor unfairer Behandlung&#8230;<\/p>\n","protected":false},"author":1,"featured_media":3502,"parent":0,"menu_order":9,"comment_status":"closed","ping_status":"closed","template":"","meta":[],"_links":{"self":[{"href":"https:\/\/lookingforglobaljustice.com\/de\/wp-json\/wp\/v2\/pages\/2117"}],"collection":[{"href":"https:\/\/lookingforglobaljustice.com\/de\/wp-json\/wp\/v2\/pages"}],"about":[{"href":"https:\/\/lookingforglobaljustice.com\/de\/wp-json\/wp\/v2\/types\/page"}],"author":[{"embeddable":true,"href":"https:\/\/lookingforglobaljustice.com\/de\/wp-json\/wp\/v2\/users\/1"}],"replies":[{"embeddable":true,"href":"https:\/\/lookingforglobaljustice.com\/de\/wp-json\/wp\/v2\/comments?post=2117"}],"version-history":[{"count":12,"href":"https:\/\/lookingforglobaljustice.com\/de\/wp-json\/wp\/v2\/pages\/2117\/revisions"}],"predecessor-version":[{"id":6910,"href":"https:\/\/lookingforglobaljustice.com\/de\/wp-json\/wp\/v2\/pages\/2117\/revisions\/6910"}],"wp:featuredmedia":[{"embeddable":true,"href":"https:\/\/lookingforglobaljustice.com\/de\/wp-json\/wp\/v2\/media\/3502"}],"wp:attachment":[{"href":"https:\/\/lookingforglobaljustice.com\/de\/wp-json\/wp\/v2\/media?parent=2117"}],"curies":[{"name":"wp","href":"https:\/\/api.w.org\/{rel}","templated":true}]}}