{"id":2324,"date":"2021-01-27T10:15:32","date_gmt":"2021-01-27T09:15:32","guid":{"rendered":"https:\/\/staging.lookingforglobaljustice.com\/?page_id=2324"},"modified":"2022-02-07T11:22:48","modified_gmt":"2022-02-07T10:22:48","slug":"videos","status":"publish","type":"page","link":"https:\/\/lookingforglobaljustice.com\/de\/ueber-uns\/medienberichte\/videos\/","title":{"rendered":"Videos"},"content":{"rendered":"[vc_row][vc_column][vc_column_text css=&#8221;.vc_custom_1614332702126{margin-bottom: 0px !important;}&#8221;]G\u00f6nnen Sie sich ein wenig W\u00e4rme aus unserer mitf\u00fchlenden Welt und lassen Sie sich von einigen Einsichten in Videos inspirieren. Seien wir vorsichtig mit unserer Sch\u00f6pfung, es geht um unser Leben. Wenn wir etwas in der Natur zerst\u00f6ren, ist ein ganzes \u00d6kosystem bedroht. Lass die Natur ihren sanften Fl\u00fcssen gehen.[\/vc_column_text][\/vc_column][\/vc_row][vc_row el_class=&#8221;video&#8221; css=&#8221;.vc_custom_1611741067884{margin-bottom: 50px !important;}&#8221;][vc_column width=&#8221;1\/2&#8243;][vc_custom_heading text=&#8221;Video Title&#8221; font_container=&#8221;tag:h2|text_align:center|color:%23ffffff&#8221; use_theme_fonts=&#8221;yes&#8221; css=&#8221;.vc_custom_1611740996166{margin-bottom: 0px !important;border-bottom-width: 1px !important;background-color: #2f99e7 !important;border-bottom-color: #00079b !important;border-bottom-style: solid !important;}&#8221;][vc_column_text css=&#8221;.vc_custom_1614332928345{margin-top: 0px !important;margin-right: 0px !important;margin-bottom: 0px !important;margin-left: 0px !important;padding-top: 10px !important;padding-right: 10px !important;padding-bottom: 10px !important;padding-left: 10px !important;background-color: #f9f9f9 !important;}&#8221;]<strong>[18.02.2018.]<\/strong><br \/>\nEin wundersch\u00f6ner Fluss, der unserem \u00d6kosystem so viel bietet, dass wir uns dessen gar nicht bewusst sind.[\/vc_column_text][vc_column_text css=&#8221;.vc_custom_1612874574784{margin-top: 0px !important;margin-right: 0px !important;margin-bottom: 0px !important;margin-left: 0px !important;padding-top: 0px !important;padding-right: 0px !important;padding-bottom: 0px !important;padding-left: 0px !important;}&#8221;]https:\/\/www.youtube.com\/watch?v=mGQEWRJa28s[\/vc_column_text][\/vc_column][vc_column width=&#8221;1\/2&#8243;][\/vc_column][\/vc_row]\n","protected":false},"excerpt":{"rendered":"<p>[vc_row][vc_column][vc_column_text css=&#8221;.vc_custom_1614332702126{margin-bottom: 0px !important;}&#8221;]G\u00f6nnen Sie sich ein wenig W\u00e4rme aus unserer mitf\u00fchlenden Welt und lassen Sie sich von einigen Einsichten in Videos inspirieren. Seien wir vorsichtig mit unserer Sch\u00f6pfung, es geht um unser Leben. Wenn wir etwas in der Natur zerst\u00f6ren, ist ein ganzes \u00d6kosystem&#8230;<\/p>\n","protected":false},"author":1,"featured_media":3191,"parent":1472,"menu_order":88,"comment_status":"closed","ping_status":"closed","template":"","meta":[],"_links":{"self":[{"href":"https:\/\/lookingforglobaljustice.com\/de\/wp-json\/wp\/v2\/pages\/2324"}],"collection":[{"href":"https:\/\/lookingforglobaljustice.com\/de\/wp-json\/wp\/v2\/pages"}],"about":[{"href":"https:\/\/lookingforglobaljustice.com\/de\/wp-json\/wp\/v2\/types\/page"}],"author":[{"embeddable":true,"href":"https:\/\/lookingforglobaljustice.com\/de\/wp-json\/wp\/v2\/users\/1"}],"replies":[{"embeddable":true,"href":"https:\/\/lookingforglobaljustice.com\/de\/wp-json\/wp\/v2\/comments?post=2324"}],"version-history":[{"count":25,"href":"https:\/\/lookingforglobaljustice.com\/de\/wp-json\/wp\/v2\/pages\/2324\/revisions"}],"predecessor-version":[{"id":6654,"href":"https:\/\/lookingforglobaljustice.com\/de\/wp-json\/wp\/v2\/pages\/2324\/revisions\/6654"}],"up":[{"embeddable":true,"href":"https:\/\/lookingforglobaljustice.com\/de\/wp-json\/wp\/v2\/pages\/1472"}],"wp:featuredmedia":[{"embeddable":true,"href":"https:\/\/lookingforglobaljustice.com\/de\/wp-json\/wp\/v2\/media\/3191"}],"wp:attachment":[{"href":"https:\/\/lookingforglobaljustice.com\/de\/wp-json\/wp\/v2\/media?parent=2324"}],"curies":[{"name":"wp","href":"https:\/\/api.w.org\/{rel}","templated":true}]}}