{"id":2408,"date":"2021-01-28T15:16:29","date_gmt":"2021-01-28T14:16:29","guid":{"rendered":"https:\/\/staging.lookingforglobaljustice.com\/kampagnen\/protection-of-animals\/"},"modified":"2021-02-24T21:23:27","modified_gmt":"2021-02-24T20:23:27","slug":"tierschutz","status":"publish","type":"page","link":"https:\/\/lookingforglobaljustice.com\/de\/kampagnen\/tierschutz\/","title":{"rendered":"Tierschutz"},"content":{"rendered":"[vc_row][vc_column][vc_column_text]\n<p style=\"text-align: left;\">Der Schutz des Menschen ist ein hohes ethisches Gut, der Schutz der Tiere, Pflanzen und Natur ist aber nicht weniger wichtig.<br \/>\nWir sammeln die Unterschriften f\u00fcr die Petition zu verschiedenen Themen auf unserer Website. Jeder Person, unabh\u00e4ngig von Alter, Geschlecht oder Nationalit\u00e4t, kann eine Online-Petition bei uns einreichen. Eine Mindestanzahl von Unterschriften gekoppelt ist 1.000.000 Unterschriften f\u00fcr konkrete Petition Anliegen zu sammeln. Wird diese Zahl erreicht, wird es zu den \u00f6rtlichen Bundesbeh\u00f6rden vorlegen. Nach der Bearbeitung des Antrags werden die parlamentarischen Dienste den Antragstellern Informationen dar\u00fcber geben, wie sie auf ihre Bedenken eingehen k\u00f6nnen.<\/p>\n[\/vc_column_text][vc_text_separator title=&#8221;Unten ist ein Update der neuesten Kampagnen.&#8221; i_icon_fontawesome=&#8221;fab fa-pagelines&#8221; i_color=&#8221;green&#8221; add_icon=&#8221;true&#8221;][\/vc_column][\/vc_row][vc_row][vc_column][vc_column_text]<div class=\"row\"><div class=\"bwl_petition_container col-md-4\"><div class=\"pet_layout_1\"><div class=\"\"><img width=\"1920\" height=\"1280\" src=\"https:\/\/lookingforglobaljustice.com\/wp-content\/uploads\/2016\/04\/rette-den-letzten-schneeleoparden-1.jpg\" class=\"attachment-full size-full wp-post-image\" alt=\"\" loading=\"lazy\" srcset=\"https:\/\/lookingforglobaljustice.com\/wp-content\/uploads\/2016\/04\/rette-den-letzten-schneeleoparden-1.jpg 1920w, https:\/\/lookingforglobaljustice.com\/wp-content\/uploads\/2016\/04\/rette-den-letzten-schneeleoparden-1-300x200.jpg 300w, https:\/\/lookingforglobaljustice.com\/wp-content\/uploads\/2016\/04\/rette-den-letzten-schneeleoparden-1-1024x683.jpg 1024w, https:\/\/lookingforglobaljustice.com\/wp-content\/uploads\/2016\/04\/rette-den-letzten-schneeleoparden-1-768x512.jpg 768w, https:\/\/lookingforglobaljustice.com\/wp-content\/uploads\/2016\/04\/rette-den-letzten-schneeleoparden-1-1536x1024.jpg 1536w, https:\/\/lookingforglobaljustice.com\/wp-content\/uploads\/2016\/04\/rette-den-letzten-schneeleoparden-1-645x430.jpg 645w, https:\/\/lookingforglobaljustice.com\/wp-content\/uploads\/2016\/04\/rette-den-letzten-schneeleoparden-1-360x240.jpg 360w, https:\/\/lookingforglobaljustice.com\/wp-content\/uploads\/2016\/04\/rette-den-letzten-schneeleoparden-1-135x90.jpg 135w, https:\/\/lookingforglobaljustice.com\/wp-content\/uploads\/2016\/04\/rette-den-letzten-schneeleoparden-1-600x400.jpg 600w\" sizes=\"(max-width: 1920px) 100vw, 1920px\" \/><\/div><div class=\"petition-content\"><div class=\"petition-header\"><span class=\"counter bold\" style=\"color:#e9931a;\">3<\/span> haben diese Petition unterschrieben<\/div><div class=\"petition-text\"><h5><a href=\"https:\/\/lookingforglobaljustice.com\/de\/petitionen\/rette-den-letzten-schneeleoparden\/\">Rette den letzten Schneeleoparden<\/a><\/h5><div class=\"petition-about\">Gemeinsam k\u00f6nnen wir die gef\u00e4hrdeten Gro\u00dfkatzen sch\u00fctzen, diese Art ist jetzt vom Aussterben bedroht. Auf einer H\u00f6he&hellip;<\/div><\/div><!-- end .petition-text  --><div class=\"petition-footer\"><a href=\"https:\/\/lookingforglobaljustice.com\/de\/petitionen\/rette-den-letzten-schneeleoparden\/#petition_form\" class=\"btn\">Petition unterschreiben <i class=\"fa fa-pencil-square\"><\/i><\/a> | <a href=\"https:\/\/lookingforglobaljustice.com\/de\/petitionen\/rette-den-letzten-schneeleoparden\/\" class=\"btn\" >Weiterlesen <i class=\"fa fa-mail-forward\"><\/i><\/a> <\/div><\/div><!-- end .petition-content  --><\/div><!--  end .layout_1  --><\/div> <!-- end .bwl_petition_container  --><div class=\"bwl_petition_container col-md-4\"><div class=\"pet_layout_1\"><div class=\"\"><img width=\"1920\" height=\"1280\" src=\"https:\/\/lookingforglobaljustice.com\/wp-content\/uploads\/2016\/05\/protect-nature-and-the-environment.jpg\" class=\"attachment-full size-full wp-post-image\" alt=\"\" loading=\"lazy\" srcset=\"https:\/\/lookingforglobaljustice.com\/wp-content\/uploads\/2016\/05\/protect-nature-and-the-environment.jpg 1920w, https:\/\/lookingforglobaljustice.com\/wp-content\/uploads\/2016\/05\/protect-nature-and-the-environment-300x200.jpg 300w, https:\/\/lookingforglobaljustice.com\/wp-content\/uploads\/2016\/05\/protect-nature-and-the-environment-1024x683.jpg 1024w, https:\/\/lookingforglobaljustice.com\/wp-content\/uploads\/2016\/05\/protect-nature-and-the-environment-768x512.jpg 768w, https:\/\/lookingforglobaljustice.com\/wp-content\/uploads\/2016\/05\/protect-nature-and-the-environment-1536x1024.jpg 1536w, https:\/\/lookingforglobaljustice.com\/wp-content\/uploads\/2016\/05\/protect-nature-and-the-environment-645x430.jpg 645w, https:\/\/lookingforglobaljustice.com\/wp-content\/uploads\/2016\/05\/protect-nature-and-the-environment-360x240.jpg 360w, https:\/\/lookingforglobaljustice.com\/wp-content\/uploads\/2016\/05\/protect-nature-and-the-environment-135x90.jpg 135w, https:\/\/lookingforglobaljustice.com\/wp-content\/uploads\/2016\/05\/protect-nature-and-the-environment-600x400.jpg 600w\" sizes=\"(max-width: 1920px) 100vw, 1920px\" \/><\/div><div class=\"petition-content\"><div class=\"petition-header\"><span class=\"counter bold\" style=\"color:#e9931a;\">1<\/span> haben diese Petition unterschrieben<\/div><div class=\"petition-text\"><h5><a href=\"https:\/\/lookingforglobaljustice.com\/de\/petitionen\/bienensterben\/\">Bienen unterst\u00fctzen<\/a><\/h5><div class=\"petition-about\">Bienen sind ein Wunder der Evolution und f\u00fcr Mensch und Tier unverzichtbar. In unserem Land ist die&hellip;<\/div><\/div><!-- end .petition-text  --><div class=\"petition-footer\"><a href=\"https:\/\/lookingforglobaljustice.com\/de\/petitionen\/bienensterben\/#petition_form\" class=\"btn\">Petition unterschreiben <i class=\"fa fa-pencil-square\"><\/i><\/a> | <a href=\"https:\/\/lookingforglobaljustice.com\/de\/petitionen\/bienensterben\/\" class=\"btn\" >Weiterlesen <i class=\"fa fa-mail-forward\"><\/i><\/a> <\/div><\/div><!-- end .petition-content  --><\/div><!--  end .layout_1  --><\/div> <!-- end .bwl_petition_container  --><div class=\"bwl_petition_container col-md-4\"><div class=\"pet_layout_1\"><div class=\"\"><img width=\"1920\" height=\"1280\" src=\"https:\/\/lookingforglobaljustice.com\/wp-content\/uploads\/2016\/05\/rescue-field-mice.jpg\" class=\"attachment-full size-full wp-post-image\" alt=\"\" loading=\"lazy\" srcset=\"https:\/\/lookingforglobaljustice.com\/wp-content\/uploads\/2016\/05\/rescue-field-mice.jpg 1920w, https:\/\/lookingforglobaljustice.com\/wp-content\/uploads\/2016\/05\/rescue-field-mice-300x200.jpg 300w, https:\/\/lookingforglobaljustice.com\/wp-content\/uploads\/2016\/05\/rescue-field-mice-1024x683.jpg 1024w, https:\/\/lookingforglobaljustice.com\/wp-content\/uploads\/2016\/05\/rescue-field-mice-768x512.jpg 768w, https:\/\/lookingforglobaljustice.com\/wp-content\/uploads\/2016\/05\/rescue-field-mice-1536x1024.jpg 1536w, https:\/\/lookingforglobaljustice.com\/wp-content\/uploads\/2016\/05\/rescue-field-mice-645x430.jpg 645w, https:\/\/lookingforglobaljustice.com\/wp-content\/uploads\/2016\/05\/rescue-field-mice-360x240.jpg 360w, https:\/\/lookingforglobaljustice.com\/wp-content\/uploads\/2016\/05\/rescue-field-mice-135x90.jpg 135w, https:\/\/lookingforglobaljustice.com\/wp-content\/uploads\/2016\/05\/rescue-field-mice-600x400.jpg 600w\" sizes=\"(max-width: 1920px) 100vw, 1920px\" \/><\/div><div class=\"petition-content\"><div class=\"petition-header\"><span class=\"counter bold\" style=\"color:#e9931a;\">0<\/span> haben diese Petition unterschrieben<\/div><div class=\"petition-text\"><h5><a href=\"https:\/\/lookingforglobaljustice.com\/de\/petitionen\/maeuse-niemals-toeten\/\">M\u00e4use niemals t\u00f6ten<\/a><\/h5><div class=\"petition-about\">Leider kommt es bei M\u00e4usen immer wieder zu schweren Vergiftungen. Aufgrund ihrer geringen K\u00f6rpermasse sind f\u00fcr M\u00e4use&hellip;<\/div><\/div><!-- end .petition-text  --><div class=\"petition-footer\"><a href=\"https:\/\/lookingforglobaljustice.com\/de\/petitionen\/maeuse-niemals-toeten\/#petition_form\" class=\"btn\">Petition unterschreiben <i class=\"fa fa-pencil-square\"><\/i><\/a> | <a href=\"https:\/\/lookingforglobaljustice.com\/de\/petitionen\/maeuse-niemals-toeten\/\" class=\"btn\" >Weiterlesen <i class=\"fa fa-mail-forward\"><\/i><\/a> <\/div><\/div><!-- end .petition-content  --><\/div><!--  end .layout_1  --><\/div> <!-- end .bwl_petition_container  --><div class=\"bwl_petition_container col-md-4\"><div class=\"pet_layout_1\"><div class=\"\"><img width=\"1920\" height=\"1280\" src=\"https:\/\/lookingforglobaljustice.com\/wp-content\/uploads\/2021\/01\/hedgehog-is-dying-out-we-protect-him.jpg\" class=\"attachment-full size-full wp-post-image\" alt=\"\" loading=\"lazy\" srcset=\"https:\/\/lookingforglobaljustice.com\/wp-content\/uploads\/2021\/01\/hedgehog-is-dying-out-we-protect-him.jpg 1920w, https:\/\/lookingforglobaljustice.com\/wp-content\/uploads\/2021\/01\/hedgehog-is-dying-out-we-protect-him-300x200.jpg 300w, https:\/\/lookingforglobaljustice.com\/wp-content\/uploads\/2021\/01\/hedgehog-is-dying-out-we-protect-him-1024x683.jpg 1024w, https:\/\/lookingforglobaljustice.com\/wp-content\/uploads\/2021\/01\/hedgehog-is-dying-out-we-protect-him-768x512.jpg 768w, https:\/\/lookingforglobaljustice.com\/wp-content\/uploads\/2021\/01\/hedgehog-is-dying-out-we-protect-him-1536x1024.jpg 1536w, https:\/\/lookingforglobaljustice.com\/wp-content\/uploads\/2021\/01\/hedgehog-is-dying-out-we-protect-him-645x430.jpg 645w, https:\/\/lookingforglobaljustice.com\/wp-content\/uploads\/2021\/01\/hedgehog-is-dying-out-we-protect-him-360x240.jpg 360w, https:\/\/lookingforglobaljustice.com\/wp-content\/uploads\/2021\/01\/hedgehog-is-dying-out-we-protect-him-135x90.jpg 135w, https:\/\/lookingforglobaljustice.com\/wp-content\/uploads\/2021\/01\/hedgehog-is-dying-out-we-protect-him-600x400.jpg 600w\" sizes=\"(max-width: 1920px) 100vw, 1920px\" \/><\/div><div class=\"petition-content\"><div class=\"petition-header\"><span class=\"counter bold\" style=\"color:#e9931a;\">1<\/span> haben diese Petition unterschrieben<\/div><div class=\"petition-text\"><h5><a href=\"https:\/\/lookingforglobaljustice.com\/de\/petitionen\/igel\/\">Retten Sie Igel<\/a><\/h5><div class=\"petition-about\">Gemeinsam k\u00f6nnen wir die gef\u00e4hrdeten Gro\u00dfkatzen sch\u00fctzen, diese Art ist jetzt vom Aussterben bedroht. Auf einer H\u00f6he&hellip;<\/div><\/div><!-- end .petition-text  --><div class=\"petition-footer\"><a href=\"https:\/\/lookingforglobaljustice.com\/de\/petitionen\/igel\/#petition_form\" class=\"btn\">Petition unterschreiben <i class=\"fa fa-pencil-square\"><\/i><\/a> | <a href=\"https:\/\/lookingforglobaljustice.com\/de\/petitionen\/igel\/\" class=\"btn\" >Weiterlesen <i class=\"fa fa-mail-forward\"><\/i><\/a> <\/div><\/div><!-- end .petition-content  --><\/div><!--  end .layout_1  --><\/div> <!-- end .bwl_petition_container  --><div class=\"bwl_petition_container col-md-4\"><div class=\"pet_layout_1\"><div class=\"\"><img width=\"1920\" height=\"1280\" src=\"https:\/\/lookingforglobaljustice.com\/wp-content\/uploads\/2021\/01\/bats-are-useful-insect-hunters.jpg\" class=\"attachment-full size-full wp-post-image\" alt=\"\" loading=\"lazy\" srcset=\"https:\/\/lookingforglobaljustice.com\/wp-content\/uploads\/2021\/01\/bats-are-useful-insect-hunters.jpg 1920w, https:\/\/lookingforglobaljustice.com\/wp-content\/uploads\/2021\/01\/bats-are-useful-insect-hunters-300x200.jpg 300w, https:\/\/lookingforglobaljustice.com\/wp-content\/uploads\/2021\/01\/bats-are-useful-insect-hunters-1024x683.jpg 1024w, https:\/\/lookingforglobaljustice.com\/wp-content\/uploads\/2021\/01\/bats-are-useful-insect-hunters-768x512.jpg 768w, https:\/\/lookingforglobaljustice.com\/wp-content\/uploads\/2021\/01\/bats-are-useful-insect-hunters-1536x1024.jpg 1536w, https:\/\/lookingforglobaljustice.com\/wp-content\/uploads\/2021\/01\/bats-are-useful-insect-hunters-645x430.jpg 645w, https:\/\/lookingforglobaljustice.com\/wp-content\/uploads\/2021\/01\/bats-are-useful-insect-hunters-360x240.jpg 360w, https:\/\/lookingforglobaljustice.com\/wp-content\/uploads\/2021\/01\/bats-are-useful-insect-hunters-135x90.jpg 135w, https:\/\/lookingforglobaljustice.com\/wp-content\/uploads\/2021\/01\/bats-are-useful-insect-hunters-600x400.jpg 600w\" sizes=\"(max-width: 1920px) 100vw, 1920px\" \/><\/div><div class=\"petition-content\"><div class=\"petition-header\"><span class=\"counter bold\" style=\"color:#e9931a;\">0<\/span> haben diese Petition unterschrieben<\/div><div class=\"petition-text\"><h5><a href=\"https:\/\/lookingforglobaljustice.com\/de\/petitionen\/fledermaeuse\/\">Retten Sie Flederm\u00e4use<\/a><\/h5><div class=\"petition-about\">Bienen sind ein Wunder der Evolution und f\u00fcr Mensch und Tier unverzichtbar. In unserem Land ist die&hellip;<\/div><\/div><!-- end .petition-text  --><div class=\"petition-footer\"><a href=\"https:\/\/lookingforglobaljustice.com\/de\/petitionen\/fledermaeuse\/#petition_form\" class=\"btn\">Petition unterschreiben <i class=\"fa fa-pencil-square\"><\/i><\/a> | <a href=\"https:\/\/lookingforglobaljustice.com\/de\/petitionen\/fledermaeuse\/\" class=\"btn\" >Weiterlesen <i class=\"fa fa-mail-forward\"><\/i><\/a> <\/div><\/div><!-- end .petition-content  --><\/div><!--  end .layout_1  --><\/div> <!-- end .bwl_petition_container  --><div class=\"bwl_petition_container col-md-4\"><div class=\"pet_layout_1\"><div class=\"\"><img width=\"1920\" height=\"1278\" src=\"https:\/\/lookingforglobaljustice.com\/wp-content\/uploads\/2021\/02\/schnecken-sterben-aus.jpg\" class=\"attachment-full size-full wp-post-image\" alt=\"\" loading=\"lazy\" srcset=\"https:\/\/lookingforglobaljustice.com\/wp-content\/uploads\/2021\/02\/schnecken-sterben-aus.jpg 1920w, https:\/\/lookingforglobaljustice.com\/wp-content\/uploads\/2021\/02\/schnecken-sterben-aus-300x200.jpg 300w, https:\/\/lookingforglobaljustice.com\/wp-content\/uploads\/2021\/02\/schnecken-sterben-aus-1024x682.jpg 1024w, https:\/\/lookingforglobaljustice.com\/wp-content\/uploads\/2021\/02\/schnecken-sterben-aus-768x511.jpg 768w, https:\/\/lookingforglobaljustice.com\/wp-content\/uploads\/2021\/02\/schnecken-sterben-aus-1536x1022.jpg 1536w, https:\/\/lookingforglobaljustice.com\/wp-content\/uploads\/2021\/02\/schnecken-sterben-aus-646x430.jpg 646w, https:\/\/lookingforglobaljustice.com\/wp-content\/uploads\/2021\/02\/schnecken-sterben-aus-360x240.jpg 360w, https:\/\/lookingforglobaljustice.com\/wp-content\/uploads\/2021\/02\/schnecken-sterben-aus-135x90.jpg 135w, https:\/\/lookingforglobaljustice.com\/wp-content\/uploads\/2021\/02\/schnecken-sterben-aus-600x399.jpg 600w\" sizes=\"(max-width: 1920px) 100vw, 1920px\" \/><\/div><div class=\"petition-content\"><div class=\"petition-header\"><span class=\"counter bold\" style=\"color:#e9931a;\">0<\/span> haben diese Petition unterschrieben<\/div><div class=\"petition-text\"><h5><a href=\"https:\/\/lookingforglobaljustice.com\/de\/petitionen\/schnecken-sterben-aus\/\">Schnecken sterben aus<\/a><\/h5><div class=\"petition-about\">Der Mensch regiert die Welt. Franz\u00f6sische Wissenschaftler haben untersucht, was das f\u00fcr die Zukunft anderer Lebewesen bedeutet.&hellip;<\/div><\/div><!-- end .petition-text  --><div class=\"petition-footer\"><a href=\"https:\/\/lookingforglobaljustice.com\/de\/petitionen\/schnecken-sterben-aus\/#petition_form\" class=\"btn\">Petition unterschreiben <i class=\"fa fa-pencil-square\"><\/i><\/a> | <a href=\"https:\/\/lookingforglobaljustice.com\/de\/petitionen\/schnecken-sterben-aus\/\" class=\"btn\" >Weiterlesen <i class=\"fa fa-mail-forward\"><\/i><\/a> <\/div><\/div><!-- end .petition-content  --><\/div><!--  end .layout_1  --><\/div> <!-- end .bwl_petition_container  --><\/div>[\/vc_column_text][\/vc_column][\/vc_row]\n","protected":false},"excerpt":{"rendered":"<p>[vc_row][vc_column][vc_column_text] Der Schutz des Menschen ist ein hohes ethisches Gut, der Schutz der Tiere, Pflanzen und Natur ist aber nicht weniger wichtig. Wir sammeln die Unterschriften f\u00fcr die Petition zu verschiedenen Themen auf unserer Website. Jeder Person, unabh\u00e4ngig von Alter, Geschlecht oder Nationalit\u00e4t, kann eine&#8230;<\/p>\n","protected":false},"author":1,"featured_media":3175,"parent":1440,"menu_order":39,"comment_status":"closed","ping_status":"closed","template":"","meta":[],"_links":{"self":[{"href":"https:\/\/lookingforglobaljustice.com\/de\/wp-json\/wp\/v2\/pages\/2408"}],"collection":[{"href":"https:\/\/lookingforglobaljustice.com\/de\/wp-json\/wp\/v2\/pages"}],"about":[{"href":"https:\/\/lookingforglobaljustice.com\/de\/wp-json\/wp\/v2\/types\/page"}],"author":[{"embeddable":true,"href":"https:\/\/lookingforglobaljustice.com\/de\/wp-json\/wp\/v2\/users\/1"}],"replies":[{"embeddable":true,"href":"https:\/\/lookingforglobaljustice.com\/de\/wp-json\/wp\/v2\/comments?post=2408"}],"version-history":[{"count":16,"href":"https:\/\/lookingforglobaljustice.com\/de\/wp-json\/wp\/v2\/pages\/2408\/revisions"}],"predecessor-version":[{"id":3460,"href":"https:\/\/lookingforglobaljustice.com\/de\/wp-json\/wp\/v2\/pages\/2408\/revisions\/3460"}],"up":[{"embeddable":true,"href":"https:\/\/lookingforglobaljustice.com\/de\/wp-json\/wp\/v2\/pages\/1440"}],"wp:featuredmedia":[{"embeddable":true,"href":"https:\/\/lookingforglobaljustice.com\/de\/wp-json\/wp\/v2\/media\/3175"}],"wp:attachment":[{"href":"https:\/\/lookingforglobaljustice.com\/de\/wp-json\/wp\/v2\/media?parent=2408"}],"curies":[{"name":"wp","href":"https:\/\/api.w.org\/{rel}","templated":true}]}}