{"id":2413,"date":"2021-01-28T15:18:23","date_gmt":"2021-01-28T14:18:23","guid":{"rendered":"https:\/\/staging.lookingforglobaljustice.com\/kampagnen\/plants-and-nature\/"},"modified":"2021-02-18T15:38:38","modified_gmt":"2021-02-18T14:38:38","slug":"natur-schuetzen","status":"publish","type":"page","link":"https:\/\/lookingforglobaljustice.com\/de\/kampagnen\/natur-schuetzen\/","title":{"rendered":"Natur sch\u00fctzen"},"content":{"rendered":"[vc_row][vc_column][vc_column_text]Bei gef\u00e4hrdeten Arten liegt der Schwerpunkt in der Regel auf seltenen Pflanzen. Die Zahl der Pflanzenarten nimmt dramatisch ab &#8211; allein in Europa gilt ein Drittel der Wildpflanzen als gef\u00e4hrdet. Und die Gr\u00fcnde daf\u00fcr h\u00e4ngen oft mit Menschen zusammen: Lebensr\u00e4ume f\u00fcr Landwirtschaft oder Wohnen werden zerst\u00f6rt, Wildpflanzen und andere seltene Pflanzen haben in der modernen Landwirtschaft keinen Platz mehr. Experten sch\u00e4tzen, dass diese Entwicklung t\u00e4glich zum Aussterben von etwa 50 bis 150 Pflanzenarten f\u00fchrt.[\/vc_column_text][vc_text_separator title=&#8221;Unten ist ein Update der neuesten Kampagnen.&#8221; i_icon_fontawesome=&#8221;fab fa-pagelines&#8221; i_color=&#8221;green&#8221; add_icon=&#8221;true&#8221;][\/vc_column][\/vc_row][vc_row][vc_column][vc_column_text]<div class=\"row\"><div class=\"bwl_petition_container col-md-4\"><div class=\"pet_layout_1\"><div class=\"\"><img width=\"1920\" height=\"1280\" src=\"https:\/\/lookingforglobaljustice.com\/wp-content\/uploads\/2021\/01\/klimawandel-aussterben-bedrohten-pflanzen.jpg\" class=\"attachment-full size-full wp-post-image\" alt=\"\" loading=\"lazy\" srcset=\"https:\/\/lookingforglobaljustice.com\/wp-content\/uploads\/2021\/01\/klimawandel-aussterben-bedrohten-pflanzen.jpg 1920w, https:\/\/lookingforglobaljustice.com\/wp-content\/uploads\/2021\/01\/klimawandel-aussterben-bedrohten-pflanzen-300x200.jpg 300w, https:\/\/lookingforglobaljustice.com\/wp-content\/uploads\/2021\/01\/klimawandel-aussterben-bedrohten-pflanzen-1024x683.jpg 1024w, https:\/\/lookingforglobaljustice.com\/wp-content\/uploads\/2021\/01\/klimawandel-aussterben-bedrohten-pflanzen-768x512.jpg 768w, https:\/\/lookingforglobaljustice.com\/wp-content\/uploads\/2021\/01\/klimawandel-aussterben-bedrohten-pflanzen-1536x1024.jpg 1536w, https:\/\/lookingforglobaljustice.com\/wp-content\/uploads\/2021\/01\/klimawandel-aussterben-bedrohten-pflanzen-645x430.jpg 645w, https:\/\/lookingforglobaljustice.com\/wp-content\/uploads\/2021\/01\/klimawandel-aussterben-bedrohten-pflanzen-360x240.jpg 360w, https:\/\/lookingforglobaljustice.com\/wp-content\/uploads\/2021\/01\/klimawandel-aussterben-bedrohten-pflanzen-135x90.jpg 135w, https:\/\/lookingforglobaljustice.com\/wp-content\/uploads\/2021\/01\/klimawandel-aussterben-bedrohten-pflanzen-600x400.jpg 600w\" sizes=\"(max-width: 1920px) 100vw, 1920px\" \/><\/div><div class=\"petition-content\"><div class=\"petition-header\"><span class=\"counter bold\" style=\"color:#e9931a;\">1<\/span> haben diese Petition unterschrieben<\/div><div class=\"petition-text\"><h5><a href=\"https:\/\/lookingforglobaljustice.com\/de\/petitionen\/pflanzen-und-natur\/\">Schokoladen-Kosmee<\/a><\/h5><div class=\"petition-about\">Immer mehr Pflanzenarten sind vom Klimawandel oder vom Menschen bedroht. Wir stellen zehn gef\u00e4hrdete Pflanzen, die gesch\u00fctzt&hellip;<\/div><\/div><!-- end .petition-text  --><div class=\"petition-footer\"><a href=\"https:\/\/lookingforglobaljustice.com\/de\/petitionen\/pflanzen-und-natur\/#petition_form\" class=\"btn\">Petition unterschreiben <i class=\"fa fa-pencil-square\"><\/i><\/a> | <a href=\"https:\/\/lookingforglobaljustice.com\/de\/petitionen\/pflanzen-und-natur\/\" class=\"btn\" >Weiterlesen <i class=\"fa fa-mail-forward\"><\/i><\/a> <\/div><\/div><!-- end .petition-content  --><\/div><!--  end .layout_1  --><\/div> <!-- end .bwl_petition_container  --><\/div>[\/vc_column_text][\/vc_column][\/vc_row]\n","protected":false},"excerpt":{"rendered":"<p>[vc_row][vc_column][vc_column_text]Bei gef\u00e4hrdeten Arten liegt der Schwerpunkt in der Regel auf seltenen Pflanzen. Die Zahl der Pflanzenarten nimmt dramatisch ab &#8211; allein in Europa gilt ein Drittel der Wildpflanzen als gef\u00e4hrdet. Und die Gr\u00fcnde daf\u00fcr h\u00e4ngen oft mit Menschen zusammen: Lebensr\u00e4ume f\u00fcr Landwirtschaft oder Wohnen werden&#8230;<\/p>\n","protected":false},"author":1,"featured_media":2512,"parent":1440,"menu_order":41,"comment_status":"closed","ping_status":"closed","template":"","meta":[],"_links":{"self":[{"href":"https:\/\/lookingforglobaljustice.com\/de\/wp-json\/wp\/v2\/pages\/2413"}],"collection":[{"href":"https:\/\/lookingforglobaljustice.com\/de\/wp-json\/wp\/v2\/pages"}],"about":[{"href":"https:\/\/lookingforglobaljustice.com\/de\/wp-json\/wp\/v2\/types\/page"}],"author":[{"embeddable":true,"href":"https:\/\/lookingforglobaljustice.com\/de\/wp-json\/wp\/v2\/users\/1"}],"replies":[{"embeddable":true,"href":"https:\/\/lookingforglobaljustice.com\/de\/wp-json\/wp\/v2\/comments?post=2413"}],"version-history":[{"count":9,"href":"https:\/\/lookingforglobaljustice.com\/de\/wp-json\/wp\/v2\/pages\/2413\/revisions"}],"predecessor-version":[{"id":3053,"href":"https:\/\/lookingforglobaljustice.com\/de\/wp-json\/wp\/v2\/pages\/2413\/revisions\/3053"}],"up":[{"embeddable":true,"href":"https:\/\/lookingforglobaljustice.com\/de\/wp-json\/wp\/v2\/pages\/1440"}],"wp:featuredmedia":[{"embeddable":true,"href":"https:\/\/lookingforglobaljustice.com\/de\/wp-json\/wp\/v2\/media\/2512"}],"wp:attachment":[{"href":"https:\/\/lookingforglobaljustice.com\/de\/wp-json\/wp\/v2\/media?parent=2413"}],"curies":[{"name":"wp","href":"https:\/\/api.w.org\/{rel}","templated":true}]}}