{"id":2418,"date":"2021-01-28T15:20:24","date_gmt":"2021-01-28T14:20:24","guid":{"rendered":"https:\/\/staging.lookingforglobaljustice.com\/kampagnen\/protection-of-man\/"},"modified":"2021-02-25T14:53:41","modified_gmt":"2021-02-25T13:53:41","slug":"humanitaere-hilfsorganisationen","status":"publish","type":"page","link":"https:\/\/lookingforglobaljustice.com\/de\/kampagnen\/humanitaere-hilfsorganisationen\/","title":{"rendered":"Humanit\u00e4re Hilfskampagne"},"content":{"rendered":"[vc_row][vc_column][vc_column_text]Die Kampagne unterscheidet sich ein wenig von HUMANIT\u00c4RE AKTIONEN darin, dass Kampagnen zu Petitionen f\u00fchren. Erst wenn die Petitionen gen\u00fcgend Stimmen erhalten, werden sie geltend gemacht.<br \/>\nN\u00e4chstenliebe ist ein zentraler und wichtiger Bestandteil, Hilfe wird ben\u00f6tigt f\u00fcr: Hilfsorganisationen, Nothilfeorganisation, Hilfsprojekte, Katastrophenhilfe, Entwicklungshilfe, Entwicklungszusammenarbeit.<br \/>\nWir w\u00fcnschen, dass jeder sein Herz \u00f6ffnen und zu den Armen und Schwachen zur Seite stehen. Wir sind entschlossen, dies zu tun und es mit anderen zu teilen. Dies sind die Opfer, die an jeder Hilfe angewiesen sind.<br \/>\nUns liegt am Herzen, Menschen in Not und Armut zu unterst\u00fctzen und ihnen zu helfen. Aus diesem Grund engagiert sich LOOKING FOR GLOBAL JUSTICE f\u00fcr Projekte in den Bereichen Menschlichkeit, Katastrophenhilfe und Entwicklungshilfeprojekten. Gemeinsam mit dem globalen Netzwerk und lokalen Partnerorganisationen bringt LOOKING FOR GLOBAL JUSTICE den Menschen durch praktische Hilfe Hoffnung in ihr Leben.[\/vc_column_text][vc_text_separator title=&#8221;Unten ist ein Update der neuesten Kampagnen.&#8221; i_icon_fontawesome=&#8221;fab fa-pagelines&#8221; i_color=&#8221;green&#8221; add_icon=&#8221;true&#8221;][\/vc_column][\/vc_row][vc_row][vc_column][vc_column_text]<div class=\"row\"><div class=\"bwl_petition_container col-md-4\"><div class=\"pet_layout_1\"><div class=\"\"><img width=\"1920\" height=\"1280\" src=\"https:\/\/lookingforglobaljustice.com\/wp-content\/uploads\/2021\/01\/naturkatastrophe-taifune-und-schwere-ueberschwemmungen-2.jpg\" class=\"attachment-full size-full wp-post-image\" alt=\"\" loading=\"lazy\" srcset=\"https:\/\/lookingforglobaljustice.com\/wp-content\/uploads\/2021\/01\/naturkatastrophe-taifune-und-schwere-ueberschwemmungen-2.jpg 1920w, https:\/\/lookingforglobaljustice.com\/wp-content\/uploads\/2021\/01\/naturkatastrophe-taifune-und-schwere-ueberschwemmungen-2-300x200.jpg 300w, https:\/\/lookingforglobaljustice.com\/wp-content\/uploads\/2021\/01\/naturkatastrophe-taifune-und-schwere-ueberschwemmungen-2-1024x683.jpg 1024w, https:\/\/lookingforglobaljustice.com\/wp-content\/uploads\/2021\/01\/naturkatastrophe-taifune-und-schwere-ueberschwemmungen-2-768x512.jpg 768w, https:\/\/lookingforglobaljustice.com\/wp-content\/uploads\/2021\/01\/naturkatastrophe-taifune-und-schwere-ueberschwemmungen-2-1536x1024.jpg 1536w, https:\/\/lookingforglobaljustice.com\/wp-content\/uploads\/2021\/01\/naturkatastrophe-taifune-und-schwere-ueberschwemmungen-2-645x430.jpg 645w, https:\/\/lookingforglobaljustice.com\/wp-content\/uploads\/2021\/01\/naturkatastrophe-taifune-und-schwere-ueberschwemmungen-2-360x240.jpg 360w, https:\/\/lookingforglobaljustice.com\/wp-content\/uploads\/2021\/01\/naturkatastrophe-taifune-und-schwere-ueberschwemmungen-2-135x90.jpg 135w, https:\/\/lookingforglobaljustice.com\/wp-content\/uploads\/2021\/01\/naturkatastrophe-taifune-und-schwere-ueberschwemmungen-2-600x400.jpg 600w\" sizes=\"(max-width: 1920px) 100vw, 1920px\" \/><\/div><div class=\"petition-content\"><div class=\"petition-header\"><span class=\"counter bold\" style=\"color:#e9931a;\">1<\/span> haben diese Petition unterschrieben<\/div><div class=\"petition-text\"><h5><a href=\"https:\/\/lookingforglobaljustice.com\/de\/petitionen\/schutz-des-menschen\/\">Vorsorge und schnelle Hilfe nach einer Flutkatastrophe in Vietnam<\/a><\/h5><div class=\"petition-about\">Diese Analyse der sozialen internationalen und europ\u00e4ischen Menschenrechte versteht sich als Teilprojekt einer umfangreichen sozialethischen Untersuchung zur&hellip;<\/div><\/div><!-- end .petition-text  --><div class=\"petition-footer\"><a href=\"https:\/\/lookingforglobaljustice.com\/de\/petitionen\/schutz-des-menschen\/#petition_form\" class=\"btn\">Petition unterschreiben <i class=\"fa fa-pencil-square\"><\/i><\/a> | <a href=\"https:\/\/lookingforglobaljustice.com\/de\/petitionen\/schutz-des-menschen\/\" class=\"btn\" >Weiterlesen <i class=\"fa fa-mail-forward\"><\/i><\/a> <\/div><\/div><!-- end .petition-content  --><\/div><!--  end .layout_1  --><\/div> <!-- end .bwl_petition_container  --><\/div>[\/vc_column_text][\/vc_column][\/vc_row]\n","protected":false},"excerpt":{"rendered":"<p>[vc_row][vc_column][vc_column_text]Die Kampagne unterscheidet sich ein wenig von HUMANIT\u00c4RE AKTIONEN darin, dass Kampagnen zu Petitionen f\u00fchren. Erst wenn die Petitionen gen\u00fcgend Stimmen erhalten, werden sie geltend gemacht. N\u00e4chstenliebe ist ein zentraler und wichtiger Bestandteil, Hilfe wird ben\u00f6tigt f\u00fcr: Hilfsorganisationen, Nothilfeorganisation, Hilfsprojekte, Katastrophenhilfe, Entwicklungshilfe, Entwicklungszusammenarbeit. Wir w\u00fcnschen,&#8230;<\/p>\n","protected":false},"author":1,"featured_media":2514,"parent":1440,"menu_order":36,"comment_status":"closed","ping_status":"closed","template":"","meta":[],"_links":{"self":[{"href":"https:\/\/lookingforglobaljustice.com\/de\/wp-json\/wp\/v2\/pages\/2418"}],"collection":[{"href":"https:\/\/lookingforglobaljustice.com\/de\/wp-json\/wp\/v2\/pages"}],"about":[{"href":"https:\/\/lookingforglobaljustice.com\/de\/wp-json\/wp\/v2\/types\/page"}],"author":[{"embeddable":true,"href":"https:\/\/lookingforglobaljustice.com\/de\/wp-json\/wp\/v2\/users\/1"}],"replies":[{"embeddable":true,"href":"https:\/\/lookingforglobaljustice.com\/de\/wp-json\/wp\/v2\/comments?post=2418"}],"version-history":[{"count":12,"href":"https:\/\/lookingforglobaljustice.com\/de\/wp-json\/wp\/v2\/pages\/2418\/revisions"}],"predecessor-version":[{"id":3506,"href":"https:\/\/lookingforglobaljustice.com\/de\/wp-json\/wp\/v2\/pages\/2418\/revisions\/3506"}],"up":[{"embeddable":true,"href":"https:\/\/lookingforglobaljustice.com\/de\/wp-json\/wp\/v2\/pages\/1440"}],"wp:featuredmedia":[{"embeddable":true,"href":"https:\/\/lookingforglobaljustice.com\/de\/wp-json\/wp\/v2\/media\/2514"}],"wp:attachment":[{"href":"https:\/\/lookingforglobaljustice.com\/de\/wp-json\/wp\/v2\/media?parent=2418"}],"curies":[{"name":"wp","href":"https:\/\/api.w.org\/{rel}","templated":true}]}}