{"id":2764,"date":"2021-02-10T12:49:17","date_gmt":"2021-02-10T11:49:17","guid":{"rendered":"https:\/\/staging.lookingforglobaljustice.com\/?page_id=2764"},"modified":"2021-02-22T10:39:38","modified_gmt":"2021-02-22T09:39:38","slug":"gestaltung-des-naturschutzes","status":"publish","type":"page","link":"https:\/\/lookingforglobaljustice.com\/de\/kampagnen\/gestaltung-des-naturschutzes\/","title":{"rendered":"Gestaltung des Naturschutzes"},"content":{"rendered":"[vc_row][vc_column][vc_column_text]Die Sozial\u00f6kologie untersucht die Wechselbeziehungen zwischen Menschen und ihrer nat\u00fcrlichen Umwelt. Das Erscheinungsbild und das Selbstbild der Sozial\u00f6kologie in verschiedenen Entwicklungslinien werden vorgestellt.<br \/>\nDie Gesellschaft h\u00e4ngt von der Natur ab, in dem Ma\u00dfe, wie die Natur die Gesellschaft pr\u00e4gt, kann sie ohne die Gesellschaft nicht mehr verstanden werden. W\u00e4hrend die Naturwissenschaften Naturprozesse sowie Strukturen und Sozialwissenschaften, soziale Prozesse und Strukturen abdecken, konzentriert sich die Sozial\u00f6kologie auf hybride Forschungsobjekte mit sozialen und physischen Komponenten.<\/p>\n<p>Die LOOKING FOR GLOBAL JUSTICE ist ein Vertreter von Naturschutz, Wissenschaft und Kultur mit Erfahrung. Wir setzen unser Herz und unsere Seele in notwendige Projekte ein.[\/vc_column_text][vc_text_separator title=&#8221;Unten ist ein Update der neuesten Kampagnen.&#8221; i_icon_fontawesome=&#8221;fab fa-pagelines&#8221; i_color=&#8221;green&#8221; add_icon=&#8221;true&#8221;][\/vc_column][\/vc_row][vc_row][vc_column][\/vc_column][\/vc_row]\n","protected":false},"excerpt":{"rendered":"<p>[vc_row][vc_column][vc_column_text]Die Sozial\u00f6kologie untersucht die Wechselbeziehungen zwischen Menschen und ihrer nat\u00fcrlichen Umwelt. Das Erscheinungsbild und das Selbstbild der Sozial\u00f6kologie in verschiedenen Entwicklungslinien werden vorgestellt. Die Gesellschaft h\u00e4ngt von der Natur ab, in dem Ma\u00dfe, wie die Natur die Gesellschaft pr\u00e4gt, kann sie ohne die Gesellschaft nicht&#8230;<\/p>\n","protected":false},"author":1,"featured_media":3167,"parent":1440,"menu_order":43,"comment_status":"closed","ping_status":"closed","template":"","meta":[],"_links":{"self":[{"href":"https:\/\/lookingforglobaljustice.com\/de\/wp-json\/wp\/v2\/pages\/2764"}],"collection":[{"href":"https:\/\/lookingforglobaljustice.com\/de\/wp-json\/wp\/v2\/pages"}],"about":[{"href":"https:\/\/lookingforglobaljustice.com\/de\/wp-json\/wp\/v2\/types\/page"}],"author":[{"embeddable":true,"href":"https:\/\/lookingforglobaljustice.com\/de\/wp-json\/wp\/v2\/users\/1"}],"replies":[{"embeddable":true,"href":"https:\/\/lookingforglobaljustice.com\/de\/wp-json\/wp\/v2\/comments?post=2764"}],"version-history":[{"count":10,"href":"https:\/\/lookingforglobaljustice.com\/de\/wp-json\/wp\/v2\/pages\/2764\/revisions"}],"predecessor-version":[{"id":3173,"href":"https:\/\/lookingforglobaljustice.com\/de\/wp-json\/wp\/v2\/pages\/2764\/revisions\/3173"}],"up":[{"embeddable":true,"href":"https:\/\/lookingforglobaljustice.com\/de\/wp-json\/wp\/v2\/pages\/1440"}],"wp:featuredmedia":[{"embeddable":true,"href":"https:\/\/lookingforglobaljustice.com\/de\/wp-json\/wp\/v2\/media\/3167"}],"wp:attachment":[{"href":"https:\/\/lookingforglobaljustice.com\/de\/wp-json\/wp\/v2\/media?parent=2764"}],"curies":[{"name":"wp","href":"https:\/\/api.w.org\/{rel}","templated":true}]}}