{"id":2918,"date":"2021-02-15T11:51:01","date_gmt":"2021-02-15T10:51:01","guid":{"rendered":"https:\/\/staging.lookingforglobaljustice.com\/ueber-uns\/learn-to-know-us\/"},"modified":"2022-02-03T14:46:59","modified_gmt":"2022-02-03T13:46:59","slug":"lernen-sie-uns-kennen","status":"publish","type":"page","link":"https:\/\/lookingforglobaljustice.com\/de\/ueber-uns\/lernen-sie-uns-kennen\/","title":{"rendered":"Lernen Sie uns kennen"},"content":{"rendered":"<h4><strong>Die LOOKING FOR GLOBAL JUSTICE ist eine globales Hilfsorganisation.<\/strong><\/h4>\n<h4><strong>Unsere Kompetenzbereiche:<\/strong><\/h4>\n<p>LOOKING FOR GLOBAL JUSTICE ist eine humanit\u00e4re Hilfsorganisation, setzen sich f\u00fcr Natur, Tiere und Menschen ein. Der Spender f\u00fchrt verschiedene Kampagnen durch, mit denen wir alle ein bestimmtes naturbezogenes Ziel erreichen.<br \/>\nWir sind die ideale L\u00f6sung, um ernsthafte Wohlt\u00e4tigkeitsgesch\u00e4fte genau dort zu starten, wo sie am dringendsten ben\u00f6tigt werden. Mit Spenden k\u00f6nnen Sie kleine Investitionen t\u00e4tigen, damit wir so schnell wie m\u00f6glich Geld sammeln k\u00f6nnen, um neue Projekte zu realisieren, die dank Ihnen umgesetzt werden k\u00f6nnen.<br \/>\nUnser Fokus richtet sich stets auf\u00a0ertragsstarke Projekte. Langj\u00e4hriges Know-how und Erfahrung\u00a0setzen wir ein, um in der Hilfsorganisation einen sicheren Mehrwert schaffen zu k\u00f6nnen.<br \/>\nHinzu kommen wertvolle Kontakte zu\u00a0Weltweit Partnern, mit denen wir\u00a0in der humanit\u00e4ren Hilfsorganisation auch international\u00a0erfolgreich sind.<br \/>\nLOOKING FOR GLOBAL JUSTICE\u00a0ist Ihr Partner bei Investitionsentscheidung in jedem Stadium ihres Projekts. Gerne begleiten wir Sie in allen Finanzierungsfragen eines geplanten oder laufenden Projekts.<\/p>\n<h4><strong>Verantwortlich denken und handeln<\/strong><\/h4>\n<p>S\u00e4mtliche Partner unseres Netzwerks respektieren die gleichen hohen Compliance-Standards. Obwohl wirtschaftlich voneinander unabh\u00e4ngig, verpflichten wir uns, klare und anerkannte Werte auch zu leben.<br \/>\nDazu geh\u00f6ren Transparenz gegen\u00fcber\u00a0Spender und Mitarbeitern und die Einhaltung der geltenden rechtlichen Rahmenbedingungen im jeweiligen Umfeld. Wir verpflichten uns zu\u00a0\u00f6kologisch verantwortlichem Handeln und dem Streben nach erstklassiger\u00a0Qualit\u00e4t unserer Arbeit.<br \/>\nAls global t\u00e4tige Hilfsorganisation stellen wir hohe Anspr\u00fcche an uns selbst und an unsere Hilfsorganisation Partner. Aus diesem Grund besitzen wir ein internes Managementsystem, das uns die kontinuierliche Verbesserung von Abl\u00e4ufen und Qualit\u00e4tsstandards erlaubt. LOOKING FOR GLOBAL JUSTICE denkt und handelt nicht nur kurzfristig, sondern h\u00e4lt stets auch die langfristigen Auswirkungen und gesamtwirtschaftliche Entwicklungen im Blickfeld. Unsere Spender honorieren diese Einstellung, da Investments und Hilfsprojekte meistens auf Langfristigkeit ausgelegt sind.<\/p>\n<h4><strong>Das Ganze im Blick<\/strong><\/h4>\n<p>Alle Projekte von LOOKING FOR GLOBAL JUSTICE werden von Beginn an ganzheitlich angedacht und ausgef\u00fchrt. Wir analysieren k\u00fcnftige Standorte, entwickeln flexibel anpassbare Konzepte mit Fokus auf langfristiger Nutzung und setzen unsere Pl\u00e4ne termin- und kostentreu um. Wir koordinieren und f\u00fchren alle Arbeiten f\u00fcr die Projekte mit dem Partner vor Ort aus. Damit garantieren wir einen reibungslosen Projektverlauf. Unseren Spendern geben wir damit die Gewissheit, dass die Projekte in h\u00f6chster Qualit\u00e4t ausgef\u00fchrt wird und von Anfang an rentabel sein wird.<\/p>\n","protected":false},"excerpt":{"rendered":"<p>Die LOOKING FOR GLOBAL JUSTICE ist eine globales Hilfsorganisation. Unsere Kompetenzbereiche: LOOKING FOR GLOBAL JUSTICE ist eine humanit\u00e4re Hilfsorganisation, setzen sich f\u00fcr Natur, Tiere und Menschen ein. Der Spender f\u00fchrt verschiedene Kampagnen durch, mit denen wir alle ein bestimmtes naturbezogenes Ziel erreichen. Wir sind die&#8230;<\/p>\n","protected":false},"author":1,"featured_media":3198,"parent":692,"menu_order":77,"comment_status":"closed","ping_status":"closed","template":"","meta":[],"_links":{"self":[{"href":"https:\/\/lookingforglobaljustice.com\/de\/wp-json\/wp\/v2\/pages\/2918"}],"collection":[{"href":"https:\/\/lookingforglobaljustice.com\/de\/wp-json\/wp\/v2\/pages"}],"about":[{"href":"https:\/\/lookingforglobaljustice.com\/de\/wp-json\/wp\/v2\/types\/page"}],"author":[{"embeddable":true,"href":"https:\/\/lookingforglobaljustice.com\/de\/wp-json\/wp\/v2\/users\/1"}],"replies":[{"embeddable":true,"href":"https:\/\/lookingforglobaljustice.com\/de\/wp-json\/wp\/v2\/comments?post=2918"}],"version-history":[{"count":11,"href":"https:\/\/lookingforglobaljustice.com\/de\/wp-json\/wp\/v2\/pages\/2918\/revisions"}],"predecessor-version":[{"id":6644,"href":"https:\/\/lookingforglobaljustice.com\/de\/wp-json\/wp\/v2\/pages\/2918\/revisions\/6644"}],"up":[{"embeddable":true,"href":"https:\/\/lookingforglobaljustice.com\/de\/wp-json\/wp\/v2\/pages\/692"}],"wp:featuredmedia":[{"embeddable":true,"href":"https:\/\/lookingforglobaljustice.com\/de\/wp-json\/wp\/v2\/media\/3198"}],"wp:attachment":[{"href":"https:\/\/lookingforglobaljustice.com\/de\/wp-json\/wp\/v2\/media?parent=2918"}],"curies":[{"name":"wp","href":"https:\/\/api.w.org\/{rel}","templated":true}]}}