{"id":2921,"date":"2021-02-15T11:51:55","date_gmt":"2021-02-15T10:51:55","guid":{"rendered":"https:\/\/staging.lookingforglobaljustice.com\/ueber-uns\/mission\/"},"modified":"2022-02-09T19:24:39","modified_gmt":"2022-02-09T18:24:39","slug":"leitbild","status":"publish","type":"page","link":"https:\/\/lookingforglobaljustice.com\/de\/ueber-uns\/leitbild\/","title":{"rendered":"Leitbild"},"content":{"rendered":"<p><strong>LOOKING FOR GLOBAL JUSTICE MOTIVATION<\/strong><\/p>\n<h4><strong>Unsere Vision<\/strong><\/h4>\n<p>Aufbauend auf unserer F\u00fchrungsrolle bei der Schaffung dauerhafter Projekte. Wir wachsen nachhaltig und profitabel und expandieren auf der ganzen Welt. Auf diese Weise festigen wir unsere wirtschaftliche Basis und schaffen langfristige Sicherheit und Handlungsfreiheit &#8211; zum Nutzen der Hilfsorganisation.<\/p>\n<h4><strong>Unsere Mission<\/strong><\/h4>\n<p>Begleitung- und begeistern &#8211; unsere Spender mit einem umfassenden professionellen Service. Dabei liegt der Fokus auf der Steigerung von Effizienz und Qualit\u00e4t.<br \/>\nUnser Ziel ist es, L\u00f6sungen zu erarbeiten, die f\u00fcr beide Seiten Mehrwert generieren. Gemeinsamer Erfolg entsteht nur, wenn beide vom Resultat begeistert sind und es wird mehr, als die Summe ihrer Einzelteile.<br \/>\nUnsere Nutzer der Projekten profitieren von unserem Know-how, weil wir das tun, was wir am besten k\u00f6nnen &#8211; ein auf den langfristigen Erfolg ausgerichtetes Planen und Handeln. Wir arbeiten stets zielorientiert wobei wir die gebotene Sorgfalt f\u00fcrs Tagesgesch\u00e4ft keinesfalls vernachl\u00e4ssigen.<\/p>\n<h4><strong>Innovativ fair<\/strong><\/h4>\n<p>Projekte sind in Bewegung. Was gestern noch Erfolg versprach, kann heute bereits veraltet sein. Wir sind ganz vorn dabei, denn wir wissen worauf es bei Betreuung, Anbau und Realisation ankommt. Wir erkennen Potenziale und schaffen neue differenzierte L\u00f6sungen f\u00fcr jedes einzelne Objekt.<\/p>\n<h4><strong>Unabh\u00e4ngig fair<\/strong><\/h4>\n<p>Unser Credo ist Unabh\u00e4ngigkeit, wir analysieren M\u00e4rkte und finden f\u00fcr jedes Projekt den optimalen. Dank eines breiten Netzwerks haben wir Zugang zu allen Marktteilnehmern, Ingenieuren, Architekten und Bauunternehmen.<\/p>\n<h4><strong>Glaubw\u00fcrdig fair<\/strong><\/h4>\n<p>Unser Herz schl\u00e4gt f\u00fcr LOOKING FOR GLOBAL JUSTICE spezifische Projekte. Dazu \u00fcbertragen wir genaue Daten und entwickeln eine klare Preisstrategie &#8211; zugeschnitten auf Projekte.<\/p>\n<h4><strong>Leistungsorientiert fair<\/strong><\/h4>\n<p>Wir sind engagiert, immer verantwortungsbewusst und auf einem hohen Leistungsniveau. Denn wir wollen langfristig begeisterte, die das Projekt nutzen, und deren Empfehlungen der gesamten Gruppe zugutekommen.<\/p>\n<h4><strong>Unsere Kultur<\/strong><\/h4>\n<p>Wir fordern, f\u00f6rdern und kontrollieren uns. Wir \u00fcbernehmen Verantwortung und arbeiten zuverl\u00e4ssig mit unseren Partnern, wie Spendern, Banken und Notariaten, zusammen. Die eigene selbstkritische Weiterentwicklung garantiert uns, stets am Markt ganz vorn dabei zu sein &#8211; zum Nutzen allen die unsere LOOKING FOR GLOBAL JUSTICE verbunden sind.<\/p>\n<h4><strong>Klare Werte<\/strong><\/h4>\n<p>Ein fairer und verl\u00e4sslicher Partner ist man nicht auf dem Papier. Wir nehmen die Herausforderung der modernen Anspr\u00fcche an die Zukunft an. Damit uns das gelingt, sind unsere Anweisungen Richtlinien und Leitf\u00e4den ein ethischer und moralischer Wegweiser f\u00fcr offenes und integres Verhalten &#8211; nicht nur innerhalb der LOOKING FOR GLOBAL JUSTICE, sondern auch gegen\u00fcber unseren Spendern und allen die in verbunden sind.<br \/>\nF\u00fcr diese Werte stehen wir. Klar, deutlich definiert und ohne Ausnahme.<\/p>\n","protected":false},"excerpt":{"rendered":"<p>LOOKING FOR GLOBAL JUSTICE MOTIVATION Unsere Vision Aufbauend auf unserer F\u00fchrungsrolle bei der Schaffung dauerhafter Projekte. Wir wachsen nachhaltig und profitabel und expandieren auf der ganzen Welt. Auf diese Weise festigen wir unsere wirtschaftliche Basis und schaffen langfristige Sicherheit und Handlungsfreiheit &#8211; zum Nutzen der&#8230;<\/p>\n","protected":false},"author":1,"featured_media":3210,"parent":692,"menu_order":79,"comment_status":"closed","ping_status":"closed","template":"","meta":[],"_links":{"self":[{"href":"https:\/\/lookingforglobaljustice.com\/de\/wp-json\/wp\/v2\/pages\/2921"}],"collection":[{"href":"https:\/\/lookingforglobaljustice.com\/de\/wp-json\/wp\/v2\/pages"}],"about":[{"href":"https:\/\/lookingforglobaljustice.com\/de\/wp-json\/wp\/v2\/types\/page"}],"author":[{"embeddable":true,"href":"https:\/\/lookingforglobaljustice.com\/de\/wp-json\/wp\/v2\/users\/1"}],"replies":[{"embeddable":true,"href":"https:\/\/lookingforglobaljustice.com\/de\/wp-json\/wp\/v2\/comments?post=2921"}],"version-history":[{"count":9,"href":"https:\/\/lookingforglobaljustice.com\/de\/wp-json\/wp\/v2\/pages\/2921\/revisions"}],"predecessor-version":[{"id":6700,"href":"https:\/\/lookingforglobaljustice.com\/de\/wp-json\/wp\/v2\/pages\/2921\/revisions\/6700"}],"up":[{"embeddable":true,"href":"https:\/\/lookingforglobaljustice.com\/de\/wp-json\/wp\/v2\/pages\/692"}],"wp:featuredmedia":[{"embeddable":true,"href":"https:\/\/lookingforglobaljustice.com\/de\/wp-json\/wp\/v2\/media\/3210"}],"wp:attachment":[{"href":"https:\/\/lookingforglobaljustice.com\/de\/wp-json\/wp\/v2\/media?parent=2921"}],"curies":[{"name":"wp","href":"https:\/\/api.w.org\/{rel}","templated":true}]}}