{"id":2924,"date":"2021-02-15T11:52:30","date_gmt":"2021-02-15T10:52:30","guid":{"rendered":"https:\/\/staging.lookingforglobaljustice.com\/ueber-uns\/we-look-for-partners\/"},"modified":"2022-02-07T11:20:46","modified_gmt":"2022-02-07T10:20:46","slug":"wir-suchen-partner","status":"publish","type":"page","link":"https:\/\/lookingforglobaljustice.com\/de\/ueber-uns\/wir-suchen-partner\/","title":{"rendered":"Wir suchen Partner"},"content":{"rendered":"<h4><strong>GEMEINSAM ZUM ERFOLG<\/strong><\/h4>\n<p>Weltweit suchen wir Partner mit Potential, die Interesse an einer langfristigen Zusammenarbeit bei lukrativer Hilfsorganisation haben.<\/p>\n<p>Als f\u00fchrende Planungs- und Beratung Hilfsorganisation sind wir ein idealer Partner f\u00fcr Spendern Investitionen. Unser Schwerpunkt liegt auf gr\u00f6sseren Infrastrukturprojekten, die neben der langfristigen Rentabilit\u00e4t auch den Menschen helfen, wo es notwendig werden.<br \/>\nDie Hilfsorganisation Branche weist weltweit ein stetiges Wachstum auf. Dies zeigt sich an der steigenden Investitionsquote im Hilfsprojekte. Gemeinsam unseren Geldspender, sorgen wir daf\u00fcr, dass Ihre Investitionen Fr\u00fcchte tragen, Wir verfolgen nur ein Ziel:\u00a0 Den Erfolg der Projekte zu Besten Hilfs Natur Tiere und Menschen.<\/p>\n<p>Die LOOKING FOR GLOBAL JUSTICE ist konsequent ausgerichtet auf\u00a0Projekte\u00a0und Investitionsvermittlung in der Hilfsorganisation Branche. Unsere Gruppe besch\u00e4ftigt rund 200 Mitarbeiter und ist mit Standorten \u00fcber die ganze Welt vertreten. Wir investieren in \u00fcberdurchschnittlich qualifizierte und hoch motivierte Mitarbeitende.<\/p>\n<p>Nur offizielle LOOKING FOR GLOBAL JUSTICE Partner haben Zugriff auf unser Netzwerk und Know-how und k\u00f6nnen dadurch weltweit Hilfe anbieten mit h\u00f6chster Qualit\u00e4t und Sicherheit in der Hilfsprojekt Entwicklung und bei Investitionen garantieren.<\/p>\n<p><strong>LOOKING FOR GLOBAL JUSTICE <\/strong><strong>folgt klaren Regeln &#8211;\u00a0Zusammenarbeit und F\u00fchrung &#8211; Unsere Ziele<\/strong><\/p>\n<p><strong>Verantwortung<br \/>\n<\/strong>Wir handeln im Sinne des LOOKING FOR GLOBAL JUSTICE-Leitbildes verantwortlich, sind offen f\u00fcr Neues und setzen unsere Potenziale, Kapazit\u00e4ten und Mittel zielgerichtet und nach ethischen Grunds\u00e4tzen ein. Wir schaffen zusammen mit unseren weltweiten LOOKING FOR GLOBAL JUSTICE Partnern eine tragf\u00e4hige Grundlage von aktuellstem Fachwissen, gepaart mit Vertrauen, gegenseitiger Achtung und Unterst\u00fctzung.<\/p>\n<p><strong>Leistung<br \/>\n<\/strong>Wir setzen uns hohe Leistungsstandards und vereinbaren erreichbare Ziele. Jede Arbeit beurteilen wir gerecht\u00a0und anerkennen gute Leistungen.<\/p>\n<p><strong>F\u00fchrung und Selbstverst\u00e4ndnis<br \/>\n<\/strong><\/p>\n<p>Erlauben Sie uns zwei bekannte Statements:<br \/>\n1. \u201eJede Organisation ist nur so gut wie ihre F\u00fchrung\u201c.<br \/>\n2. \u201eWer aufh\u00f6rt besser zu werden, hat aufgeh\u00f6rt, gut zu sein.\u201c<\/p>\n<p>Die F\u00fchrungskr\u00e4fte von LOOKING FOR GLOBAL JUSTICE\u00a0sind sich ihrer Vorbildwirkung bewusst, nehmen sich Zeit f\u00fcr LOOKING FOR GLOBAL JUSTICE\u00a0Partner und Kunden und geben R\u00fcckhalt. Die LOOKING FOR GLOBAL JUSTICE Partner beziehen Mitarbeiterinnen und Mitarbeiter in den Entscheidungsprozess mit ein und delegieren Aufgaben mit den entsprechenden Kompetenzen und Mitteln. Selbstverst\u00e4ndlich hat jede Mitarbeiterin und jeder Mitarbeiter von LOOKING FOR GLOBAL JUSTICE\u00a0Zugriff auf das gesamte Basiswissen in der Gruppe sowie auf alle relevanten Hilfsprojektdaten, um unsere Projekte optimal zu unterst\u00fctzen.<\/p>\n<p>Dies sind Grundvoraussetzungen daf\u00fcr, dass der Spender den Projekten im gesamten Unternehmen mit seinen individuellen W\u00fcnschen und Bed\u00fcrfnissen ernst- und\u00a0wahrgenommen wird.<\/p>\n<p><strong>Sicherheit<br \/>\n<\/strong>Mitarbeiterinnen und Mitarbeitern im LOOKING FOR GLOBAL JUSTICE Verbund geniessen die Sicherheit eines soliden, rechtlich gepr\u00fcften und stets aktuellen Daten- und Wissensstands.\u00a0 Damit legen wir die Grundlage f\u00fcr einen hohen Qualit\u00e4tsstandard und eine vorbildliche Gesch\u00e4ftskultur.<\/p>\n<p><strong>Zusammenarbeit<br \/>\n<\/strong>Wir arbeiten loyal, fair, offen und zuverl\u00e4ssig zusammen. Wir f\u00f6rdern die organisations\u00fcbergreifende Zusammenarbeit und verstehen LOOKING FOR GLOBAL JUSTICE in seiner Vielfalt als Einheit. Wir sind kritik-, konflikt- und teamf\u00e4hig. Wir bleiben im Dialog und suchen eine klare gemeinsame Sprache. Wir kommunizieren und informieren transparent und bed\u00fcrfnisgerecht in alle Richtungen. Wir h\u00f6ren aktiv zu, geben und akzeptieren konstruktives Feedback.<\/p>\n<p><strong>Entwicklung der LOOKING FOR GLOBAL JUSTICE<br \/>\n<\/strong>Wir waren die Chancengleichheit aller Mitarbeiterinnen und Mitarbeiter, erkennen und f\u00f6rdern ihre Potenziale und entwickeln die Bereitschaft zur Ver\u00e4nderung. Wir legen besonderen Wert auf die fachliche, pers\u00f6nliche und menschliche Entfaltung unserer Mitarbeiterinnen und Mitarbeiter.<\/p>\n","protected":false},"excerpt":{"rendered":"<p>GEMEINSAM ZUM ERFOLG Weltweit suchen wir Partner mit Potential, die Interesse an einer langfristigen Zusammenarbeit bei lukrativer Hilfsorganisation haben. Als f\u00fchrende Planungs- und Beratung Hilfsorganisation sind wir ein idealer Partner f\u00fcr Spendern Investitionen. Unser Schwerpunkt liegt auf gr\u00f6sseren Infrastrukturprojekten, die neben der langfristigen Rentabilit\u00e4t auch&#8230;<\/p>\n","protected":false},"author":1,"featured_media":2232,"parent":692,"menu_order":81,"comment_status":"closed","ping_status":"closed","template":"","meta":[],"_links":{"self":[{"href":"https:\/\/lookingforglobaljustice.com\/de\/wp-json\/wp\/v2\/pages\/2924"}],"collection":[{"href":"https:\/\/lookingforglobaljustice.com\/de\/wp-json\/wp\/v2\/pages"}],"about":[{"href":"https:\/\/lookingforglobaljustice.com\/de\/wp-json\/wp\/v2\/types\/page"}],"author":[{"embeddable":true,"href":"https:\/\/lookingforglobaljustice.com\/de\/wp-json\/wp\/v2\/users\/1"}],"replies":[{"embeddable":true,"href":"https:\/\/lookingforglobaljustice.com\/de\/wp-json\/wp\/v2\/comments?post=2924"}],"version-history":[{"count":6,"href":"https:\/\/lookingforglobaljustice.com\/de\/wp-json\/wp\/v2\/pages\/2924\/revisions"}],"predecessor-version":[{"id":6653,"href":"https:\/\/lookingforglobaljustice.com\/de\/wp-json\/wp\/v2\/pages\/2924\/revisions\/6653"}],"up":[{"embeddable":true,"href":"https:\/\/lookingforglobaljustice.com\/de\/wp-json\/wp\/v2\/pages\/692"}],"wp:featuredmedia":[{"embeddable":true,"href":"https:\/\/lookingforglobaljustice.com\/de\/wp-json\/wp\/v2\/media\/2232"}],"wp:attachment":[{"href":"https:\/\/lookingforglobaljustice.com\/de\/wp-json\/wp\/v2\/media?parent=2924"}],"curies":[{"name":"wp","href":"https:\/\/api.w.org\/{rel}","templated":true}]}}