{"id":3,"date":"2020-11-25T09:23:02","date_gmt":"2020-11-25T09:23:02","guid":{"rendered":"https:\/\/lookingforglobaljustice.com\/?page_id=3"},"modified":"2024-01-09T16:36:13","modified_gmt":"2024-01-09T15:36:13","slug":"datenschutz","status":"publish","type":"page","link":"https:\/\/lookingforglobaljustice.com\/de\/datenschutz\/","title":{"rendered":"Datenschutzerkl\u00e4rung"},"content":{"rendered":"<p>Der Datenschutz ist f\u00fcr uns sehr wichtig. Nachstehend informieren wir Sie \u00fcber den Umgang mit Ihren Daten.<\/p>\n<p>Soweit nachfolgend keine anderen Angaben gemacht werden, ist das Bereitstellen Ihrer personenbezogenen Daten weder gesetzlich noch vertraglich vorgeschrieben. Sie sind nicht verpflichtet, Ihre Daten bereitzustellen und eine Nichtbereitstellung hat keine Folgen. Dies gilt nur, soweit bei den nachfolgenden Verarbeitungsvorg\u00e4ngen keine anderweitige Angabe gemacht wird. Unter &#8220;personenbezogenen Daten&#8221; verstehen wir alle Informationen, die sich auf eine identifizierte oder identifizierbare nat\u00fcrliche Person beziehen.<\/p>\n<p><strong>Server-Logfiles<\/strong><\/p>\n<p>Unsere Webseite k\u00f6nnen Sie ohne Angaben zu Ihrer Person besuchen. Bei jedem Besuch auf unserer Webseite werden an uns oder unseren Webhoster\/IT-Dienstleister Nutzungsdaten durch Ihren Internet-Browser \u00fcbermittelt und in Server-Logfiles gespeichert. Zu diesen gespeicherten Daten z\u00e4hlen beispielsweise der Name der aufgerufenen Seite, Datum und Uhrzeit des Abrufs, die IP-Adresse, die \u00fcbertragene Datenmenge und der anfragende Provider. Die Verarbeitung erfolgt auf Grundlage des Art. 6 Abs. 1 lit. f DSGVO aus unserem berechtigtem Interesse an der Gew\u00e4hrleistung eines st\u00f6rungsfreien Betriebs unserer Webseite sowie zur Verbesserung unseres Angebots.<\/p>\n<p><strong>Hosting-Dienstleistungen durch Dritte<\/strong><\/p>\n<p>In unserem Auftrag erbringt ein Drittanbieter f\u00fcr uns die Dienste zum Hosting und zur Darstellung der Webseite, damit wir unsere im Rahmen einer Interessensabw\u00e4gung \u00fcberwiegenden berechtigten Interessen an einer korrekten Darstellung unseres Angebots wahren k\u00f6nnen. Alle Daten, die Sie uns im Rahmen der Nutzung dieser Webseite angeben, werden auf Servern des Hosting-Dienstleisters verarbeitet. Eine Datenverarbeitung auf anderen Servern erfolgt nur in dem hier aufgef\u00fchrten Rahmen. Dieser Dienstleister hat seinen Sitz innerhalb eines Landes der EU oder des Europ\u00e4ischen Wirtschaftsraums.<\/p>\n<p><strong>Datenerhebung und -verarbeitung personenbezogener Daten \u00fcber unsere Webseite<\/strong><\/p>\n<p>Auf unserer Webseite haben Sie die M\u00f6glichkeit, durch Angabe personenbezogener Daten mit uns in Kontakt zu treten und von uns angebotene Services (Online- Reservation, Gutscheinbestellung, Newsletter) in Anspruch zu nehmen. Wir nehmen alle Daten nur in dem von Ihnen zur Verf\u00fcgung gestellten Umfang auf. Mit dem Versand der personenbezogenen Kontaktdaten und Nachrichten willigen Sie in die Verarbeitung der \u00fcbermittelten Daten auf Grundlage des Art. 6 Abs. 1 lit. a DSGVO ein.<\/p>\n<p>Geben Sie uns personenbezogene Daten von Drittpersonen weiter, bitten wir Sie explizit um Ihre Einwilligung zur Speicherung und Verarbeitung dieser Daten. Sie sowie die Personen, deren personenbezogene Daten Sie an uns weitergegeben haben, haben das jederzeitige Widerrufsrecht f\u00fcr Ihre Einwilligung zur Verarbeitung der Personendaten, ohne dass die Rechtm\u00e4ssigkeit der aufgrund der Einwilligung bis zum Widerruf erfolgten Verarbeitung ber\u00fchrt wird.<\/p>\n<p>Ihre Daten k\u00f6nnen durch uns auch f\u00fcr die \u00dcbersendung von Info-, Werbe- und Marketingmaterial genutzt werden. Sie werden jedoch nicht f\u00fcr Werbe- und Marketingzwecke an Dritte weitergegeben oder ver\u00f6ffentlicht.<\/p>\n<p>Die \u00dcbersendung von Info-, Werbe- und Marketingmaterial k\u00f6nnen Sie jederzeit abbestellen, indem Sie im Email den entsprechenden Link benutzen oder uns eine entsprechende Mitteilung zukommen lassen.<\/p>\n<p><strong>Umgang mit personenbezogenen Daten im Rahmen unserer Gesch\u00e4ftst\u00e4tigkeit<\/strong><\/p>\n<p>Im Rahmen unserer Gesch\u00e4ftst\u00e4tigkeit erheben, verarbeiten und archivieren wir personenbezogene Daten f\u00fcr die Erbringung unserer vertraglichen Leistungen sowie f\u00fcr die Verwaltung, Betriebsorganisation und Finanzbuchhaltung auf der Grundlage von Art. 6 Abs. 1 DSGVO. Das betrifft Daten unserer Webseitennutzer, Kunden, Interessenten und Gesch\u00e4ftspartner. Unser Interesse und der Zweck der Verarbeitung dieser Daten liegen in der Erbringungen unserer Leistungen und der Wahrnehmung unserer Gesch\u00e4ftst\u00e4tigkeit. Ohne Ihre personenbezogenen Angaben kommt kein Vertrag zustande und wir k\u00f6nnen keine Leistungen f\u00fcr Sie erbringen.<\/p>\n<p>Soweit dies f\u00fcr das Erbringen unserer Leistungen und zur Aufrechterhaltung unserer Gesch\u00e4ftst\u00e4tigkeit notwendig ist, \u00fcbermitteln wir hierbei auch Daten an Dritte wie Finanzverwaltung, Berater oder Geb\u00fchrenstellen und Zahlungsdienstleister. Wir halten uns bei der Verarbeitung der Daten an die gesetzlichen Vorgaben der Auftragsverarbeitung nach Art. 28 DSGVO und die Weisungen unserer Kunden.<\/p>\n<p>Wir l\u00f6schen die Daten nach Ablauf der gesetzlichen Gew\u00e4hrleistungspflicht und \u00fcberpr\u00fcfen alle drei Jahre die Erforderlichkeit der Aufbewahrung der Daten. Im Fall der gesetzlichen Archivierungspflichten erfolgt die L\u00f6schung nach deren Ablauf (6 Jahre).<\/p>\n<p>Mehrheitlich unternehmensbezogene Daten, etwa zu Lieferanten und sonstigen Gesch\u00e4ftspartnern, speichern wir grunds\u00e4tzlich dauerhaft.<\/p>\n<p><strong>Cookies<\/strong><\/p>\n<p>Einige unserer Seiten verwenden Cookies. Cookies sind kleine Textdateien, die automatisch auf Ihrem Computer gespeichert werden. Cookies helfen, die Webseite benutzerfreundlicher, effizienter und sicherer zu machen. Die meisten Cookies sind sogenannte Session-Cookies, die nach dem Besuch auf unserer Webseite gel\u00f6scht werden. Andere Cookies dagegen bleiben auf Ihrem Computer gespeichert, bis Sie sie l\u00f6schen. Diese Cookies erlauben die Identifikation Ihres Webbrowsers, wenn Sie unsere Webseite das n\u00e4chste Mal besuchen. Sie k\u00f6nnen Ihren Webbrowser so konfigurieren, dass Sie \u00fcber das Setzen von Cookies informiert werden und im Einzelfall \u00fcber deren Annahme oder Ablehnung sowie generelle Ausschliessung entscheiden k\u00f6nnen. Die Webbrowser unterscheiden sich in der Art, wie sie Cookie-Einstellungen verwalten. Mehr Informationen und Hilfe zu den Cookie-Einstellungen finden Sie in den Supportseiten der entsprechenden Browser<\/p>\n<p><strong>Nutzung von Google Analytics <\/strong><\/p>\n<p>Unsere Webseite verwendet den Webanalysedienst Google Analytics der Google Inc. (1600 Amphitheatre Parkway, Mountain View, CA 94043, USA; \u201eGoogle\u201c). Wir gewinnen dadurch Aufschluss \u00fcber das Nutzerverhalten auf unserer Seite und k\u00f6nnen unsere Webseite und unsere Angebote entsprechend anpassen. Google wird hierf\u00fcr von der Betreiberin dieser Webseite beauftragt, die gewonnen Informationen \u00fcber Ihre Nutzung unserer Webseite auszuwerten, um daraus Reports \u00fcber die Webseitenaktivit\u00e4ten zu erstellen und weitere mit der Webseite und Internetnutzung verbundene Dienstleistungen gegen\u00fcber der Webseitenbetreiberin zu erbringen. Ihre IP-Adresse, die beim Besuch unserer Webseite an Google Analytics \u00fcbermittelt wird, wird nicht mit anderen Daten von Google zusammengef\u00fchrt. Google Analytics verwendet f\u00fcr die Analyse der Webseitennutzung sogenannte Cookies, die in der Regel an Server von Google in den USA \u00fcbermittelt und auf ihnen gespeichert werden. Dabei wird Ihre IP-Adresse innerhalb von Mitgliedstaaten der Europ\u00e4ischen Union oder in anderen Vertragsstaaten des Abkommens \u00fcber den Europ\u00e4ischen Wirtschaftsraum vor der \u00dcbertragung in die USA gek\u00fcrzt und somit anonymisiert. Nur in Ausnahmef\u00e4llen gelangt die vollst\u00e4ndige IP-Adresse an Google Server in den USA und wird dort gek\u00fcrzt. F\u00fcr Daten\u00fcbermittlungen in die USA ist ein Angemessenheitsbeschluss der Europ\u00e4ischen Kommission vorhanden. Die Verarbeitung erfolgt auf Grundlage des Art. 6 Abs. 1 lit. f DSGVO aus dem berechtigten Interesse an der bedarfsgerechten und zielgerichteten Gestaltung der Webseite.<\/p>\n<p>Sie haben das Recht, jederzeit dieser auf Art. 6 \u00a0Abs.1 lit. f DSGVO beruhenden Verarbeitung Sie betreffender personenbezogener Daten zu widersprechen.<\/p>\n<p>Sie haben die M\u00f6glichkeit, durch entsprechende Einstellungen in Ihrer Webbrowser-Software das Speichern von Cookies zu verhindern. Allerdings kann dies zu Einschr\u00e4nkungen bei der Benutzung gewisser Funktionen auf unserer Webseite f\u00fchren. Mit einem entsprechenden Browser-Add-on zur Deaktivierung von Google Analytics k\u00f6nnen Sie die Erfassung, \u00dcbermittlung und Verarbeitung Ihrer Nutzungsdaten (inkl. IP-Adresse) mittels Cookies verhindern.<\/p>\n<p>Weitere Informationen zum Datenschutz und zu den Nutzungsbedingungen von Google Analytics finden Sie in den Datenschutzrichtlinien von Google.<\/p>\n<p><strong>Verwendung von Google Maps<\/strong><\/p>\n<p>Auf unserer Webseite verwenden wir Funktionen zur Integration von Google Maps-Karten der Google Inc. (\u201cGoogle\u201d), 1600 Amphitheatre Parkway, Mountain View, CA 94043, USA.<\/p>\n<p>Damit k\u00f6nnen wir visuelle Darstellungen von geografischen Informationen und interaktive Landkarten auf unserer Webseite zur Verf\u00fcgung stellen. Beim Aufrufen derjenigen Seiten, auf denen Google Maps-Karten eingebettet sind, werden Daten der Webseitenbesucher erhoben, verarbeitet und ausgewertet. Dabei werden gegebenenfalls Daten in die USA \u00fcbermittelt. F\u00fcr Daten\u00fcbermittlungen in die USA ist ein Angemessenheitsbeschluss der Europ\u00e4ischen Kommission vorhanden. Die Verarbeitung erfolgt auf Grundlage des Art. 6 Abs. 1 lit. f DSGVO aus dem berechtigten Interesse an der bedarfsgerechten und zielgerichteten Gestaltung unserer Webseite.<\/p>\n<p>Weitere Informationen zum Datenschutz und zu den Nutzungsbedingungen von Google finden Sie in den Datenschutzrichtlinien von Google.<\/p>\n<p><strong>Facebook Plug-In<\/strong><\/p>\n<p>Unsere Webseite nutzt Funktionen von Facebook Inc., 1 Hacker Way, Menlo Park, CA 94025, USA. Das Facebook Plug-in erkennen Sie am Facebook Logo oder dem Like-Button auf der Webseite.<\/p>\n<p>Wenn Sie unsere Seite besuchen, wird via Plug-in eine direkte Verbindung zwischen Ihrem Webbrowser und dem Facebook Server hergestellt. Das gibt Facebook die M\u00f6glichkeit festzustellen, dass Sie mit Ihrer IP-Adresse unsere Webseite besucht haben. Wenn Sie auf den Like-Button klicken, w\u00e4hrend Sie in Ihren Facebook Account eingeloggt sind, kann Facebook Ihre Besuche auf unserer Webseite direkt Ihrem Facebook Account zuordnen. Dasselbe gilt, wenn Sie Inhalte auf unserer Webseite mit eingeloggtem Facebook Account anklicken oder verlinken. Beachten Sie, dass wir als Webseitenbetreiberin weder Kenntnisse \u00fcber Art und Inhalt der an Facebook \u00fcbermittelten Daten haben noch wissen, wie Facebook diese Daten verwertet. Weitere Informationen finden Sie in den Datenschutzrichtlinien von Facebook.<\/p>\n<p>Wenn Sie nicht m\u00f6chten, dass Facebook Ihre Besuche auf unserer Webseite mit Ihrem Facebook Account in Verbindung bringt, loggen Sie sich bitte vor dem Besuch unserer Webseite aus Ihrem Facebook Account aus.<\/p>\n<p><strong>Instagram Plug-In<\/strong><\/p>\n<p>Unsere Webseite nutzt Funktionen von Instagram LLC, 1601 Willow Rd, Menlo Park, CA 94025, USA. Die Einbindung von Instagram auf unserer Webseite erkennen Sie am Like-Button und dem Instagram-Logo. Einen \u00dcberblick zum Instagram Plug-in und seinen Funktionen erhalten Sie im Hilfebereich von Instagram.<\/p>\n<p>Wenn Sie unsere Webseite besuchen, wird via Plug-in eine direkte Verbindung zwischen Ihrem Webbrowser und dem Instagram Server hergestellt. Das gibt Instagram die M\u00f6glichkeit festzustellen, dass Sie mit Ihrer IP-Adresse unsere Webseite besucht haben. Wenn Sie auf den Like-Button klicken, w\u00e4hrend Sie in Ihren Instagram Account eingeloggt sind, kann Instagram Ihre Besuche auf unserer Webseite direkt Ihrem Instagram Account zuordnen. Dasselbe gilt, wenn Sie Inhalte auf unserer Webseite mit eingeloggtem Instagram Account anklicken oder verlinken. Beachten Sie, dass wir als Webseitenbetreiberin weder Kenntnisse \u00fcber Art und Inhalt der an Instagram \u00fcbermittelten Daten haben noch wissen, wie Instagram diese Daten verwertet. Weitere Informationen finden Sie in den Datenschutzrichtlinien von Instagram.<\/p>\n<p>Wenn Sie nicht m\u00f6chten, dass Instagram Ihre Besuche auf unserer Webseite mit Ihrem Instagram Account in Verbindung bringt, loggen Sie sich bitte vor dem Besuch unserer Webseite aus Ihrem Instagram Account aus.<\/p>\n<p><strong>LinkedIn Plug-In<\/strong><\/p>\n<p>Unsere Webseite nutzt Funktionen von LinkedIn. Dieser Service wird von der LinkedIn Corporation, 2029 Stierlin Court, Mountain View, CA 94043, USA zur Verf\u00fcgung gestellt. Immer wenn Sie eine unserer Seiten, die mit einer LinkedIn Verkn\u00fcpfung versehen ist, aufrufen, verbindet sich der Webbrowser mit dem LinkedIn Server und informiert LinkedIn, dass unsere Webseite von Ihrer IP-Adresse aus besucht wurde. Wenn Sie den LinkedIn Recommend-Button benutzen, w\u00e4hrend Sie in Ihren LinkedIn Account eingeloggt sind, kann LinkedIn Ihre Besuche auf unserer Webseite Ihrem LinkedIn Account zuordnen. Beachten Sie, dass wir weder Kenntnisse \u00fcber Art und Inhalt der an LinkedIn \u00fcbermittelten Daten haben noch wissen, wie LinkedIn diese Daten verwertet. Weitere Informationen finden Sie in den Datenschutzrichtlinien von LinkedIn.<\/p>\n<p><strong>Pinterest Plug-in<\/strong><\/p>\n<p>Unserer Webseite nutzt Funktionen des sozialen Netzwerkes Pinterest. Dieser Service wird von der Pinterest Inc., 808 Brannan Street, San Francisco, CA 94103-490, USA zur Verf\u00fcgung gestellt. Immer wenn Sie eine unserer Seiten, die mit einer Funktion von Pinterest versehen ist, aufrufen, verbindet sich der Webbrowser mit den Pinterest-Servern mit Standort in den USA. Bei den \u00fcbertragenen Protokolldaten k\u00f6nnen R\u00fcckschl\u00fcsse auf Ihre IP-Adresse, besuchten Webseiten, Art und Einstellungen Ihres Browsers, Datum und Zeitpunkt der Anfrage und Ihre Verwendungsweise von Pinterest sowie Cookies gezogen werden. Weitere Informationen finden Sie in den Datenschutzrichtlinien von Pinterest.<\/p>\n<p><strong>Twitter Plug-In<\/strong><\/p>\n<p>Unsere Webseite nutzt Funktionen des Twitter Diensts. Dieser Service wird von der Twitter Inc., 1355 Market Street, Suite 900, San Francisco, CA 94103, USA zur Verf\u00fcgung gestellt. Wenn Sie Twitter und die Retweet-Funktion benutzen, werden die Webseiten, die Sie besuchen, mit Ihrem Twitter Account verkn\u00fcpft und anderen Benutzern angezeigt. Dabei werden auch Daten an Twitter \u00fcbermittelt. Beachten Sie, dass wir als Webseitenbetreiberin weder Kenntnisse \u00fcber Art und Inhalt der an Twitter \u00fcbermittelten Daten haben noch wissen, wie Twitter diese Daten verwertet. Weitere Informationen finden Sie in den Datenschutzrichtlinien von Twitter. Die Privatsph\u00e4re-Einstellungen bei Twitter lassen sich in Ihrem Nutzerkonto in den Accountsettings anpassen.<\/p>\n<p><strong>YouTube <\/strong><\/p>\n<p>Unsere Webseite nutzt die Einbindungsm\u00f6glichkeit von YouTube Videos, die von YouTube LLC, 901 Cherry Avenue, San Bruno, CA 94066, USA (vertreten durch Google Inc., 1600 Amphitheatre Parkway, Mountain View, CA 94043, USA) angeboten wird. Beim Aufruf einer Seite mit eingebetteten YouTube Videos werden Ihre IP-Adresse an Youtube Server in den USA gesendet und Cookies auf Ihrem Computer installiert. Zur Deaktivierung von Cookies verweisen wir Sie auf den entsprechenden Abschnitt \u201eCookies\u201c in unserer Datenschutzerkl\u00e4rung. Wir achten darauf, dass wir unsere Videos auf YouTube im erweiterten Datenschutzmodus einbinden, sodass zwar der Dienst Double Klick von Google kontaktiert wird, aber Ihre personenbezogenen Daten laut Google nicht mehr ausgewertet werden. Das gilt allerdings nur, wenn Sie sich das Video nicht ansehen. Sobald Sie das Video zum Abspielen anklicken, werden Ihre IP-Adresse und die Information, dass Sie sich das Video angeschaut haben, an YouTube \u00fcbermittelt. Sind Sie hierbei in Ihren YouTube Account eingeloggt, kann YouTube diese Informationen Ihrem Benutzerkonto zuordnen und entsprechend auswerten. Wollen Sie dies verhindern, m\u00fcssen Sie sich zuvor bei Ihrem YouTube Account abmelden. Beachten Sie, dass wir als Webseitenbetreiberin weder Kenntnisse \u00fcber Art und Inhalt der an YouTube \u00fcbermittelten Daten haben noch wissen, wie YouTube diese Daten verwertet. Weitere Informationen finden Sie in den Datenschutzrichtlinien von YouTube.<\/p>\n<p><strong>Vimeo<\/strong><\/p>\n<p>Unsere Webseite nutzt die Einbindungsm\u00f6glichkeit von Vimeo Videos, die von Vimeo Inc. (\u201eVimeo\u201c), 555 West 18th Street, New York, New York 10011, USA angeboten wird. Beim Aufruf einer Seite mit eingebetteten Vimeo Videos werden Ihre IP-Adresse an Vimeo Server in den USA gesendet und Cookies auf Ihrem Computer installiert. Zur Deaktivierung von Cookies verweisen wir Sie auf den entsprechenden Abschnitt \u201eCookies\u201c in unserer Datenschutzerkl\u00e4rung. Sind Sie hierbei in Ihren Vimeo Account eingeloggt, kann Vimeo diese Informationen Ihrem Benutzerkonto zuordnen und entsprechend auswerten. Wollen Sie dies verhindern, m\u00fcssen Sie sich zuvor bei Ihrem Vimeo Account abmelden. Beachten Sie, dass wir als Webseitenbetreiberin weder Kenntnisse \u00fcber Art und Inhalt der an Vimeo \u00fcbermittelten Daten haben noch wissen, wie Vimeo diese Daten verwertet. Weitere Informationen finden Sie in den Datenschutzrichtlinien von Vimeo.<\/p>\n<p><strong>Rechte der betroffenen Person<\/strong><\/p>\n<p>Sie haben nach Art. 15 bis 20 DSGVO und bei Vorliegen aller gesetzlichen Voraussetzungen das Recht auf Auskunft, auf Berichtigung, auf L\u00f6schung, auf Einschr\u00e4nkung der Verarbeitung und auf Daten\u00fcbertragbarkeit. Ausserdem steht Ihnen nach Art. 21 Abs. 1 DSGVO ein Widerspruchsrecht gegen die Verarbeitungen zu, die auf Art. 6 Abs. 1 lit. f DSGVO beruhen sowie gegen die Verarbeitung zum Zwecke von Direktwerbung.<\/p>\n<p>Bei Fragen und Unklarheiten und wenn Sie Ihr Recht nach Art. 15 DSGVO bis Art. 21 Abs. 1 DSGVO geltend machen wollen, wenden Sie sich bitte an<\/p>\n<p style=\"margin-left: 25px;\">Mathias Horvat<br \/>\nGrimselweg 5<br \/>\nCH-8203 Schaffhausen<\/p>\n<p style=\"margin-left: 25px;\">Tel.: <a href=\"tel:+41526701944\">+41 52 670 19 44<\/a><br \/>\nEmail: <a href=\"mailto:m.horvat@lookingforglobaljustice.com\">m.horvat@lookingforglobaljustice.com<\/a><\/p>\n<p>Sie haben gem\u00e4ss Art. 77 DSGVO das Recht, sich bei der jeweiligen Aufsichtsbeh\u00f6rde zu beschweren, wenn Sie der Ansicht sind, dass die Verarbeitung Ihrer personenbezogenen Daten nicht rechtm\u00e4ssig erfolgt.<\/p>\n<p>Sie haben das jederzeitige Widerspruchsrecht auf aufgef\u00fchrte personenbezogene Datenverarbeitungen auf Grundlage unseres berechtigten Interesses nach Art. 6 Abs. 1 lit. f DSGVO. Die Verarbeitung der betroffenen Daten wird nach erfolgtem Widerspruch beendet, ausser wir k\u00f6nnen zwingende schutzw\u00fcrdige Gr\u00fcnde f\u00fcr die Datenverarbeitung nachweisen, die Ihre Interessen, Rechte und Freiheiten \u00fcberwiegen oder wenn die Verarbeitung der Geltendmachung, Aus\u00fcbung oder Verteidigung von Rechtsanspr\u00fcchen dient.<\/p>\n","protected":false},"excerpt":{"rendered":"<p>Der Datenschutz ist f\u00fcr uns sehr wichtig. Nachstehend informieren wir Sie \u00fcber den Umgang mit Ihren Daten. Soweit nachfolgend keine anderen Angaben gemacht werden, ist das Bereitstellen Ihrer personenbezogenen Daten weder gesetzlich noch vertraglich vorgeschrieben. Sie sind nicht verpflichtet, Ihre Daten bereitzustellen und eine Nichtbereitstellung&#8230;<\/p>\n","protected":false},"author":1,"featured_media":3500,"parent":0,"menu_order":60,"comment_status":"closed","ping_status":"open","template":"","meta":[],"_links":{"self":[{"href":"https:\/\/lookingforglobaljustice.com\/de\/wp-json\/wp\/v2\/pages\/3"}],"collection":[{"href":"https:\/\/lookingforglobaljustice.com\/de\/wp-json\/wp\/v2\/pages"}],"about":[{"href":"https:\/\/lookingforglobaljustice.com\/de\/wp-json\/wp\/v2\/types\/page"}],"author":[{"embeddable":true,"href":"https:\/\/lookingforglobaljustice.com\/de\/wp-json\/wp\/v2\/users\/1"}],"replies":[{"embeddable":true,"href":"https:\/\/lookingforglobaljustice.com\/de\/wp-json\/wp\/v2\/comments?post=3"}],"version-history":[{"count":7,"href":"https:\/\/lookingforglobaljustice.com\/de\/wp-json\/wp\/v2\/pages\/3\/revisions"}],"predecessor-version":[{"id":7023,"href":"https:\/\/lookingforglobaljustice.com\/de\/wp-json\/wp\/v2\/pages\/3\/revisions\/7023"}],"wp:featuredmedia":[{"embeddable":true,"href":"https:\/\/lookingforglobaljustice.com\/de\/wp-json\/wp\/v2\/media\/3500"}],"wp:attachment":[{"href":"https:\/\/lookingforglobaljustice.com\/de\/wp-json\/wp\/v2\/media?parent=3"}],"curies":[{"name":"wp","href":"https:\/\/api.w.org\/{rel}","templated":true}]}}