{"id":3045,"date":"2021-02-18T15:35:09","date_gmt":"2021-02-18T14:35:09","guid":{"rendered":"https:\/\/staging.lookingforglobaljustice.com\/?page_id=3045"},"modified":"2022-02-09T17:14:32","modified_gmt":"2022-02-09T16:14:32","slug":"freie-spenden","status":"publish","type":"page","link":"https:\/\/lookingforglobaljustice.com\/de\/kampagnen\/freie-spenden\/","title":{"rendered":"Freie Spenden"},"content":{"rendered":"[vc_row][vc_column][vc_column_text]Dort helfen, wo die Not am gr\u00f6\u00dften ist. Mit einer zweckungebundenen Spende unterst\u00fctzen Sie besonders benachteiligte Kinder und Familien.<\/p>\n<p><strong>Mit einer Zweckungebundenen Spende helfen<\/strong><br \/>\nMit einer nicht zweckgebundenen einmaligen Spende unterst\u00fctzen Sie die weltweite Arbeit von LOOKING FOR GLOBAL JUSTICE. Wir verwenden die Mittel dort, wo sie am dringendsten ben\u00f6tigt werden. Auf diese Weise k\u00f6nnen wir auch &#8220;vergessenen&#8221; Menschen helfen, deren Schicksal der \u00d6ffentlichkeit nicht bekannt ist.<br \/>\n<strong>Ihre Spende wird dort eingesetzt, wo die Hilfe am dringendsten gebraucht wird.<\/strong>[\/vc_column_text][vc_btn title=&#8221;Jetzt Spenden&#8221; style=&#8221;flat&#8221; shape=&#8221;square&#8221; color=&#8221;default&#8221; align=&#8221;center&#8221; link=&#8221;url:https%3A%2F%2Flookingforglobaljustice.com%2Fde%2Funterstuetzen-sie-uns%2Fspenden%2F&#8221; el_class=&#8221;btn-spend&#8221;][\/vc_column][\/vc_row]\n","protected":false},"excerpt":{"rendered":"<p>[vc_row][vc_column][vc_column_text]Dort helfen, wo die Not am gr\u00f6\u00dften ist. Mit einer zweckungebundenen Spende unterst\u00fctzen Sie besonders benachteiligte Kinder und Familien. Mit einer Zweckungebundenen Spende helfen Mit einer nicht zweckgebundenen einmaligen Spende unterst\u00fctzen Sie die weltweite Arbeit von LOOKING FOR GLOBAL JUSTICE. Wir verwenden die Mittel dort,&#8230;<\/p>\n","protected":false},"author":1,"featured_media":3625,"parent":1440,"menu_order":45,"comment_status":"closed","ping_status":"closed","template":"","meta":[],"_links":{"self":[{"href":"https:\/\/lookingforglobaljustice.com\/de\/wp-json\/wp\/v2\/pages\/3045"}],"collection":[{"href":"https:\/\/lookingforglobaljustice.com\/de\/wp-json\/wp\/v2\/pages"}],"about":[{"href":"https:\/\/lookingforglobaljustice.com\/de\/wp-json\/wp\/v2\/types\/page"}],"author":[{"embeddable":true,"href":"https:\/\/lookingforglobaljustice.com\/de\/wp-json\/wp\/v2\/users\/1"}],"replies":[{"embeddable":true,"href":"https:\/\/lookingforglobaljustice.com\/de\/wp-json\/wp\/v2\/comments?post=3045"}],"version-history":[{"count":3,"href":"https:\/\/lookingforglobaljustice.com\/de\/wp-json\/wp\/v2\/pages\/3045\/revisions"}],"predecessor-version":[{"id":6694,"href":"https:\/\/lookingforglobaljustice.com\/de\/wp-json\/wp\/v2\/pages\/3045\/revisions\/6694"}],"up":[{"embeddable":true,"href":"https:\/\/lookingforglobaljustice.com\/de\/wp-json\/wp\/v2\/pages\/1440"}],"wp:featuredmedia":[{"embeddable":true,"href":"https:\/\/lookingforglobaljustice.com\/de\/wp-json\/wp\/v2\/media\/3625"}],"wp:attachment":[{"href":"https:\/\/lookingforglobaljustice.com\/de\/wp-json\/wp\/v2\/media?parent=3045"}],"curies":[{"name":"wp","href":"https:\/\/api.w.org\/{rel}","templated":true}]}}