{"id":3086,"date":"2021-02-19T10:26:12","date_gmt":"2021-02-19T09:26:12","guid":{"rendered":"https:\/\/staging.lookingforglobaljustice.com\/?page_id=3086"},"modified":"2021-02-24T18:43:15","modified_gmt":"2021-02-24T17:43:15","slug":"verwaltung","status":"publish","type":"page","link":"https:\/\/lookingforglobaljustice.com\/de\/ueber-uns\/verwaltung\/","title":{"rendered":"Verwaltung"},"content":{"rendered":"<h3>Ein Verwaltungsmandat umfasst folgende Dienstleistungen:<\/h3>\n<ul>\n<li>Vertretung der Interessen, f\u00fcr die das Projekt gebaut wird.<\/li>\n<li>Organisieren mit denen, f\u00fcr die das Projekt erstellt wird.<\/li>\n<li>Verwalten Forderungen und Verbindlichkeiten, bis das Projekt abgeschlossen wird.<\/li>\n<li>\u00dcberwachung und Durchf\u00fchrung der Akontozahlungen und des Inkassos.<\/li>\n<li>Erstellung der Phasen oder Jahresabschl\u00fcsse<\/li>\n<li>Erstellen von Budgets und Kostenvoranschl\u00e4gen<\/li>\n<li>Beraten in Investitions- und Unterhaltsfragen<\/li>\n<li>Einholen von Offerten und Vergabe von Auftr\u00e4gen<\/li>\n<li>Einladen zur Eigent\u00fcmerversammlung<\/li>\n<li>F\u00fchren der Protokolle<\/li>\n<\/ul>\n","protected":false},"excerpt":{"rendered":"<p>Ein Verwaltungsmandat umfasst folgende Dienstleistungen: Vertretung der Interessen, f\u00fcr die das Projekt gebaut wird. Organisieren mit denen, f\u00fcr die das Projekt erstellt wird. Verwalten Forderungen und Verbindlichkeiten, bis das Projekt abgeschlossen wird. \u00dcberwachung und Durchf\u00fchrung der Akontozahlungen und des Inkassos. Erstellung der Phasen oder Jahresabschl\u00fcsse&#8230;<\/p>\n","protected":false},"author":1,"featured_media":3207,"parent":692,"menu_order":84,"comment_status":"closed","ping_status":"closed","template":"","meta":[],"_links":{"self":[{"href":"https:\/\/lookingforglobaljustice.com\/de\/wp-json\/wp\/v2\/pages\/3086"}],"collection":[{"href":"https:\/\/lookingforglobaljustice.com\/de\/wp-json\/wp\/v2\/pages"}],"about":[{"href":"https:\/\/lookingforglobaljustice.com\/de\/wp-json\/wp\/v2\/types\/page"}],"author":[{"embeddable":true,"href":"https:\/\/lookingforglobaljustice.com\/de\/wp-json\/wp\/v2\/users\/1"}],"replies":[{"embeddable":true,"href":"https:\/\/lookingforglobaljustice.com\/de\/wp-json\/wp\/v2\/comments?post=3086"}],"version-history":[{"count":7,"href":"https:\/\/lookingforglobaljustice.com\/de\/wp-json\/wp\/v2\/pages\/3086\/revisions"}],"predecessor-version":[{"id":3439,"href":"https:\/\/lookingforglobaljustice.com\/de\/wp-json\/wp\/v2\/pages\/3086\/revisions\/3439"}],"up":[{"embeddable":true,"href":"https:\/\/lookingforglobaljustice.com\/de\/wp-json\/wp\/v2\/pages\/692"}],"wp:featuredmedia":[{"embeddable":true,"href":"https:\/\/lookingforglobaljustice.com\/de\/wp-json\/wp\/v2\/media\/3207"}],"wp:attachment":[{"href":"https:\/\/lookingforglobaljustice.com\/de\/wp-json\/wp\/v2\/media?parent=3086"}],"curies":[{"name":"wp","href":"https:\/\/api.w.org\/{rel}","templated":true}]}}