{"id":3124,"date":"2021-02-19T13:55:23","date_gmt":"2021-02-19T12:55:23","guid":{"rendered":"https:\/\/staging.lookingforglobaljustice.com\/?page_id=3124"},"modified":"2022-01-11T15:09:45","modified_gmt":"2022-01-11T14:09:45","slug":"beratung-service","status":"publish","type":"page","link":"https:\/\/lookingforglobaljustice.com\/de\/ueber-uns\/beratung-service\/","title":{"rendered":"Beratung &#038; Service"},"content":{"rendered":"[vc_row][vc_column][vc_column_text css=&#8221;.vc_custom_1641910178445{margin-bottom: 5px !important;}&#8221;]Als unabh\u00e4ngiges f\u00fchrendes ist eine globale Hilfsorganisation beraten wir unsere Spender und Partner kompetent, professionell und neutral. Wir verf\u00fcgen \u00fcber das Know-how und bieten individuelle L\u00f6sungen.<em><br \/>\n<\/em>S\u00e4mtliche Verwaltungsaufgaben d\u00fcrfen Sie an uns delegieren, wir k\u00fcmmern uns professionell darum. Sie haben die Sicherheit eines umfassenden Leistungsangebots \u201caus einer Hand \u201c, bei hoher Transparenz und zu den bestm\u00f6glichen Konditionen.<br \/>\nDie LOOKING FOR GLOBAL JUSTICE bietet den Spendern eine innovative, zukunftsorientierte globale Hilfsorganisation. Mit einem professionellen Ansatz sowie Ernsthaftigkeit, Zuverl\u00e4ssigkeit, Diskretion und der n\u00f6tigen Sensibilit\u00e4t finden wir geeignete Partner f\u00fcr Hilfsprojekte. In Kombination mit unseren Investitionsspendern sind diese Faktoren der Schl\u00fcssel zu einer nachhaltig erfolgreichen Hilfe. Nat\u00fcrlich stehen wir zu 100% hinter unseren Informationen und Dienstleistungen und sind \u00fcberzeugt, dass unsere Spender und Partner damit vorteilhaft weiterkommen.[\/vc_column_text][\/vc_column][\/vc_row][vc_row disable_element=&#8221;yes&#8221;][vc_column][vc_column_text]\n<h3>Zus\u00e4tzliche Leistungen<\/h3>\n<p>Wir stehen nat\u00fcrlich zu 100% hinter den Informationen und Leistungen und sind \u00fcberzeugt.[\/vc_column_text][vc_tta_accordion spacing=&#8221;10&#8243; gap=&#8221;10&#8243; c_icon=&#8221;chevron&#8221; active_section=&#8221;1&#8243;][vc_tta_section title=&#8221;In folgenden Sprachen kommunizieren wir:&#8221; tab_id=&#8221;1488494447402-6121b535-8f71&#8243;][vc_column_text]<strong>Wir sind in der Lage in folgenden Sprachen mit unseren Kunden zu kommunizieren:<br \/>\n<\/strong>Deutsch, Englisch, Italienisch, Chinesisch, Russisch[\/vc_column_text][\/vc_tta_section][vc_tta_section title=&#8221;Shuttleservice am und zum Flughafen&#8221; tab_id=&#8221;1488494447485-dc6625ac-4348&#8243;][vc_column_text]<strong>Limousinen-Transfer f\u00fcr bis zu 29 Personen<br \/>\n<\/strong>Nutzen Sie unseren Limousinen-Transfer f\u00fcr bis zu 29 Personen.<br \/>\nHelikopter Transfer von \/ zu folgenden Flugh\u00e4fen: Genf, Z\u00fcrich, Mailand, Bern, Sion.<br \/>\nHinweis: Helikopterfl\u00fcge sind wetterabh\u00e4ngig.[\/vc_column_text][\/vc_tta_section][vc_tta_section title=&#8221;Organisation von Unterk\u00fcnften&#8221; tab_id=&#8221;1488494637049-bfa1a387-787c&#8221;][vc_column_text]<strong>Wir k\u00fcmmern uns um Sie<br \/>\n<\/strong>W\u00fcnschen Sie unsere\u00a0 Empfehlung der besten Hotels und Restaurants? Wir kennen uns aus, damit Ihr Aufenthalt so angenehm wie m\u00f6glich wird.<br \/>\n&#8211; Buchung \/ Empfehlungen von Unterk\u00fcnften<br \/>\n&#8211; Organisation von Transfers<br \/>\n&#8211; Empfehlungen und Reservierungen von Restaurants<br \/>\n&#8211; Empfehlungen und Buchung von Freizeitangeboten in der Region[\/vc_column_text][\/vc_tta_section][vc_tta_section title=&#8221;Planung und Beratung f\u00fcr bauliche Ver\u00e4nderungen&#8221; tab_id=&#8221;1488494705189-a899835f-f09f&#8221;][vc_column_text]<strong>Architektur und Innendesign<\/strong><br \/>\nManchmal braucht eine Liegenschaft noch kleine kosmetische Ver\u00e4nderungen, bis sie perfekt Ihren Vorstellungen und W\u00fcnschen entspricht. Gerne beraten wir Sie bei:<br \/>\n&#8211; Erstellung von architektonischen Konzepten<br \/>\n&#8211; Beratung und Konzeption f\u00fcr Inneneinrichtungen<br \/>\n&#8211; Beratung in allen Detailfragen rund ums Bauen[\/vc_column_text][\/vc_tta_section][vc_tta_section title=&#8221;Beratung in Finanz-und Steuerfragen&#8221; tab_id=&#8221;1488494735157-f4ba6db1-5d8e&#8221;][vc_column_text]<strong>Sparen mit neuen Perspektiven<br \/>\n<\/strong>Immobilienbesitzer sein bedeutet nicht nur, sich um Kosten und Management zu k\u00fcmmern, sondern es er\u00f6ffnet auch Potenzial zur Optimierung Ihrer Kostenlage und Ihrer Steuersituation; auf den Punkt: Sie k\u00f6nnen auch sparen!<\/p>\n<p>Damit Sie das bestm\u00f6gliche Ergebnis\u00a0 erzielen, arbeiten wir mit renommierten Finanzberatern und Steuerexperten zusammen.<\/p>\n<p>Sie profitieren von folgenden Dienstleistungen:<br \/>\n&#8211; Steuerberatung<br \/>\n&#8211; Steuerberechnung<br \/>\n&#8211; Renditeberechnungen<br \/>\n&#8211; Finanzberatung<br \/>\n&#8211; Einsparungen durch kreative Gestaltung der gesellschaftsrechtlichen und pers\u00f6nlichen Verh\u00e4ltnisse<br \/>\n&#8211; Hypothekarstrategien<br \/>\n&#8211; Erstellen von Businesspl\u00e4nen (f\u00fcr Investoren)[\/vc_column_text][\/vc_tta_section][vc_tta_section title=&#8221;Beratung in Rechtsfragen&#8221; tab_id=&#8221;1488494772677-3be6d2cf-3750&#8243;][vc_column_text]<strong>Wir geben Sicherheit<\/strong><\/p>\n<p>F\u00fcr die erfolgreichen Regelung von Rechtsfragen, stehen wir in Verbindung mit den angesehensten Notaren und Anw\u00e4lten. Dieses Netzwerk hat sich in den vergangenen Jahren sehr bew\u00e4hrt. Exemplarisch einige F\u00e4lle (Auszug):<br \/>\n&#8211; Erst- und Zweitwohnungsfragen<br \/>\n&#8211; Erwerb durch EU\/EFTA-Angeh\u00f6rige<br \/>\n&#8211; Erwerb durch Angeh\u00f6rige von Drittstaaten<br \/>\n&#8211; Baurechtliche Bestimmungen<br \/>\n&#8211; allgemeine Fragen rund um Immobilien[\/vc_column_text][\/vc_tta_section][vc_tta_section title=&#8221;Verhandlungen mit Beh\u00f6rden&#8221; tab_id=&#8221;1488494810252-7a183f4e-18d5&#8243;][vc_column_text]<strong>Gewinnbringend verhandeln<\/strong><\/p>\n<p>Die Verhandlung mit \u00f6rtlichen Beh\u00f6rden setzt voraus, die richtigen Ansprechpartner zu kennen und\u00a0 eine verl\u00e4ssliche Vertrauensbasis mit ihnen aufzubauen.<\/p>\n<p>Gerne \u00fcbernehmen wir kl\u00e4rungen und Verhandlungen f\u00fcr Sie:<br \/>\n&#8211; Baugesuche<br \/>\n&#8211; allgemeine Baufragen<br \/>\n&#8211; Pauschalbesteuerung<br \/>\n&#8211; sonstige Anliegen[\/vc_column_text][\/vc_tta_section][vc_tta_section title=&#8221;Integration am neuen Wohnort&#8221; tab_id=&#8221;1488494846621-d655df36-32c9&#8243;][vc_column_text]<strong>Wohlf\u00fchlen in der neuen Heimat<\/strong><\/p>\n<p>Was bietet die Schweiz neben feiner Schokolade, frischem K\u00e4se,\u00a0 teuren\u00a0 Luxusuhren und dem Image von Exaktheit und P\u00fcnktlichkeit?<br \/>\nWir zeigen Ihnen die Gepflogenheiten, Br\u00e4uche und Sitten in Ihrem neuen Wohnort.<br \/>\nDiese k\u00f6nnen \u00fcbrigens schon im Nachbarort ganz anders sein. Lassen Sie sich positiv \u00fcberraschen\u2026.[\/vc_column_text][\/vc_tta_section][vc_tta_section title=&#8221;Integration in den Schulen&#8221; tab_id=&#8221;1488494884382-772953b6-612d&#8221;][vc_column_text]<strong>Freundeskreise erweitern<\/strong><\/p>\n<p>Sich an einem neuen Wohnort niederzulassen, ist nicht immer leicht \u2013 vor allem f\u00fcr Kinder.<br \/>\nDeshalb besuchen wir gemeinsam mit Ihnen die neue Schule, laufen gemeinsam\u00a0 den Schulweg ab und stellen nach M\u00f6glichkeit das zuk\u00fcnftige Lehrpersonal sowie die Mitsch\u00fcler vor.<br \/>\nWir tun unser Bestm\u00f6gliches, damit sich Ihre Kinder leicht in das neue Umfeld integrieren k\u00f6nnen.[\/vc_column_text][\/vc_tta_section][vc_tta_section title=&#8221;Umfassende Nachbetreuung&#8221; tab_id=&#8221;1488494911810-4508d3eb-3fa7&#8243;][vc_column_text]<strong>Erwartungen \u00fcbertreffen<\/strong><\/p>\n<p>Nachdem Sie sich Ihren Wohntraum erf\u00fcllt haben, stehen wir Ihnen bei Bedarf auch weiterhin zur Verf\u00fcgung.<br \/>\nEs ist uns wichtig, dass Sie auch nach dem Kauf einer unserer Liegenschaften mit den Verh\u00e4ltnissen\u00a0 ihrer neuen Lebensumgebung nicht nur vertraut, sondern vollumf\u00e4nglich zufrieden sind.<br \/>\nViele Kunden anerkennen und sch\u00e4tzen\u00a0 unsere umfassende Nachbetreuung.[\/vc_column_text][\/vc_tta_section][vc_tta_section title=&#8221;Bauherrenberatung&#8221; tab_id=&#8221;1488494945606-a6934280-46c5&#8243;][vc_column_text]<strong>Entspannt auf den Einzug warten<\/strong><\/p>\n<p>Haben Sie keine Zeit, sich um Baufragen zu k\u00fcmmern?<br \/>\nGerne \u00fcbernehmen wir in Zusammenarbeit mit erfahrenen Partnern diese anspruchsvolle Aufgabe. Engagiert und kompetent vertreten wir Sie und Ihre Interessen bei Architekten und Baufirmen:<br \/>\n&#8211; Beratung in der Planungsphase<br \/>\n&#8211; Optimierungsvorschl\u00e4ge<br \/>\n&#8211; Verhandlungen<br \/>\n&#8211; Kontrolle und Beurteilung von Angeboten<br \/>\n&#8211; Termin- und Kostenkontrolle<br \/>\n&#8211; Kontrolle der Bauqualit\u00e4t[\/vc_column_text][\/vc_tta_section][vc_tta_section title=&#8221;Beratung in Werbefragen&#8221; tab_id=&#8221;1488494982831-e1dec8fb-9d62&#8243;][vc_column_text]<strong>Gezielt vermarkten<\/strong><\/p>\n<p>Immobilien m\u00fcssen ohne Ausnahme gezielt vermarktet werden &#8211; unabh\u00e4ngig davon, ob diese bereits auf dem Markt sind oder nicht.<br \/>\nUnsere Werbeabteilung wurde speziell auf die Immobilienbranche ausgerichtet und bietet Ihnen einen umfangreichen\u00a0 spezialisierten Service:<br \/>\n&#8211; umfangreiche Verkaufsdokumentatione<br \/>\n&#8211; Brosch\u00fcren<br \/>\n&#8211; 3D Visualisierungen<br \/>\n&#8211; 4D Visualisierungen<br \/>\n&#8211; Videos<br \/>\n&#8211; professionelle Fotografien<br \/>\n&#8211; Luftaufnahmen<br \/>\n&#8211; Internetauftritte[\/vc_column_text][\/vc_tta_section][vc_tta_section title=&#8221;Beratung und Betreuung von ausl\u00e4ndischen Kunden&#8221; tab_id=&#8221;1492009404070-0ed2b52f-80ac&#8221; el_class=&#8221;Beratung und Betreuung von ausl\u00e4ndischen Kunden&#8221;][vc_column_text]Beratung und Betreuung von ausl\u00e4ndischen Kunden zwecks Ansiedlung, Marketing, Verkauf und begleitende Treuhandaufgaben sowie die Errichtung von Zweigniederlassungen bzw. anderer Wirtschaftsstrukturen, die zur Entwicklung der Gesellschaft beitragen.[\/vc_column_text][\/vc_tta_section][\/vc_tta_accordion][\/vc_column][\/vc_row]\n","protected":false},"excerpt":{"rendered":"<p>[vc_row][vc_column][vc_column_text css=&#8221;.vc_custom_1641910178445{margin-bottom: 5px !important;}&#8221;]Als unabh\u00e4ngiges f\u00fchrendes ist eine globale Hilfsorganisation beraten wir unsere Spender und Partner kompetent, professionell und neutral. Wir verf\u00fcgen \u00fcber das Know-how und bieten individuelle L\u00f6sungen. S\u00e4mtliche Verwaltungsaufgaben d\u00fcrfen Sie an uns delegieren, wir k\u00fcmmern uns professionell darum. Sie haben die Sicherheit&#8230;<\/p>\n","protected":false},"author":1,"featured_media":3200,"parent":692,"menu_order":85,"comment_status":"closed","ping_status":"closed","template":"","meta":[],"_links":{"self":[{"href":"https:\/\/lookingforglobaljustice.com\/de\/wp-json\/wp\/v2\/pages\/3124"}],"collection":[{"href":"https:\/\/lookingforglobaljustice.com\/de\/wp-json\/wp\/v2\/pages"}],"about":[{"href":"https:\/\/lookingforglobaljustice.com\/de\/wp-json\/wp\/v2\/types\/page"}],"author":[{"embeddable":true,"href":"https:\/\/lookingforglobaljustice.com\/de\/wp-json\/wp\/v2\/users\/1"}],"replies":[{"embeddable":true,"href":"https:\/\/lookingforglobaljustice.com\/de\/wp-json\/wp\/v2\/comments?post=3124"}],"version-history":[{"count":19,"href":"https:\/\/lookingforglobaljustice.com\/de\/wp-json\/wp\/v2\/pages\/3124\/revisions"}],"predecessor-version":[{"id":6557,"href":"https:\/\/lookingforglobaljustice.com\/de\/wp-json\/wp\/v2\/pages\/3124\/revisions\/6557"}],"up":[{"embeddable":true,"href":"https:\/\/lookingforglobaljustice.com\/de\/wp-json\/wp\/v2\/pages\/692"}],"wp:featuredmedia":[{"embeddable":true,"href":"https:\/\/lookingforglobaljustice.com\/de\/wp-json\/wp\/v2\/media\/3200"}],"wp:attachment":[{"href":"https:\/\/lookingforglobaljustice.com\/de\/wp-json\/wp\/v2\/media?parent=3124"}],"curies":[{"name":"wp","href":"https:\/\/api.w.org\/{rel}","templated":true}]}}