{"id":624,"date":"2016-04-20T17:09:49","date_gmt":"2016-04-20T17:09:49","guid":{"rendered":"http:\/\/wp.bwlthemes.com\/appeal_wp\/?page_id=624"},"modified":"2021-03-12T15:25:58","modified_gmt":"2021-03-12T14:25:58","slug":"startseite","status":"publish","type":"page","link":"https:\/\/lookingforglobaljustice.com\/de\/","title":{"rendered":"Startseite"},"content":{"rendered":"[vc_row el_class=&#8221;bg-overlay opacity-3&#8243;][vc_column][vc_column_text css=&#8221;.vc_custom_1611591889864{margin-bottom: 0px !important;}&#8221;][\/vc_column_text][\/vc_column][\/vc_row][vc_row el_id=&#8221;about-link&#8221;][vc_column][vc_empty_space height=&#8221;40&#8243;][vc_column_text el_class=&#8221;text-center&#8221; css=&#8221;.vc_custom_1611660654525{margin-bottom: 0px !important;}&#8221;]\n<h3>Unsere Tipps, wie Sie unser Tier und Natur sch\u00fctzen k\u00f6nnen.<\/h3>\n[\/vc_column_text][vc_icon icon_fontawesome=&#8221;fa fa-gg&#8221; color=&#8221;custom&#8221; size=&#8221;lg&#8221; align=&#8221;center&#8221; css_animation=&#8221;appear&#8221; custom_color=&#8221;#dddddd&#8221; css=&#8221;.vc_custom_1461647655878{margin: 0px !important;padding: 0px !important;}&#8221;][vc_column_text]\n<p style=\"text-align: center;\">Unsere Botschaft und Ziel sind mehr Menschlichkeit und Mitgef\u00fchl f\u00fcr andere aufweisen. In denen wir freundlicher, sanfter und verst\u00e4ndnisvoller miteinander zwischen Menschen, Tier und Natur umzugehen. Wenn Ungerechtigkeit nicht mehr entr\u00fcstet haben wir Menschlichkeit und N\u00e4chstenliebe verloren. Helfen Sie uns, unseren Lebensraum zu sch\u00fctzen. Jeder einzelne von Ihnen kann mit kleinen Betr\u00e4gen viel beitragen. Stirbt ein Tier aus, ist ein ganzes \u00d6kosystem bedroht.<\/p>\n[\/vc_column_text][vc_text_separator title=&#8221;Unten ist ein Update der neuesten Kampagnen.&#8221; i_icon_fontawesome=&#8221;fab fa-pagelines&#8221; i_color=&#8221;green&#8221; add_icon=&#8221;true&#8221;][\/vc_column][\/vc_row][vc_row el_class=&#8221;petitions&#8221;][vc_column][vc_column_text el_class=&#8221;projects&#8221;]<div class=\"row\"><div class=\"bwl_petition_container col-md-4\"><div class=\"pet_layout_1\"><div class=\"\"><img width=\"1920\" height=\"1280\" src=\"https:\/\/lookingforglobaljustice.com\/wp-content\/uploads\/2016\/04\/rette-den-letzten-schneeleoparden-1.jpg\" class=\"attachment-full size-full wp-post-image\" alt=\"\" loading=\"lazy\" srcset=\"https:\/\/lookingforglobaljustice.com\/wp-content\/uploads\/2016\/04\/rette-den-letzten-schneeleoparden-1.jpg 1920w, https:\/\/lookingforglobaljustice.com\/wp-content\/uploads\/2016\/04\/rette-den-letzten-schneeleoparden-1-300x200.jpg 300w, https:\/\/lookingforglobaljustice.com\/wp-content\/uploads\/2016\/04\/rette-den-letzten-schneeleoparden-1-1024x683.jpg 1024w, https:\/\/lookingforglobaljustice.com\/wp-content\/uploads\/2016\/04\/rette-den-letzten-schneeleoparden-1-768x512.jpg 768w, https:\/\/lookingforglobaljustice.com\/wp-content\/uploads\/2016\/04\/rette-den-letzten-schneeleoparden-1-1536x1024.jpg 1536w, https:\/\/lookingforglobaljustice.com\/wp-content\/uploads\/2016\/04\/rette-den-letzten-schneeleoparden-1-645x430.jpg 645w, https:\/\/lookingforglobaljustice.com\/wp-content\/uploads\/2016\/04\/rette-den-letzten-schneeleoparden-1-360x240.jpg 360w, https:\/\/lookingforglobaljustice.com\/wp-content\/uploads\/2016\/04\/rette-den-letzten-schneeleoparden-1-135x90.jpg 135w, https:\/\/lookingforglobaljustice.com\/wp-content\/uploads\/2016\/04\/rette-den-letzten-schneeleoparden-1-600x400.jpg 600w\" sizes=\"(max-width: 1920px) 100vw, 1920px\" \/><\/div><div class=\"petition-content\"><div class=\"petition-header\"><span class=\"counter bold\" style=\"color:#e9931a;\">3<\/span> haben diese Petition unterschrieben<\/div><div class=\"petition-text\"><h5><a href=\"https:\/\/lookingforglobaljustice.com\/de\/petitionen\/rette-den-letzten-schneeleoparden\/\">Rette den letzten Schneeleoparden<\/a><\/h5><div class=\"petition-about\">Gemeinsam k\u00f6nnen wir die gef\u00e4hrdeten Gro\u00dfkatzen sch\u00fctzen, diese Art ist jetzt vom Aussterben bedroht. Auf einer H\u00f6he&hellip;<\/div><\/div><!-- end .petition-text  --><div class=\"petition-footer\"><a href=\"https:\/\/lookingforglobaljustice.com\/de\/petitionen\/rette-den-letzten-schneeleoparden\/#petition_form\" class=\"btn\">Petition unterschreiben <i class=\"fa fa-pencil-square\"><\/i><\/a> | <a href=\"https:\/\/lookingforglobaljustice.com\/de\/petitionen\/rette-den-letzten-schneeleoparden\/\" class=\"btn\" >Weiterlesen <i class=\"fa fa-mail-forward\"><\/i><\/a> <\/div><\/div><!-- end .petition-content  --><\/div><!--  end .layout_1  --><\/div> <!-- end .bwl_petition_container  --><div class=\"bwl_petition_container col-md-4\"><div class=\"pet_layout_1\"><div class=\"\"><img width=\"1920\" height=\"1280\" src=\"https:\/\/lookingforglobaljustice.com\/wp-content\/uploads\/2016\/05\/protect-nature-and-the-environment.jpg\" class=\"attachment-full size-full wp-post-image\" alt=\"\" loading=\"lazy\" srcset=\"https:\/\/lookingforglobaljustice.com\/wp-content\/uploads\/2016\/05\/protect-nature-and-the-environment.jpg 1920w, https:\/\/lookingforglobaljustice.com\/wp-content\/uploads\/2016\/05\/protect-nature-and-the-environment-300x200.jpg 300w, https:\/\/lookingforglobaljustice.com\/wp-content\/uploads\/2016\/05\/protect-nature-and-the-environment-1024x683.jpg 1024w, https:\/\/lookingforglobaljustice.com\/wp-content\/uploads\/2016\/05\/protect-nature-and-the-environment-768x512.jpg 768w, https:\/\/lookingforglobaljustice.com\/wp-content\/uploads\/2016\/05\/protect-nature-and-the-environment-1536x1024.jpg 1536w, https:\/\/lookingforglobaljustice.com\/wp-content\/uploads\/2016\/05\/protect-nature-and-the-environment-645x430.jpg 645w, https:\/\/lookingforglobaljustice.com\/wp-content\/uploads\/2016\/05\/protect-nature-and-the-environment-360x240.jpg 360w, https:\/\/lookingforglobaljustice.com\/wp-content\/uploads\/2016\/05\/protect-nature-and-the-environment-135x90.jpg 135w, https:\/\/lookingforglobaljustice.com\/wp-content\/uploads\/2016\/05\/protect-nature-and-the-environment-600x400.jpg 600w\" sizes=\"(max-width: 1920px) 100vw, 1920px\" \/><\/div><div class=\"petition-content\"><div class=\"petition-header\"><span class=\"counter bold\" style=\"color:#e9931a;\">1<\/span> haben diese Petition unterschrieben<\/div><div class=\"petition-text\"><h5><a href=\"https:\/\/lookingforglobaljustice.com\/de\/petitionen\/bienensterben\/\">Bienen unterst\u00fctzen<\/a><\/h5><div class=\"petition-about\">Bienen sind ein Wunder der Evolution und f\u00fcr Mensch und Tier unverzichtbar. In unserem Land ist die&hellip;<\/div><\/div><!-- end .petition-text  --><div class=\"petition-footer\"><a href=\"https:\/\/lookingforglobaljustice.com\/de\/petitionen\/bienensterben\/#petition_form\" class=\"btn\">Petition unterschreiben <i class=\"fa fa-pencil-square\"><\/i><\/a> | <a href=\"https:\/\/lookingforglobaljustice.com\/de\/petitionen\/bienensterben\/\" class=\"btn\" >Weiterlesen <i class=\"fa fa-mail-forward\"><\/i><\/a> <\/div><\/div><!-- end .petition-content  --><\/div><!--  end .layout_1  --><\/div> <!-- end .bwl_petition_container  --><div class=\"bwl_petition_container col-md-4\"><div class=\"pet_layout_1\"><div class=\"\"><img width=\"1920\" height=\"1280\" src=\"https:\/\/lookingforglobaljustice.com\/wp-content\/uploads\/2016\/05\/rescue-field-mice.jpg\" class=\"attachment-full size-full wp-post-image\" alt=\"\" loading=\"lazy\" srcset=\"https:\/\/lookingforglobaljustice.com\/wp-content\/uploads\/2016\/05\/rescue-field-mice.jpg 1920w, https:\/\/lookingforglobaljustice.com\/wp-content\/uploads\/2016\/05\/rescue-field-mice-300x200.jpg 300w, https:\/\/lookingforglobaljustice.com\/wp-content\/uploads\/2016\/05\/rescue-field-mice-1024x683.jpg 1024w, https:\/\/lookingforglobaljustice.com\/wp-content\/uploads\/2016\/05\/rescue-field-mice-768x512.jpg 768w, https:\/\/lookingforglobaljustice.com\/wp-content\/uploads\/2016\/05\/rescue-field-mice-1536x1024.jpg 1536w, https:\/\/lookingforglobaljustice.com\/wp-content\/uploads\/2016\/05\/rescue-field-mice-645x430.jpg 645w, https:\/\/lookingforglobaljustice.com\/wp-content\/uploads\/2016\/05\/rescue-field-mice-360x240.jpg 360w, https:\/\/lookingforglobaljustice.com\/wp-content\/uploads\/2016\/05\/rescue-field-mice-135x90.jpg 135w, https:\/\/lookingforglobaljustice.com\/wp-content\/uploads\/2016\/05\/rescue-field-mice-600x400.jpg 600w\" sizes=\"(max-width: 1920px) 100vw, 1920px\" \/><\/div><div class=\"petition-content\"><div class=\"petition-header\"><span class=\"counter bold\" style=\"color:#e9931a;\">0<\/span> haben diese Petition unterschrieben<\/div><div class=\"petition-text\"><h5><a href=\"https:\/\/lookingforglobaljustice.com\/de\/petitionen\/maeuse-niemals-toeten\/\">M\u00e4use niemals t\u00f6ten<\/a><\/h5><div class=\"petition-about\">Leider kommt es bei M\u00e4usen immer wieder zu schweren Vergiftungen. Aufgrund ihrer geringen K\u00f6rpermasse sind f\u00fcr M\u00e4use&hellip;<\/div><\/div><!-- end .petition-text  --><div class=\"petition-footer\"><a href=\"https:\/\/lookingforglobaljustice.com\/de\/petitionen\/maeuse-niemals-toeten\/#petition_form\" class=\"btn\">Petition unterschreiben <i class=\"fa fa-pencil-square\"><\/i><\/a> | <a href=\"https:\/\/lookingforglobaljustice.com\/de\/petitionen\/maeuse-niemals-toeten\/\" class=\"btn\" >Weiterlesen <i class=\"fa fa-mail-forward\"><\/i><\/a> <\/div><\/div><!-- end .petition-content  --><\/div><!--  end .layout_1  --><\/div> <!-- end .bwl_petition_container  --><div class=\"bwl_petition_container col-md-4\"><div class=\"pet_layout_1\"><div class=\"\"><img width=\"1920\" height=\"1280\" src=\"https:\/\/lookingforglobaljustice.com\/wp-content\/uploads\/2021\/01\/hedgehog-is-dying-out-we-protect-him.jpg\" class=\"attachment-full size-full wp-post-image\" alt=\"\" loading=\"lazy\" srcset=\"https:\/\/lookingforglobaljustice.com\/wp-content\/uploads\/2021\/01\/hedgehog-is-dying-out-we-protect-him.jpg 1920w, https:\/\/lookingforglobaljustice.com\/wp-content\/uploads\/2021\/01\/hedgehog-is-dying-out-we-protect-him-300x200.jpg 300w, https:\/\/lookingforglobaljustice.com\/wp-content\/uploads\/2021\/01\/hedgehog-is-dying-out-we-protect-him-1024x683.jpg 1024w, https:\/\/lookingforglobaljustice.com\/wp-content\/uploads\/2021\/01\/hedgehog-is-dying-out-we-protect-him-768x512.jpg 768w, https:\/\/lookingforglobaljustice.com\/wp-content\/uploads\/2021\/01\/hedgehog-is-dying-out-we-protect-him-1536x1024.jpg 1536w, https:\/\/lookingforglobaljustice.com\/wp-content\/uploads\/2021\/01\/hedgehog-is-dying-out-we-protect-him-645x430.jpg 645w, https:\/\/lookingforglobaljustice.com\/wp-content\/uploads\/2021\/01\/hedgehog-is-dying-out-we-protect-him-360x240.jpg 360w, https:\/\/lookingforglobaljustice.com\/wp-content\/uploads\/2021\/01\/hedgehog-is-dying-out-we-protect-him-135x90.jpg 135w, https:\/\/lookingforglobaljustice.com\/wp-content\/uploads\/2021\/01\/hedgehog-is-dying-out-we-protect-him-600x400.jpg 600w\" sizes=\"(max-width: 1920px) 100vw, 1920px\" \/><\/div><div class=\"petition-content\"><div class=\"petition-header\"><span class=\"counter bold\" style=\"color:#e9931a;\">1<\/span> haben diese Petition unterschrieben<\/div><div class=\"petition-text\"><h5><a href=\"https:\/\/lookingforglobaljustice.com\/de\/petitionen\/igel\/\">Retten Sie Igel<\/a><\/h5><div class=\"petition-about\">Gemeinsam k\u00f6nnen wir die gef\u00e4hrdeten Gro\u00dfkatzen sch\u00fctzen, diese Art ist jetzt vom Aussterben bedroht. Auf einer H\u00f6he&hellip;<\/div><\/div><!-- end .petition-text  --><div class=\"petition-footer\"><a href=\"https:\/\/lookingforglobaljustice.com\/de\/petitionen\/igel\/#petition_form\" class=\"btn\">Petition unterschreiben <i class=\"fa fa-pencil-square\"><\/i><\/a> | <a href=\"https:\/\/lookingforglobaljustice.com\/de\/petitionen\/igel\/\" class=\"btn\" >Weiterlesen <i class=\"fa fa-mail-forward\"><\/i><\/a> <\/div><\/div><!-- end .petition-content  --><\/div><!--  end .layout_1  --><\/div> <!-- end .bwl_petition_container  --><div class=\"bwl_petition_container col-md-4\"><div class=\"pet_layout_1\"><div class=\"\"><img width=\"1920\" height=\"1280\" src=\"https:\/\/lookingforglobaljustice.com\/wp-content\/uploads\/2021\/01\/bats-are-useful-insect-hunters.jpg\" class=\"attachment-full size-full wp-post-image\" alt=\"\" loading=\"lazy\" srcset=\"https:\/\/lookingforglobaljustice.com\/wp-content\/uploads\/2021\/01\/bats-are-useful-insect-hunters.jpg 1920w, https:\/\/lookingforglobaljustice.com\/wp-content\/uploads\/2021\/01\/bats-are-useful-insect-hunters-300x200.jpg 300w, https:\/\/lookingforglobaljustice.com\/wp-content\/uploads\/2021\/01\/bats-are-useful-insect-hunters-1024x683.jpg 1024w, https:\/\/lookingforglobaljustice.com\/wp-content\/uploads\/2021\/01\/bats-are-useful-insect-hunters-768x512.jpg 768w, https:\/\/lookingforglobaljustice.com\/wp-content\/uploads\/2021\/01\/bats-are-useful-insect-hunters-1536x1024.jpg 1536w, https:\/\/lookingforglobaljustice.com\/wp-content\/uploads\/2021\/01\/bats-are-useful-insect-hunters-645x430.jpg 645w, https:\/\/lookingforglobaljustice.com\/wp-content\/uploads\/2021\/01\/bats-are-useful-insect-hunters-360x240.jpg 360w, https:\/\/lookingforglobaljustice.com\/wp-content\/uploads\/2021\/01\/bats-are-useful-insect-hunters-135x90.jpg 135w, https:\/\/lookingforglobaljustice.com\/wp-content\/uploads\/2021\/01\/bats-are-useful-insect-hunters-600x400.jpg 600w\" sizes=\"(max-width: 1920px) 100vw, 1920px\" \/><\/div><div class=\"petition-content\"><div class=\"petition-header\"><span class=\"counter bold\" style=\"color:#e9931a;\">0<\/span> haben diese Petition unterschrieben<\/div><div class=\"petition-text\"><h5><a href=\"https:\/\/lookingforglobaljustice.com\/de\/petitionen\/fledermaeuse\/\">Retten Sie Flederm\u00e4use<\/a><\/h5><div class=\"petition-about\">Bienen sind ein Wunder der Evolution und f\u00fcr Mensch und Tier unverzichtbar. In unserem Land ist die&hellip;<\/div><\/div><!-- end .petition-text  --><div class=\"petition-footer\"><a href=\"https:\/\/lookingforglobaljustice.com\/de\/petitionen\/fledermaeuse\/#petition_form\" class=\"btn\">Petition unterschreiben <i class=\"fa fa-pencil-square\"><\/i><\/a> | <a href=\"https:\/\/lookingforglobaljustice.com\/de\/petitionen\/fledermaeuse\/\" class=\"btn\" >Weiterlesen <i class=\"fa fa-mail-forward\"><\/i><\/a> <\/div><\/div><!-- end .petition-content  --><\/div><!--  end .layout_1  --><\/div> <!-- end .bwl_petition_container  --><div class=\"bwl_petition_container col-md-4\"><div class=\"pet_layout_1\"><div class=\"\"><img width=\"1920\" height=\"1280\" src=\"https:\/\/lookingforglobaljustice.com\/wp-content\/uploads\/2021\/01\/klimawandel-aussterben-bedrohten-pflanzen.jpg\" class=\"attachment-full size-full wp-post-image\" alt=\"\" loading=\"lazy\" srcset=\"https:\/\/lookingforglobaljustice.com\/wp-content\/uploads\/2021\/01\/klimawandel-aussterben-bedrohten-pflanzen.jpg 1920w, https:\/\/lookingforglobaljustice.com\/wp-content\/uploads\/2021\/01\/klimawandel-aussterben-bedrohten-pflanzen-300x200.jpg 300w, https:\/\/lookingforglobaljustice.com\/wp-content\/uploads\/2021\/01\/klimawandel-aussterben-bedrohten-pflanzen-1024x683.jpg 1024w, https:\/\/lookingforglobaljustice.com\/wp-content\/uploads\/2021\/01\/klimawandel-aussterben-bedrohten-pflanzen-768x512.jpg 768w, https:\/\/lookingforglobaljustice.com\/wp-content\/uploads\/2021\/01\/klimawandel-aussterben-bedrohten-pflanzen-1536x1024.jpg 1536w, https:\/\/lookingforglobaljustice.com\/wp-content\/uploads\/2021\/01\/klimawandel-aussterben-bedrohten-pflanzen-645x430.jpg 645w, https:\/\/lookingforglobaljustice.com\/wp-content\/uploads\/2021\/01\/klimawandel-aussterben-bedrohten-pflanzen-360x240.jpg 360w, https:\/\/lookingforglobaljustice.com\/wp-content\/uploads\/2021\/01\/klimawandel-aussterben-bedrohten-pflanzen-135x90.jpg 135w, https:\/\/lookingforglobaljustice.com\/wp-content\/uploads\/2021\/01\/klimawandel-aussterben-bedrohten-pflanzen-600x400.jpg 600w\" sizes=\"(max-width: 1920px) 100vw, 1920px\" \/><\/div><div class=\"petition-content\"><div class=\"petition-header\"><span class=\"counter bold\" style=\"color:#e9931a;\">1<\/span> haben diese Petition unterschrieben<\/div><div class=\"petition-text\"><h5><a href=\"https:\/\/lookingforglobaljustice.com\/de\/petitionen\/pflanzen-und-natur\/\">Schokoladen-Kosmee<\/a><\/h5><div class=\"petition-about\">Immer mehr Pflanzenarten sind vom Klimawandel oder vom Menschen bedroht. Wir stellen zehn gef\u00e4hrdete Pflanzen, die gesch\u00fctzt&hellip;<\/div><\/div><!-- end .petition-text  --><div class=\"petition-footer\"><a href=\"https:\/\/lookingforglobaljustice.com\/de\/petitionen\/pflanzen-und-natur\/#petition_form\" class=\"btn\">Petition unterschreiben <i class=\"fa fa-pencil-square\"><\/i><\/a> | <a href=\"https:\/\/lookingforglobaljustice.com\/de\/petitionen\/pflanzen-und-natur\/\" class=\"btn\" >Weiterlesen <i class=\"fa fa-mail-forward\"><\/i><\/a> <\/div><\/div><!-- end .petition-content  --><\/div><!--  end .layout_1  --><\/div> <!-- end .bwl_petition_container  --><\/div>[\/vc_column_text][vc_single_image image=&#8221;2753&#8243; img_size=&#8221;full&#8221; alignment=&#8221;center&#8221; onclick=&#8221;custom_link&#8221; link=&#8221;https:\/\/lookingforglobaljustice.com\/de\/kampagnen\/&#8221; el_class=&#8221;btn-pet&#8221;][\/vc_column][\/vc_row][vc_row el_class=&#8221;bg-fixed&#8221; css=&#8221;.vc_custom_1613147190533{padding-top: 150px !important;padding-bottom: 25px !important;background-image: url(https:\/\/lookingforglobaljustice.com\/wp-content\/uploads\/2021\/02\/we-protect-plants-nature-and-animals-and-clean-water.jpg?id=2773) !important;background-position: center !important;background-repeat: no-repeat !important;background-size: cover !important;}&#8221;][vc_column width=&#8221;2\/3&#8243; el_class=&#8221;col-trust&#8221;][vc_column_text css=&#8221;.vc_custom_1613146685268{margin-bottom: 0px !important;padding-top: 20px !important;padding-right: 20px !important;padding-bottom: 50px !important;padding-left: 20px !important;background-color: rgba(27,117,188,0.8) !important;*background-color: rgb(27,117,188) !important;}&#8221; el_class=&#8221;text-white text-headlines-1&#8243;]\n<h4 style=\"text-align: center;\">Es geht nicht nur ums Geld\u2026<\/h4>\n<h3 style=\"text-align: center;\">\u2026es geht darum, Vertrauen aufzubauen, soziale Gerechtigkeit und Fairness zu gew\u00e4hrleisten, insbesondere sorgenfreie Lebensbedingungen zu schaffen, so viel wie es m\u00f6glich ist.<\/h3>\n[\/vc_column_text][\/vc_column][vc_column width=&#8221;1\/3&#8243;][\/vc_column][\/vc_row][vc_row el_class=&#8221;icon-boxes&#8221;][vc_column width=&#8221;1\/4&#8243;][vc_icon icon_fontawesome=&#8221;fas fa-chart-area&#8221; color=&#8221;custom&#8221; background_style=&#8221;rounded-outline&#8221; background_color=&#8221;custom&#8221; size=&#8221;lg&#8221; align=&#8221;center&#8221; custom_color=&#8221;#2f99e7&#8243; custom_background_color=&#8221;#ebebeb&#8221; el_class=&#8221;icon-bg-1&#8243;][vc_column_text]\n<p style=\"text-align: center;\"><strong>Wir sprechen Klartext<\/strong><\/p>\n<p style=\"text-align: center;\">Es geht um eines der wichtigsten Dinge im Leben: \u00a0Um unsere soziale Gesellschaft. Die Bedeutung von Verhalten, verstehen und nachvollziehen ist unserer Idee. Gemeinschaft von Menschen aus der ganzen Welt, rufen Sie Vorschl\u00e4ge und Pr\u00e4ferenzen f\u00fcr bestimmte Hilfsprojekte auf.<\/p>\n[\/vc_column_text][\/vc_column][vc_column width=&#8221;1\/4&#8243;][vc_icon icon_fontawesome=&#8221;fas fa-bullseye&#8221; color=&#8221;custom&#8221; background_style=&#8221;rounded-outline&#8221; background_color=&#8221;custom&#8221; size=&#8221;lg&#8221; align=&#8221;center&#8221; custom_color=&#8221;#2f99e7&#8243; custom_background_color=&#8221;#ebebeb&#8221; el_class=&#8221;icon-bg-1&#8243;][vc_column_text]\n<p style=\"text-align: center;\"><strong>Klarheit und \u00dcberblick mit LOOKING FOR GLOBAL JUSTICE<\/strong><\/p>\n<p style=\"text-align: center;\">Als internationale Hilfsorganisation mit gro\u00dfem Respekt widmen wir uns weltweit der Natur, den Tieren und den Menschen. Durch die st\u00e4ndige Weiterentwicklung der Hilfsorganisation k\u00f6nnen wir pr\u00e4zise bewerten und Chancen flexibel wahrnehmen.<\/p>\n[\/vc_column_text][\/vc_column][vc_column width=&#8221;1\/4&#8243;][vc_icon icon_fontawesome=&#8221;fas fa-users&#8221; color=&#8221;custom&#8221; background_style=&#8221;rounded-outline&#8221; background_color=&#8221;custom&#8221; size=&#8221;lg&#8221; align=&#8221;center&#8221; custom_color=&#8221;#2f99e7&#8243; custom_background_color=&#8221;#ebebeb&#8221; el_class=&#8221;icon-bg-1&#8243;][vc_column_text]\n<p style=\"text-align: center;\"><strong>Entscheidung reiflich \u00fcberlegt<\/strong><\/p>\n<p style=\"text-align: center;\">Am Ende entscheiden immer wir mit unseren Spendern und zeigen offen und transparent alles! Daher sind wir weitgehend daf\u00fcr verantwortlich, die Kampagnen und Spenden durchzuf\u00fchren. Wir bereiten vor, legen offen, warnen, empfehlen, konzipieren und beantworten alle Fragen.<\/p>\n[\/vc_column_text][\/vc_column][vc_column width=&#8221;1\/4&#8243;][vc_icon icon_fontawesome=&#8221;fas fa-puzzle-piece&#8221; color=&#8221;custom&#8221; background_style=&#8221;rounded-outline&#8221; background_color=&#8221;custom&#8221; size=&#8221;lg&#8221; align=&#8221;center&#8221; custom_color=&#8221;#2f99e7&#8243; custom_background_color=&#8221;#ebebeb&#8221; el_class=&#8221;icon-bg-1&#8243;][vc_column_text]\n<p style=\"text-align: center;\"><strong>Alles eine Frage der Identit\u00e4t<\/strong><\/p>\n<p style=\"text-align: center;\">Wir identifizieren uns mit allen, die sich f\u00fcr Wohlt\u00e4tigkeit interessieren, Ihren Vorstellungen und W\u00fcnschen. Dies flie\u00dft in unsere erfolgsorientierten Konzepte und deren Umsetzung ein.<br \/>\nMit unseren unerm\u00fcdlichen Bem\u00fchungen, beharrlich f\u00fchren wir unseren Job durch.<\/p>\n[\/vc_column_text][\/vc_column][\/vc_row][vc_row video_bg=&#8221;yes&#8221; video_bg_url=&#8221;https:\/\/www.youtube.com\/watch?v=mGQEWRJa28s&#8221; el_class=&#8221;bg-fixed&#8221; css=&#8221;.vc_custom_1615559152870{padding-top: 50px !important;padding-bottom: 25px !important;background-color: #ffffff !important;}&#8221;][vc_column][vc_row_inner][vc_column_inner width=&#8221;1\/2&#8243; offset=&#8221;vc_col-lg-offset-3&#8243; css=&#8221;.vc_custom_1613408119191{padding-bottom: 50px !important;background-color: rgba(255,255,255,0.83) !important;*background-color: rgb(255,255,255) !important;}&#8221;][vc_column_text css=&#8221;.vc_custom_1613408112989{margin-bottom: 0px !important;}&#8221;]\n<h4 style=\"text-align: center; margin-bottom: 0;\">Der Weg zum Erfolg einer nachhaltigen Hilfsorganisation<\/h4>\n<h2 style=\"text-align: center; margin-top: 0;\">Die Liebe zur Natur, zu Tieren und Menschen sind unser hoher emotionaler Wert<\/h2>\n<p style=\"text-align: center;\">Pers\u00f6nliche Beratung, Transparenz, eine individuelle Petition und Disziplin sind unsere Grundwerte. Unabh\u00e4ngig von &#8220;gro\u00dfen Projekten&#8221; arbeiten wir mit Institutionen zusammen, um das erfolgreichste Konzept zu ermitteln und realisieren. Unsere professionelle Verwaltung erm\u00f6glicht permanente Auskunft zu Petitionsprojekten.<br \/>\nWir unterst\u00fctzen alle Beteiligten mit fundiertem Fachwissen und Engagement.<\/p>\n[\/vc_column_text][\/vc_column_inner][\/vc_row_inner][\/vc_column][\/vc_row]\n","protected":false},"excerpt":{"rendered":"<p>[vc_row el_class=&#8221;bg-overlay opacity-3&#8243;][vc_column][vc_column_text css=&#8221;.vc_custom_1611591889864{margin-bottom: 0px !important;}&#8221;][\/vc_column_text][\/vc_column][\/vc_row][vc_row el_id=&#8221;about-link&#8221;][vc_column][vc_empty_space height=&#8221;40&#8243;][vc_column_text el_class=&#8221;text-center&#8221; css=&#8221;.vc_custom_1611660654525{margin-bottom: 0px !important;}&#8221;] Unsere Tipps, wie Sie unser Tier und Natur sch\u00fctzen k\u00f6nnen. [\/vc_column_text][vc_icon icon_fontawesome=&#8221;fa fa-gg&#8221; color=&#8221;custom&#8221; size=&#8221;lg&#8221; align=&#8221;center&#8221; css_animation=&#8221;appear&#8221; custom_color=&#8221;#dddddd&#8221; css=&#8221;.vc_custom_1461647655878{margin: 0px !important;padding: 0px !important;}&#8221;][vc_column_text] Unsere Botschaft und Ziel sind mehr Menschlichkeit und Mitgef\u00fchl f\u00fcr&#8230;<\/p>\n","protected":false},"author":1,"featured_media":0,"parent":0,"menu_order":59,"comment_status":"closed","ping_status":"closed","template":"template-homepage.php","meta":[],"_links":{"self":[{"href":"https:\/\/lookingforglobaljustice.com\/de\/wp-json\/wp\/v2\/pages\/624"}],"collection":[{"href":"https:\/\/lookingforglobaljustice.com\/de\/wp-json\/wp\/v2\/pages"}],"about":[{"href":"https:\/\/lookingforglobaljustice.com\/de\/wp-json\/wp\/v2\/types\/page"}],"author":[{"embeddable":true,"href":"https:\/\/lookingforglobaljustice.com\/de\/wp-json\/wp\/v2\/users\/1"}],"replies":[{"embeddable":true,"href":"https:\/\/lookingforglobaljustice.com\/de\/wp-json\/wp\/v2\/comments?post=624"}],"version-history":[{"count":90,"href":"https:\/\/lookingforglobaljustice.com\/de\/wp-json\/wp\/v2\/pages\/624\/revisions"}],"predecessor-version":[{"id":3629,"href":"https:\/\/lookingforglobaljustice.com\/de\/wp-json\/wp\/v2\/pages\/624\/revisions\/3629"}],"wp:attachment":[{"href":"https:\/\/lookingforglobaljustice.com\/de\/wp-json\/wp\/v2\/media?parent=624"}],"curies":[{"name":"wp","href":"https:\/\/api.w.org\/{rel}","templated":true}]}}