{"id":6851,"date":"2022-02-21T16:59:33","date_gmt":"2022-02-21T15:59:33","guid":{"rendered":"https:\/\/lookingforglobaljustice.com\/?page_id=6851"},"modified":"2022-06-22T15:42:27","modified_gmt":"2022-06-22T13:42:27","slug":"gezielte-oder-individuelle-spende","status":"publish","type":"page","link":"https:\/\/lookingforglobaljustice.com\/de\/unterstuetzen-sie-uns\/gezielte-oder-individuelle-spende\/","title":{"rendered":"Gezielte oder individuelle Spende"},"content":{"rendered":"[vc_row][vc_column][vc_column_text]<strong>Spende an Looking for Global Justice<\/strong><\/p>\n<p>Spenden werden ausschlie\u00dflich f\u00fcr wohlt\u00e4tige Zwecke mit h\u00f6chster Sicherheit und Nachvollziehbarkeit verwendet. Zusch\u00fcsse sorgen f\u00fcr Transparenz und den Abschluss von Finanzierungsvertr\u00e4gen.<\/p>\n<p>Damit der Vertrag zustande kommt, bedarf der Vertrag in schriftlicher Form; <strong>einen Mustervertrag finden Sie<\/strong> <a href=\"https:\/\/lookingforglobaljustice.com\/wp-content\/uploads\/2021\/01\/vertrag-eine-schenkung-auch-als-spende-deutsch.pdf\" target=\"_blank\" rel=\"noopener noreferrer\"><strong><em><u>HIER<\/u><\/em><\/strong><\/a>.<\/p>\n<p>Vereinbarungen beider Parteien, alle relevanten Punkte werden schriftlich festgehalten, damit der Vertrag zur zustande kommt.<\/p>\n<p>Die humanit\u00e4re Organisation Looking for Global Justice nimmt Spenden von Spendern freiwillig und unentgeltlich in der angegebenen Form, per Bank\u00fcberweisung oder in sonstiger Form entgegen.<\/p>\n<p>Das Spenderprojekt regelt die Transparenz gem\u00e4\u00df den gesetzlichen Vorschriften.[\/vc_column_text][\/vc_column][\/vc_row]\n","protected":false},"excerpt":{"rendered":"<p>[vc_row][vc_column][vc_column_text]Spende an Looking for Global Justice Spenden werden ausschlie\u00dflich f\u00fcr wohlt\u00e4tige Zwecke mit h\u00f6chster Sicherheit und Nachvollziehbarkeit verwendet. Zusch\u00fcsse sorgen f\u00fcr Transparenz und den Abschluss von Finanzierungsvertr\u00e4gen. Damit der Vertrag zustande kommt, bedarf der Vertrag in schriftlicher Form; einen Mustervertrag finden Sie HIER. Vereinbarungen beider&#8230;<\/p>\n","protected":false},"author":1,"featured_media":2818,"parent":1444,"menu_order":103,"comment_status":"closed","ping_status":"closed","template":"","meta":[],"_links":{"self":[{"href":"https:\/\/lookingforglobaljustice.com\/de\/wp-json\/wp\/v2\/pages\/6851"}],"collection":[{"href":"https:\/\/lookingforglobaljustice.com\/de\/wp-json\/wp\/v2\/pages"}],"about":[{"href":"https:\/\/lookingforglobaljustice.com\/de\/wp-json\/wp\/v2\/types\/page"}],"author":[{"embeddable":true,"href":"https:\/\/lookingforglobaljustice.com\/de\/wp-json\/wp\/v2\/users\/1"}],"replies":[{"embeddable":true,"href":"https:\/\/lookingforglobaljustice.com\/de\/wp-json\/wp\/v2\/comments?post=6851"}],"version-history":[{"count":6,"href":"https:\/\/lookingforglobaljustice.com\/de\/wp-json\/wp\/v2\/pages\/6851\/revisions"}],"predecessor-version":[{"id":6905,"href":"https:\/\/lookingforglobaljustice.com\/de\/wp-json\/wp\/v2\/pages\/6851\/revisions\/6905"}],"up":[{"embeddable":true,"href":"https:\/\/lookingforglobaljustice.com\/de\/wp-json\/wp\/v2\/pages\/1444"}],"wp:featuredmedia":[{"embeddable":true,"href":"https:\/\/lookingforglobaljustice.com\/de\/wp-json\/wp\/v2\/media\/2818"}],"wp:attachment":[{"href":"https:\/\/lookingforglobaljustice.com\/de\/wp-json\/wp\/v2\/media?parent=6851"}],"curies":[{"name":"wp","href":"https:\/\/api.w.org\/{rel}","templated":true}]}}