{"id":708,"date":"2016-04-29T08:11:20","date_gmt":"2016-04-29T08:11:20","guid":{"rendered":"http:\/\/wp.bwlthemes.com\/appeal_wp\/?page_id=708"},"modified":"2023-03-24T13:06:22","modified_gmt":"2023-03-24T12:06:22","slug":"kontakt","status":"publish","type":"page","link":"https:\/\/lookingforglobaljustice.com\/de\/kontakt\/","title":{"rendered":"Kontakt"},"content":{"rendered":"[vc_row css=&#8221;.vc_custom_1611672651005{background-image: url(https:\/\/lookingforglobaljustice.com\/wp-content\/uploads\/2021\/01\/natur-und-landschaftsschutz-1.jpg?id=2285) !important;background-position: center !important;background-repeat: no-repeat !important;background-size: cover !important;}&#8221; el_class=&#8221;bg-overlay opacity-2&#8243;][vc_column][vc_empty_space height=&#8221;200&#8243;][vc_column_text el_class=&#8221;text-center&#8221;]\n<h2 class=\"text-white\">Den Kontakt halten<\/h2>\n<h5 class=\"color-text158 text-white\">Wer m\u00f6chte mit uns zusammenarbeiten, um Natur, Tieren und Menschen zu helfen?<\/h5>\n[\/vc_column_text][vc_empty_space height=&#8221;150&#8243;][\/vc_column][\/vc_row][vc_row][vc_column][vc_empty_space height=&#8221;70&#8243;][\/vc_column][\/vc_row][vc_row][vc_column][vc_row_inner][vc_column_inner][vc_column_text el_class=&#8221;text-center&#8221; css=&#8221;.vc_custom_1611838274640{margin-bottom: 10px !important;}&#8221;]\n<h2>Kontakt Aufnehmen<\/h2>\n[\/vc_column_text][vc_separator color=&#8221;custom&#8221; style=&#8221;double&#8221; el_width=&#8221;20&#8243; accent_color=&#8221;#ff8141&#8243;][vc_column_text el_class=&#8221;text-center&#8221; css=&#8221;.vc_custom_1679659577331{margin-top: 0px !important;}&#8221;]Zug\u00e4nglichkeit, Transparenz und die Ber\u00fccksichtigung von Feedback erm\u00f6glichen es uns, besser auf Ihre Bed\u00fcrfnisse und Herausforderungen in unserem Bereich einzugehen und gemeinsam ein besseres individuelles Umfeld zu schaffen.<br \/>\nIhre Anliegen in den Bereichen LOOKING FOR GLOBAL JUSTICE, Service und Support k\u00f6nnen am besten per E-Mail erkl\u00e4rt werden.<br \/>\nWir unterst\u00fctzen Sie gerne und freuen uns, von Ihnen per E-Mail zu h\u00f6ren. Sie k\u00f6nnen E-Mails direkt in <em><u><a href=\"mailto:info@lookingforglobaljustice.com\"> Outlook<\/a><\/u><\/em> oder \u00fcber das folgende Formular schreiben.[\/vc_column_text]<div role=\"form\" class=\"wpcf7\" id=\"wpcf7-f1383-o1\" lang=\"en-US\" dir=\"ltr\">\n<div class=\"screen-reader-response\"><p role=\"status\" aria-live=\"polite\" aria-atomic=\"true\"><\/p> <ul><\/ul><\/div>\n<form action=\"\/de\/wp-json\/wp\/v2\/pages\/708#wpcf7-f1383-o1\" method=\"post\" class=\"wpcf7-form init\" novalidate=\"novalidate\" data-status=\"init\">\n<div style=\"display: none;\">\n<input type=\"hidden\" name=\"_wpcf7\" value=\"1383\" \/>\n<input type=\"hidden\" name=\"_wpcf7_version\" value=\"5.3.2\" \/>\n<input type=\"hidden\" name=\"_wpcf7_locale\" value=\"en_US\" \/>\n<input type=\"hidden\" name=\"_wpcf7_unit_tag\" value=\"wpcf7-f1383-o1\" \/>\n<input type=\"hidden\" name=\"_wpcf7_container_post\" value=\"0\" \/>\n<input type=\"hidden\" name=\"_wpcf7_posted_data_hash\" value=\"\" \/>\n<input type=\"hidden\" name=\"_wpcf7_recaptcha_response\" value=\"\" \/>\n<\/div>\n<div class=\"contact-form\">\n<div class=\"row\">\n<div class=\"col-md-6\">\n          <span class=\"wpcf7-form-control-wrap land\"><select name=\"land\" class=\"wpcf7-form-control wpcf7-select\" aria-invalid=\"false\"><option value=\"\">W\u00e4hlen Sie das Land, aus dem Sie kommen<\/option><option value=\"Afghanistan\">Afghanistan<\/option><option value=\"\u00c5landinseln\">\u00c5landinseln<\/option><option value=\"Albanien\">Albanien<\/option><option value=\"Algerien\">Algerien<\/option><option value=\"Amerikanischen Samoa-Inseln\">Amerikanischen Samoa-Inseln<\/option><option value=\"Andorra\">Andorra<\/option><option value=\"Angola\">Angola<\/option><option value=\"Anguilla\">Anguilla<\/option><option value=\"Antarktis\">Antarktis<\/option><option value=\"Antigua und Barbuda\">Antigua und Barbuda<\/option><option value=\"Argentinien\">Argentinien<\/option><option value=\"Armenien\">Armenien<\/option><option value=\"Aruba\">Aruba<\/option><option value=\"Australien\">Australien<\/option><option value=\"\u00d6sterreich\">\u00d6sterreich<\/option><option value=\"Aserbaidschan\">Aserbaidschan<\/option><option value=\"Bahamas\">Bahamas<\/option><option value=\"Bahrain\">Bahrain<\/option><option value=\"Bangladesch\">Bangladesch<\/option><option value=\"Barbados\">Barbados<\/option><option value=\"Wei\u00dfrussland\">Wei\u00dfrussland<\/option><option value=\"Belgien\">Belgien<\/option><option value=\"Belau\">Belau<\/option><option value=\"Belize\">Belize<\/option><option value=\"Benin\">Benin<\/option><option value=\"Bermuda\">Bermuda<\/option><option value=\"Bhutan\">Bhutan<\/option><option value=\"Bolivien\">Bolivien<\/option><option value=\"Bonaire, Saint Eustatius und Saba\">Bonaire, Saint Eustatius und Saba<\/option><option value=\"Bosnien und Herzegowina\">Bosnien und Herzegowina<\/option><option value=\"Botswana\">Botswana<\/option><option value=\"Bouvet Island\">Bouvet Island<\/option><option value=\"Brasilien\">Brasilien<\/option><option value=\"Britisches Territorium des Indischen Ozeans\">Britisches Territorium des Indischen Ozeans<\/option><option value=\"Brunei\">Brunei<\/option><option value=\"Bulgarien\">Bulgarien<\/option><option value=\"Burkina Faso\">Burkina Faso<\/option><option value=\"Burundi\">Burundi<\/option><option value=\"Kambodscha\">Kambodscha<\/option><option value=\"Kamerun\">Kamerun<\/option><option value=\"Kanada\">Kanada<\/option><option value=\"Kap Verde\">Kap Verde<\/option><option value=\"Cayman Inseln\">Cayman Inseln<\/option><option value=\"Zentralafrikanische Republik\">Zentralafrikanische Republik<\/option><option value=\"Tschad\">Tschad<\/option><option value=\"Chile\">Chile<\/option><option value=\"China\">China<\/option><option value=\"Weihnachtsinsel\">Weihnachtsinsel<\/option><option value=\"Kokosinseln (Keelinginseln)\">Kokosinseln (Keelinginseln)<\/option><option value=\"Kolumbien\">Kolumbien<\/option><option value=\"Komoren\">Komoren<\/option><option value=\"Kongo (Brazzaville)\">Kongo (Brazzaville)<\/option><option value=\"Kongo (Kinshasa)\">Kongo (Kinshasa)<\/option><option value=\"Cookinseln\">Cookinseln<\/option><option value=\"Costa Rica\">Costa Rica<\/option><option value=\"Kroatien\">Kroatien<\/option><option value=\"Kuba\">Kuba<\/option><option value=\"Cura &amp; ccedil; ao\">Cura &amp; ccedil; ao<\/option><option value=\"Zypern\">Zypern<\/option><option value=\"Tschechien\">Tschechien<\/option><option value=\"D\u00e4nemark\">D\u00e4nemark<\/option><option value=\"Dschibuti\">Dschibuti<\/option><option value=\"Dominica\">Dominica<\/option><option value=\"Dominikanische Republik\">Dominikanische Republik<\/option><option value=\"Ecuador\">Ecuador<\/option><option value=\"\u00c4gypten\">\u00c4gypten<\/option><option value=\"El Salvador\">El Salvador<\/option><option value=\"\u00c4quatorialguinea\">\u00c4quatorialguinea<\/option><option value=\"Eritrea\">Eritrea<\/option><option value=\"Estland\">Estland<\/option><option value=\"\u00c4thiopien\">\u00c4thiopien<\/option><option value=\"Falkland Inseln\">Falkland Inseln<\/option><option value=\"F\u00e4r\u00f6er Inseln\">F\u00e4r\u00f6er Inseln<\/option><option value=\"Fidschi\">Fidschi<\/option><option value=\"Finnland\">Finnland<\/option><option value=\"Frankreich\">Frankreich<\/option><option value=\"Franz\u00f6sisch-Guayana\">Franz\u00f6sisch-Guayana<\/option><option value=\"Franz\u00f6sisch Polynesien\">Franz\u00f6sisch Polynesien<\/option><option value=\"S\u00fcdfranz\u00f6sische Territorien\">S\u00fcdfranz\u00f6sische Territorien<\/option><option value=\"Gabun\">Gabun<\/option><option value=\"Gambia\">Gambia<\/option><option value=\"Georgia\">Georgia<\/option><option value=\"Deutschland\">Deutschland<\/option><option value=\"Ghana\">Ghana<\/option><option value=\"Gibraltar\">Gibraltar<\/option><option value=\"Griechenland\">Griechenland<\/option><option value=\"Gr\u00f6nland\">Gr\u00f6nland<\/option><option value=\"Grenada\">Grenada<\/option><option value=\"Guadeloupe\">Guadeloupe<\/option><option value=\"Guam\">Guam<\/option><option value=\"Guatemala\">Guatemala<\/option><option value=\"Guernsey\">Guernsey<\/option><option value=\"Guinea\">Guinea<\/option><option value=\"Guinea-Bissau\">Guinea-Bissau<\/option><option value=\"Guyana\">Guyana<\/option><option value=\"Haiti\">Haiti<\/option><option value=\"Heard Island und McDonald Islands\">Heard Island und McDonald Islands<\/option><option value=\"Honduras\">Honduras<\/option><option value=\"Hongkong\">Hongkong<\/option><option value=\"Ungarn\">Ungarn<\/option><option value=\"Island\">Island<\/option><option value=\"Indien\">Indien<\/option><option value=\"Indonesien\">Indonesien<\/option><option value=\"Iran\">Iran<\/option><option value=\"Irak\">Irak<\/option><option value=\"Irland\">Irland<\/option><option value=\"Isle of Man\">Isle of Man<\/option><option value=\"Israel\">Israel<\/option><option value=\"Italien\">Italien<\/option><option value=\"Elfenbeink\u00fcste\">Elfenbeink\u00fcste<\/option><option value=\"Jamaika\">Jamaika<\/option><option value=\"Japan\">Japan<\/option><option value=\"Jersey\">Jersey<\/option><option value=\"Jordanien\">Jordanien<\/option><option value=\"Kasachstan\">Kasachstan<\/option><option value=\"Kenia\">Kenia<\/option><option value=\"Kiribati\">Kiribati<\/option><option value=\"Kuwait\">Kuwait<\/option><option value=\"Kirgisistan\">Kirgisistan<\/option><option value=\"Laos\">Laos<\/option><option value=\"Lettland\">Lettland<\/option><option value=\"Libanon\">Libanon<\/option><option value=\"Lesotho\">Lesotho<\/option><option value=\"Liberia\">Liberia<\/option><option value=\"Libyen\">Libyen<\/option><option value=\"Liechtenstein\">Liechtenstein<\/option><option value=\"Litauen\">Litauen<\/option><option value=\"Luxemburg\">Luxemburg<\/option><option value=\"Macao\">Macao<\/option><option value=\"Nordmakedonien\">Nordmakedonien<\/option><option value=\"Madagaskar\">Madagaskar<\/option><option value=\"Malawi\">Malawi<\/option><option value=\"Malaysia\">Malaysia<\/option><option value=\"Malediven\">Malediven<\/option><option value=\"Mali\">Mali<\/option><option value=\"Malta\">Malta<\/option><option value=\"Marshallinseln\">Marshallinseln<\/option><option value=\"Martinique\">Martinique<\/option><option value=\"Mauretanien\">Mauretanien<\/option><option value=\"Mauritius\">Mauritius<\/option><option value=\"Mayotte\">Mayotte<\/option><option value=\"Mexiko\">Mexiko<\/option><option value=\"Mikronesien\">Mikronesien<\/option><option value=\"Moldawien\">Moldawien<\/option><option value=\"Monaco\">Monaco<\/option><option value=\"Mongolei\">Mongolei<\/option><option value=\"Montenegro\">Montenegro<\/option><option value=\"Montserrat\">Montserrat<\/option><option value=\"Marokko\">Marokko<\/option><option value=\"Mosambik\">Mosambik<\/option><option value=\"Myanmar\">Myanmar<\/option><option value=\"Namibia\">Namibia<\/option><option value=\"Nauru\">Nauru<\/option><option value=\"Nepal\">Nepal<\/option><option value=\"Niederlande\">Niederlande<\/option><option value=\"Neu-Kaledonien\">Neu-Kaledonien<\/option><option value=\"Neuseeland\">Neuseeland<\/option><option value=\"Nicaragua\">Nicaragua<\/option><option value=\"Niger\">Niger<\/option><option value=\"Nigeria\">Nigeria<\/option><option value=\"Niue\">Niue<\/option><option value=\"Norfolkinsel\">Norfolkinsel<\/option><option value=\"N\u00f6rdliche Marianneninseln\">N\u00f6rdliche Marianneninseln<\/option><option value=\"Nord Korea\">Nord Korea<\/option><option value=\"Norwegen\">Norwegen<\/option><option value=\"Oman\">Oman<\/option><option value=\"Pakistan\">Pakistan<\/option><option value=\"Pal\u00e4stinensisches Gebiet\">Pal\u00e4stinensisches Gebiet<\/option><option value=\"Panama\">Panama<\/option><option value=\"Papua Neu-Guinea\">Papua Neu-Guinea<\/option><option value=\"Paraguay\">Paraguay<\/option><option value=\"Peru\">Peru<\/option><option value=\"Philippinen\">Philippinen<\/option><option value=\"Pitcairn\">Pitcairn<\/option><option value=\"Polen\">Polen<\/option><option value=\"Portugal\">Portugal<\/option><option value=\"Puerto Rico\">Puerto Rico<\/option><option value=\"Katar\">Katar<\/option><option value=\"Wiedervereinigung\">Wiedervereinigung<\/option><option value=\"Rum\u00e4nien\">Rum\u00e4nien<\/option><option value=\"Russland\">Russland<\/option><option value=\"Ruanda\">Ruanda<\/option><option value=\"Saint Barth &amp; eacute; lemy\">Saint Barth &amp; eacute; lemy<\/option><option value=\"Heilige Helena\">Heilige Helena<\/option><option value=\"St. Kitts und Nevis\">St. Kitts und Nevis<\/option><option value=\"St. Lucia\">St. Lucia<\/option><option value=\"Saint Martin (franz\u00f6sischer Teil)\">Saint Martin (franz\u00f6sischer Teil)<\/option><option value=\"Saint Martin (niederl\u00e4ndischer Teil)\">Saint Martin (niederl\u00e4ndischer Teil)<\/option><option value=\"Saint Pierre und Miquelon\">Saint Pierre und Miquelon<\/option><option value=\"St. Vincent und die Grenadinen\">St. Vincent und die Grenadinen<\/option><option value=\"San Marino\">San Marino<\/option><option value=\"S &amp; atilde; o Tom &amp; eacute; und Pr &amp; iacute; ncipe\">S &amp; atilde; o Tom &amp; eacute; und Pr &amp; iacute; ncipe<\/option><option value=\"Saudi Arabien\">Saudi Arabien<\/option><option value=\"Senegal\">Senegal<\/option><option value=\"Serbien\">Serbien<\/option><option value=\"Seychellen\">Seychellen<\/option><option value=\"Sierra Leone\">Sierra Leone<\/option><option value=\"Singapur\">Singapur<\/option><option value=\"Slowakei\">Slowakei<\/option><option value=\"Slowenien\">Slowenien<\/option><option value=\"Salomon-Inseln\">Salomon-Inseln<\/option><option value=\"Somalia\">Somalia<\/option><option value=\"S\u00fcdafrika\">S\u00fcdafrika<\/option><option value=\"S\u00fcdgeorgien \/ Sandwichinseln\">S\u00fcdgeorgien \/ Sandwichinseln<\/option><option value=\"S\u00fcdkorea\">S\u00fcdkorea<\/option><option value=\"S\u00fcdsudan\">S\u00fcdsudan<\/option><option value=\"Spanien\">Spanien<\/option><option value=\"Sri Lanka\">Sri Lanka<\/option><option value=\"Sudan\">Sudan<\/option><option value=\"Suriname\">Suriname<\/option><option value=\"Spitzbergen und Jan Mayen\">Spitzbergen und Jan Mayen<\/option><option value=\"Swasiland\">Swasiland<\/option><option value=\"Schweden\">Schweden<\/option><option value=\"Schweiz\">Schweiz<\/option><option value=\"Syrien\">Syrien<\/option><option value=\"Taiwan\">Taiwan<\/option><option value=\"Tadschikistan\">Tadschikistan<\/option><option value=\"Tansania\">Tansania<\/option><option value=\"Thailand\">Thailand<\/option><option value=\"Timor-Leste\">Timor-Leste<\/option><option value=\"Gehen\">Gehen<\/option><option value=\"Tokelau\">Tokelau<\/option><option value=\"Tonga\">Tonga<\/option><option value=\"Trinidad und Tobago\">Trinidad und Tobago<\/option><option value=\"Tunesien\">Tunesien<\/option><option value=\"Truthahn\">Truthahn<\/option><option value=\"Turkmenistan\">Turkmenistan<\/option><option value=\"Turks- und Caicosinseln\">Turks- und Caicosinseln<\/option><option value=\"Tuvalu\">Tuvalu<\/option><option value=\"Uganda\">Uganda<\/option><option value=\"Ukraine\">Ukraine<\/option><option value=\"Vereinigte Arabische Emirate\">Vereinigte Arabische Emirate<\/option><option value=\"Vereinigtes K\u00f6nigreich (UK)\">Vereinigtes K\u00f6nigreich (UK)<\/option><option value=\"Vereinigte Staaten (US)\">Vereinigte Staaten (US)<\/option><option value=\"Kleinere abgelegene Inseln der Vereinigten Staaten (USA)\">Kleinere abgelegene Inseln der Vereinigten Staaten (USA)<\/option><option value=\"Uruguay\">Uruguay<\/option><option value=\"Usbekistan\">Usbekistan<\/option><option value=\"Vanuatu\">Vanuatu<\/option><option value=\"Vatikan\">Vatikan<\/option><option value=\"Venezuela\">Venezuela<\/option><option value=\"Vietnam\">Vietnam<\/option><option value=\"Virgin Inseln, Britisch)\">Virgin Inseln, Britisch)<\/option><option value=\"Jungferninseln (USA)\">Jungferninseln (USA)<\/option><option value=\"Wallis und Futuna\">Wallis und Futuna<\/option><option value=\"Westsahara\">Westsahara<\/option><option value=\"Samoa\">Samoa<\/option><option value=\"Jemen\">Jemen<\/option><option value=\"Sambia\">Sambia<\/option><option value=\"Zimbabwe\">Zimbabwe<\/option><\/select><\/span>\n    <\/div>\n<div class=\"col-md-6\">\n        <span class=\"wpcf7-form-control-wrap anliegen\"><select name=\"anliegen\" class=\"wpcf7-form-control wpcf7-select\" aria-invalid=\"false\"><option value=\"\">Ihre Anliegen<\/option><option value=\"Mitglied werden\">Mitglied werden<\/option><option value=\"Spenden\">Spenden<\/option><option value=\"Legate &amp; Erbschaft\">Legate &amp; Erbschaft<\/option><option value=\"Kampagnen\">Kampagnen<\/option><option value=\"Projektstatus\">Projektstatus<\/option><option value=\"Ihr Engagement\">Ihr Engagement<\/option><option value=\"Medien\">Medien<\/option><option value=\"FAQ\">FAQ<\/option><\/select><\/span>\n    <\/div><\/div>\n<div class=\"row\">\n<div class=\"col-md-6\">\n          <span class=\"wpcf7-form-control-wrap your-name\"><input type=\"text\" name=\"your-name\" value=\"\" size=\"40\" class=\"wpcf7-form-control wpcf7-text wpcf7-validates-as-required\" aria-required=\"true\" aria-invalid=\"false\" placeholder=\"Name und Nachname *\" \/><\/span>\n    <\/div>\n<div class=\"col-md-6\">\n       <span class=\"wpcf7-form-control-wrap firma\"><input type=\"text\" name=\"firma\" value=\"\" size=\"40\" class=\"wpcf7-form-control wpcf7-text\" aria-invalid=\"false\" placeholder=\"Firma\" \/><\/span>\n    <\/div><\/div>\n<div class=\"row\">\n<div class=\"col-md-6\">\n          <span class=\"wpcf7-form-control-wrap strasse\"><input type=\"text\" name=\"strasse\" value=\"\" size=\"40\" class=\"wpcf7-form-control wpcf7-text wpcf7-validates-as-required\" aria-required=\"true\" aria-invalid=\"false\" placeholder=\"Strasse *\" \/><\/span>\n    <\/div>\n<div class=\"col-md-6\">\n       <span class=\"wpcf7-form-control-wrap plz-ort\"><input type=\"text\" name=\"plz-ort\" value=\"\" size=\"40\" class=\"wpcf7-form-control wpcf7-text wpcf7-validates-as-required\" aria-required=\"true\" aria-invalid=\"false\" placeholder=\"PLZ, Ort *\" \/><\/span>\n    <\/div><\/div>\n<div class=\"row\">\n<div class=\"col-md-6\">\n          <span class=\"wpcf7-form-control-wrap phone\"><input type=\"text\" name=\"phone\" value=\"\" size=\"40\" class=\"wpcf7-form-control wpcf7-text wpcf7-validates-as-required\" aria-required=\"true\" aria-invalid=\"false\" placeholder=\"Telefon *\" \/><\/span>\n    <\/div>\n<div class=\"col-md-6\">\n       <span class=\"wpcf7-form-control-wrap mobile\"><input type=\"text\" name=\"mobile\" value=\"\" size=\"40\" class=\"wpcf7-form-control wpcf7-text\" aria-invalid=\"false\" placeholder=\"Mobile\" \/><\/span>\n    <\/div><\/div>\n<div class=\"row\">\n<div class=\"col-md-6\">\n          <span class=\"wpcf7-form-control-wrap fax\"><input type=\"text\" name=\"fax\" value=\"\" size=\"40\" class=\"wpcf7-form-control wpcf7-text\" aria-invalid=\"false\" placeholder=\"Fax\" \/><\/span>\n    <\/div>\n<div class=\"col-md-6\">\n       <span class=\"wpcf7-form-control-wrap your-email\"><input type=\"email\" name=\"your-email\" value=\"\" size=\"40\" class=\"wpcf7-form-control wpcf7-text wpcf7-email wpcf7-validates-as-required wpcf7-validates-as-email\" aria-required=\"true\" aria-invalid=\"false\" placeholder=\"E-Mail-Adresse *\" \/><\/span>\n    <\/div><\/div>\n<div class=\"row\">\n<div class=\"col-md-12\">\n          <span class=\"wpcf7-form-control-wrap bemerkungen\"><textarea name=\"bemerkungen\" cols=\"40\" rows=\"10\" class=\"wpcf7-form-control wpcf7-textarea\" aria-invalid=\"false\" placeholder=\"Bemerkungen\"><\/textarea><\/span>\n    <\/div><\/div>\n<div class=\"row\">\n<div class=\"col-md-12\">\n          <label for=\"datenschutz\"><span class=\"wpcf7-form-control-wrap datenschutz\"><span class=\"wpcf7-form-control wpcf7-acceptance\"><span class=\"wpcf7-list-item\"><input type=\"checkbox\" name=\"datenschutz\" value=\"1\" aria-invalid=\"false\" id=\"datenschutz\" \/><\/span><\/span><\/span><span id=\"schutz-text\" style=\"margin-left:10px;\">Ich habe die <a href=\"https:\/\/lookingforglobaljustice.com\/de\/datenschutz\/\" target=\"_blank\" style=\"color:#01529e!important;\">Datenschutzerkl\u00e4rung<\/a>  gelesen und akzeptiert<span style=\"color:red;\">*<\/span><\/span><\/label>\n    <\/div><\/div>\n<div class=\"row\">\n<div class=\"col-md-12\">\n          <input type=\"submit\" value=\"Absenden\" class=\"wpcf7-form-control wpcf7-submit\" \/>\n    <\/div><\/div>\n<\/div>\n<div class=\"wpcf7-response-output\" aria-hidden=\"true\"><\/div><\/form><\/div>[\/vc_column_inner][\/vc_row_inner][\/vc_column][\/vc_row][vc_row][vc_column][vc_empty_space height=&#8221;70&#8243;][\/vc_column][\/vc_row]\n","protected":false},"excerpt":{"rendered":"<p>[vc_row css=&#8221;.vc_custom_1611672651005{background-image: url(https:\/\/lookingforglobaljustice.com\/wp-content\/uploads\/2021\/01\/natur-und-landschaftsschutz-1.jpg?id=2285) !important;background-position: center !important;background-repeat: no-repeat !important;background-size: cover !important;}&#8221; el_class=&#8221;bg-overlay opacity-2&#8243;][vc_column][vc_empty_space height=&#8221;200&#8243;][vc_column_text el_class=&#8221;text-center&#8221;] Den Kontakt halten Wer m\u00f6chte mit uns zusammenarbeiten, um Natur, Tieren und Menschen zu helfen? [\/vc_column_text][vc_empty_space height=&#8221;150&#8243;][\/vc_column][\/vc_row][vc_row][vc_column][vc_empty_space height=&#8221;70&#8243;][\/vc_column][\/vc_row][vc_row][vc_column][vc_row_inner][vc_column_inner][vc_column_text el_class=&#8221;text-center&#8221; css=&#8221;.vc_custom_1611838274640{margin-bottom: 10px !important;}&#8221;] Kontakt Aufnehmen [\/vc_column_text][vc_separator color=&#8221;custom&#8221; style=&#8221;double&#8221; el_width=&#8221;20&#8243; accent_color=&#8221;#ff8141&#8243;][vc_column_text el_class=&#8221;text-center&#8221; css=&#8221;.vc_custom_1679659577331{margin-top:&#8230;<\/p>\n","protected":false},"author":1,"featured_media":0,"parent":0,"menu_order":50,"comment_status":"closed","ping_status":"closed","template":"template-homepage.php","meta":[],"_links":{"self":[{"href":"https:\/\/lookingforglobaljustice.com\/de\/wp-json\/wp\/v2\/pages\/708"}],"collection":[{"href":"https:\/\/lookingforglobaljustice.com\/de\/wp-json\/wp\/v2\/pages"}],"about":[{"href":"https:\/\/lookingforglobaljustice.com\/de\/wp-json\/wp\/v2\/types\/page"}],"author":[{"embeddable":true,"href":"https:\/\/lookingforglobaljustice.com\/de\/wp-json\/wp\/v2\/users\/1"}],"replies":[{"embeddable":true,"href":"https:\/\/lookingforglobaljustice.com\/de\/wp-json\/wp\/v2\/comments?post=708"}],"version-history":[{"count":19,"href":"https:\/\/lookingforglobaljustice.com\/de\/wp-json\/wp\/v2\/pages\/708\/revisions"}],"predecessor-version":[{"id":6991,"href":"https:\/\/lookingforglobaljustice.com\/de\/wp-json\/wp\/v2\/pages\/708\/revisions\/6991"}],"wp:attachment":[{"href":"https:\/\/lookingforglobaljustice.com\/de\/wp-json\/wp\/v2\/media?parent=708"}],"curies":[{"name":"wp","href":"https:\/\/api.w.org\/{rel}","templated":true}]}}